{"id":96,"date":"2020-05-09T11:01:29","date_gmt":"2020-05-09T14:01:29","guid":{"rendered":"http:\/\/cachoeiradoc.com.br\/festivalimpossivel\/?page_id=96"},"modified":"2020-05-20T09:20:21","modified_gmt":"2020-05-20T12:20:21","slug":"curadoria","status":"publish","type":"page","link":"https:\/\/cachoeiradoc.com.br\/festivalimpossivel\/curadoria\/","title":{"rendered":"Curadoria"},"content":{"rendered":"\n<p><strong>Evelyn Sacramento<\/strong><\/p>\n\n\n\n<figure class=\"wp-block-image\"><img src=\"http:\/\/www.cachoeiradoc.com.br\/2020\/wp-content\/uploads\/2020\/02\/EVELYN.png\" alt=\"\" class=\"wp-image-417\"\/><figcaption>Mestre pelo Programa Multidisciplinar de P\u00f3s-Gradua\u00e7\u00e3o em Estudos \u00c9tnicos e Africanos da Universidade Federal da Bahia (UFBA), possui gradua\u00e7\u00e3o em Cinema e Audiovisual pela Universidade Federal do Rec\u00f4ncavo da Bahia (UFRB). No cinema, realizou trabalhos como diretora de arte e figurino. Atuou como curadora da mostra\u00a0<em>Cine Tela Preta\u00a0<\/em>(BA), idealizada pelo coletivo Tela Preta, grupo do qual faz parte desde 2013. \u00c9 co-fundadora do projeto\u00a0<em>Lendo Mulheres Negras<\/em>, que evidencia a produ\u00e7\u00e3o liter\u00e1ria de autoras negras.<\/figcaption><\/figure>\n\n\n\n<p><strong>Fabio Rodrigues<\/strong><\/p>\n\n\n\n<figure class=\"wp-block-image\"><img src=\"http:\/\/www.cachoeiradoc.com.br\/2020\/wp-content\/uploads\/2020\/02\/FABIO.png\" alt=\"\" class=\"wp-image-418\"\/><figcaption>\u00c9 mestrando no programa de Comunica\u00e7\u00e3o da Universidade Federal de Minas Gerais (UFMG). Graduou-se tamb\u00e9m em Comunica\u00e7\u00e3o na Universidade Federal do Rec\u00f4ncavo da Bahia (UFRB), onde foi participante e coordenador do&nbsp;<em>Cineclube M\u00e1rio Gusm\u00e3o<\/em>. Atua em curadoria e programa\u00e7\u00e3o em cinema, integrando as comiss\u00f5es de sele\u00e7\u00e3o de festivais, mostras de filmes e laborat\u00f3rios. Em 2017, foi j\u00fari-jovem do CachoeiraDoc.<\/figcaption><\/figure>\n\n\n\n<p><strong>K\u00eania Freitas<\/strong><\/p>\n\n\n\n<figure class=\"wp-block-image\"><img src=\"http:\/\/www.cachoeiradoc.com.br\/2020\/wp-content\/uploads\/2020\/02\/KENIA.png\" alt=\"\" class=\"wp-image-419\"\/><figcaption>Professora, cr\u00edtica e curadora de cinema, \u00e9 pesquisadora de Afrofuturismo e Cinema Negro. P\u00f3s-doutoranda em Comunica\u00e7\u00e3o pela Universidade Estadual Paulista (UNESP). J\u00e1 atuou como curadora em mostras, a exemplo de\u00a0<em>Afrofuturismo: cinema e m\u00fasica em uma di\u00e1spora intergal\u00e1ctica<\/em>\u00a0(Caixa Belas Artes\/SP),\u00a0<em>A Magia da Mulher Negra<\/em>\u00a0(Sesc Belenzinho\/SP, 2017) e\u00a0<em>Diretoras Negras no Cinema Brasileiro<\/em>\u00a0(Caixa Cultural Bras\u00edlia e RJ, 2017, Sesc Minas, 2018). Sua produ\u00e7\u00e3o cr\u00edtica pode ser encontrada no site Multiplot!. \u00c9 integrante do\u00a0<em>Elviras \u2013 Coletivo de Mulheres Cr\u00edticas de Cinema<\/em>.<\/figcaption><\/figure>\n\n\n\n<p><strong>Patr\u00edcia Mour\u00e3o&nbsp;<\/strong><\/p>\n\n\n\n<figure class=\"wp-block-image\"><img src=\"http:\/\/www.cachoeiradoc.com.br\/2020\/wp-content\/uploads\/2020\/02\/PATRICIA.png\" alt=\"\" class=\"wp-image-424\"\/><figcaption>P\u00f3s-doutoranda no departamento de Artes Visuais da Universidade de S\u00e3o Paulo (USP). Tem doutorado em cinema pela mesma institui\u00e7\u00e3o. Tem programado sess\u00f5es de filmes de artistas na S<em>emana dos Realizadores<\/em>, no Rio de Janeiro. J\u00e1 programou mostras de cinema, como&nbsp;<em>Docs Kingdom \u2013 Semin\u00e1rio Internacional sobre Cinema Documental<\/em>, em Arcos do Valdevez (Portugal), e&nbsp;<em>Harun Farocki: por uma politiza\u00e7\u00e3o do olhar<\/em>&nbsp;(Cinemateca Brasileira, 2010). Organizou e co-organizou publica\u00e7\u00f5es sobre cinema, tamb\u00e9m atua como professora.<\/figcaption><\/figure>\n\n\n\n<p><strong>Ramayana Lira<\/strong><\/p>\n\n\n\n<figure class=\"wp-block-image\"><img src=\"http:\/\/www.cachoeiradoc.com.br\/2020\/wp-content\/uploads\/2020\/02\/RAMA.png\" alt=\"\" class=\"wp-image-420\"\/><figcaption>Professora e pesquisadora do Programa de P\u00f3s-gradua\u00e7\u00e3o em Ci\u00eancias da Linguagem e do curso de Cinema e Audiovisual na Universidade do Sul de Santa Catarina (UNISUL). No Programa Fulbright Scholar-in-Residence, nos Estados Unidos, ministrou um curso sobre Cultura Afro-Brasileira e organizou a mostra&nbsp;<em>Afro-Brazilian Film Series<\/em>, no Dickinson College. \u00c9 vice-presidente da Sociedade Brasileira de Estudos de Cinema e Audiovisual (SOCINE). Foi do j\u00fari oficial da&nbsp;<em>Mostra de Cinema de Tiradentes<\/em>, curadora do<em>&nbsp;Festival Audiovisual Mercosul<\/em>, da&nbsp;<em>Mostra G\u00eanero<\/em>&nbsp;(Coletivo Murro, Crici\u00fama-SC), \u00e9 membro do&nbsp;<em>elaSCine<\/em>&nbsp;(coletivo de mulheres do audiovisual de Santa Catarina) e ativista do 8M-SC.&nbsp;<\/figcaption><\/figure>\n\n\n\n<p><strong>Rayanne Layssa&nbsp;<\/strong><\/p>\n\n\n\n<figure class=\"wp-block-image\"><img src=\"http:\/\/www.cachoeiradoc.com.br\/2020\/wp-content\/uploads\/2020\/02\/RAY.png\" alt=\"\" class=\"wp-image-421\"\/><figcaption>Graduanda em cinema da Universidade Federal de Pernambuco (UFPE), iniciou os estudos na \u00e1rea na Universidade Federal de Sergipe (UFS). Atuou na monitoria do&nbsp;<em>Festival Sergipe de Audiovisual<\/em>&nbsp;(Sercine) e na assist\u00eancia de curadoria do&nbsp;<em>Festival Internacional de Cinema de Realizadoras<\/em>&nbsp;(FINCAR), em Recife. Tamb\u00e9m colaborou no<em>&nbsp;Festival Palco Preto de Artes Integradas<\/em>&nbsp;(PE) e na curadoria da segunda edi\u00e7\u00e3o da&nbsp;<em>Mostra Itinerante Cinemas Negros \u2013 Mohamed Bamba<\/em>&nbsp;(BA). Participou do&nbsp;<em>Encontro Z\u00f3zimo Bulbul<\/em>, no Rio de Janeiro.&nbsp;<\/figcaption><\/figure>\n\n\n\n<p><\/p>\n\n\n\n<p><strong>ASSISTENTES DE CURADORIA<\/strong><\/p>\n\n\n\n<p><strong>\u00c1lex Ant\u00f4nio<\/strong><\/p>\n\n\n\n<figure class=\"wp-block-image\"><img src=\"http:\/\/www.cachoeiradoc.com.br\/2020\/wp-content\/uploads\/2020\/02\/ALEX.png\" alt=\"\" class=\"wp-image-422\"\/><figcaption>Graduando em Cinema e Audiovisual pela Universidade Federal do Rec\u00f4ncavo da Bahia (UFRB), s\u00f3cio fundador da Travessia Filmes e membro do Cineclube M\u00e1rio Gusm\u00e3o, onde vem se dedicando \u00e0 pesquisa em torno do cinema negro, um dos curadores das mostra Permanente de Resist\u00eancias e Performance Negra. Desenvolve uma pesquisa sobre afeto no cinema negro contempor\u00e2neo que resultou na mostra \u201cAfeto Formador\u201d. J\u00e1 ministrou oficinas de produ\u00e7\u00e3o audiovisual em escolas p\u00fablicas de Cachoeira e Cabaceiras do Paragua\u00e7u.\u00a0 Em 2017, foi J\u00fari Jovem CachoeiraDoc.\u00a0<\/figcaption><\/figure>\n\n\n\n<p><strong>Ot\u00e1vio Concei\u00e7\u00e3o<\/strong><\/p>\n\n\n\n<figure class=\"wp-block-image is-resized\"><img loading=\"lazy\" src=\"http:\/\/www.cachoeiradoc.com.br\/2020\/wp-content\/uploads\/2020\/02\/OTAVIO.png\" alt=\"\" class=\"wp-image-423\" width=\"500\" height=\"500\"\/><figcaption>Graduando em Cinema e Audiovisual pela Universidade Federal do Rec\u00f4ncavo da Bahia (UFRB). Participou como assistente de dire\u00e7\u00e3o, dire\u00e7\u00e3o e dire\u00e7\u00e3o de som em algumas produ\u00e7\u00f5es de curtas metragens. Possui experi\u00eancia cineclubista, sendo membro ativo do cineclube M\u00e1rio Gusm\u00e3o h\u00e1 2 anos, participando de realiza\u00e7\u00e3o de oficinas, mostras e sess\u00f5es, tanto em produ\u00e7\u00e3o quanto capta\u00e7\u00e3o de som, e tamb\u00e9m auxiliando no processo curatorial de algumas mostras. \u00c9 tamb\u00e9m membro do grupo de pesquisas e experimenta\u00e7\u00f5es sonoras Sonat\u00f3rio, administrado por Marina Mapurunga, com o qual participamos da programa\u00e7\u00e3o do Festival Mimoso de Cinema.\u00a0<\/figcaption><\/figure>\n\n\n\n<p><\/p>\n","protected":false},"excerpt":{"rendered":"<p>Evelyn Sacramento Fabio Rodrigues K\u00eania Freitas Patr\u00edcia Mour\u00e3o&nbsp; Ramayana Lira Rayanne Layssa&nbsp; ASSISTENTES DE CURADORIA \u00c1lex Ant\u00f4nio Ot\u00e1vio Concei\u00e7\u00e3o<\/p>\n","protected":false},"author":1,"featured_media":0,"parent":0,"menu_order":0,"comment_status":"closed","ping_status":"closed","template":"","meta":{"_coblocks_attr":"","_coblocks_dimensions":"","_coblocks_responsive_height":"","_coblocks_accordion_ie_support":"","_monsterinsights_skip_tracking":false,"_monsterinsights_sitenote_active":false,"_monsterinsights_sitenote_note":"","_monsterinsights_sitenote_category":0},"_links":{"self":[{"href":"https:\/\/cachoeiradoc.com.br\/festivalimpossivel\/wp-json\/wp\/v2\/pages\/96"}],"collection":[{"href":"https:\/\/cachoeiradoc.com.br\/festivalimpossivel\/wp-json\/wp\/v2\/pages"}],"about":[{"href":"https:\/\/cachoeiradoc.com.br\/festivalimpossivel\/wp-json\/wp\/v2\/types\/page"}],"author":[{"embeddable":true,"href":"https:\/\/cachoeiradoc.com.br\/festivalimpossivel\/wp-json\/wp\/v2\/users\/1"}],"replies":[{"embeddable":true,"href":"https:\/\/cachoeiradoc.com.br\/festivalimpossivel\/wp-json\/wp\/v2\/comments?post=96"}],"version-history":[{"count":4,"href":"https:\/\/cachoeiradoc.com.br\/festivalimpossivel\/wp-json\/wp\/v2\/pages\/96\/revisions"}],"predecessor-version":[{"id":493,"href":"https:\/\/cachoeiradoc.com.br\/festivalimpossivel\/wp-json\/wp\/v2\/pages\/96\/revisions\/493"}],"wp:attachment":[{"href":"https:\/\/cachoeiradoc.com.br\/festivalimpossivel\/wp-json\/wp\/v2\/media?parent=96"}],"curies":[{"name":"wp","href":"https:\/\/api.w.org\/{rel}","templated":true}]}}