{"id":8,"date":"2020-05-06T15:00:16","date_gmt":"2020-05-06T18:00:16","guid":{"rendered":"http:\/\/cachoeiradoc.com.br\/festivalimpossivel\/?page_id=8"},"modified":"2020-12-28T10:08:22","modified_gmt":"2020-12-28T13:08:22","slug":"sobre","status":"publish","type":"page","link":"https:\/\/cachoeiradoc.com.br\/festivalimpossivel\/sobre\/","title":{"rendered":"Sobre"},"content":{"rendered":"\n<p>Com muita tristeza informamos que, diante dos imperativos de cuidados para preserva\u00e7\u00e3o das vidas impostos pela pandemia de&nbsp;Covid-19, n\u00e3o haver\u00e1 condi\u00e7\u00f5es de realiza\u00e7\u00e3o presencial do CachoeiraDoc em suas datas previstas (26&nbsp;a 31 de maio de 2020). E ainda aguardamos entender o que o futuro do v\u00edrus nos reserva para marcar uma nova data poss\u00edvel para o festival acontecer &#8220;ao vivo&#8221;, de fato.&nbsp;<\/p>\n\n\n\n<p>Entendemos que nosso engajamento com a comunidade de Cachoeira e da UFRB exige que mantenhamos a f\u00e9 e a persist\u00eancia na possibilidade de uma retomada com encontro e presen\u00e7a.&nbsp;Uma transposi\u00e7\u00e3o para plataformas virtuais prejudicaria parte que consideramos essencial do nosso p\u00fablico e dos nossos parceiros, por conta da exclus\u00e3o digital que \u00e9 uma realidade, agravada por tantas outras facetas da desastrosa desigualdade social brasileira.&nbsp;<\/p>\n\n\n\n<p>No entanto, enquanto aguardamos o momento seguro chegar para nos encontrarmos no calor humano de Cachoeira, colocaremos na rede &#8211; ou no mundo \u2013 uma programa\u00e7\u00e3o online que batizamos de &#8220;Festival imposs\u00edvel, curadoria provis\u00f3ria&#8221;. Trata-se de uma forma, experimental, de nos mantermos vivas, alertas e conectadas, com o cinema e atrav\u00e9s do cinema.&nbsp;<\/p>\n\n\n\n<p>De 26 a 31 de maio, disponibilizaremos em nosso\u00a0site\u00a08 programas, compostos por cada um de nossos 8 <a href=\"http:\/\/cachoeiradoc.com.br\/festivalimpossivel\/curadoria\/\">curadores<\/a>, com filmes escolhidos para se estar em companhia nesse momento de tantas inquieta\u00e7\u00f5es; filmes para renovar um campo de perguntas, diante das novas exig\u00eancias do mundo. Promoveremos ainda dois encontros\u00a0(dias 30 e 31\/05,\u00a0\u00e0s 17h)\u00a0com os curadores, para debatermos os atuais desafios da atividade de curadoria, agora atravessada pela materialidade radical do cont\u00e1gio e da busca pela cura.\u00a0<\/p>\n\n\n\n<p>Provis\u00f3rio e imposs\u00edvel, o que lan\u00e7aremos n\u00e3o \u00e9 um festival. O trabalho para a realiza\u00e7\u00e3o do IX CachoeiraDoc, inclusive a sele\u00e7\u00e3o e curadoria dos filmes, segue em curso nessa nova temporalidade&nbsp;pand\u00eamica.&nbsp;<\/p>\n\n\n\n<p>Esperamos que, em breve, possamos trazer novas not\u00edcias, mais animadoras, da retomada do nosso futuro.<\/p>\n\n\n\n<p>Que estejamos&nbsp;juntxs&nbsp;numa nova arte da aproxima\u00e7\u00e3o.<\/p>\n","protected":false},"excerpt":{"rendered":"<p>Com muita tristeza informamos que, diante dos imperativos de cuidados para preserva\u00e7\u00e3o das vidas impostos pela pandemia de&nbsp;Covid-19, n\u00e3o haver\u00e1 condi\u00e7\u00f5es de realiza\u00e7\u00e3o presencial do CachoeiraDoc em suas datas previstas (26&nbsp;a 31 de maio de 2020). E ainda aguardamos entender o que o futuro do v\u00edrus nos reserva para marcar uma nova data poss\u00edvel para [&hellip;]<\/p>\n","protected":false},"author":1,"featured_media":0,"parent":0,"menu_order":0,"comment_status":"closed","ping_status":"closed","template":"","meta":{"_coblocks_attr":"","_coblocks_dimensions":"","_coblocks_responsive_height":"","_coblocks_accordion_ie_support":"","_monsterinsights_skip_tracking":false,"_monsterinsights_sitenote_active":false,"_monsterinsights_sitenote_note":"","_monsterinsights_sitenote_category":0},"_links":{"self":[{"href":"https:\/\/cachoeiradoc.com.br\/festivalimpossivel\/wp-json\/wp\/v2\/pages\/8"}],"collection":[{"href":"https:\/\/cachoeiradoc.com.br\/festivalimpossivel\/wp-json\/wp\/v2\/pages"}],"about":[{"href":"https:\/\/cachoeiradoc.com.br\/festivalimpossivel\/wp-json\/wp\/v2\/types\/page"}],"author":[{"embeddable":true,"href":"https:\/\/cachoeiradoc.com.br\/festivalimpossivel\/wp-json\/wp\/v2\/users\/1"}],"replies":[{"embeddable":true,"href":"https:\/\/cachoeiradoc.com.br\/festivalimpossivel\/wp-json\/wp\/v2\/comments?post=8"}],"version-history":[{"count":8,"href":"https:\/\/cachoeiradoc.com.br\/festivalimpossivel\/wp-json\/wp\/v2\/pages\/8\/revisions"}],"predecessor-version":[{"id":561,"href":"https:\/\/cachoeiradoc.com.br\/festivalimpossivel\/wp-json\/wp\/v2\/pages\/8\/revisions\/561"}],"wp:attachment":[{"href":"https:\/\/cachoeiradoc.com.br\/festivalimpossivel\/wp-json\/wp\/v2\/media?parent=8"}],"curies":[{"name":"wp","href":"https:\/\/api.w.org\/{rel}","templated":true}]}}