{"id":7,"date":"2020-05-06T15:00:16","date_gmt":"2020-05-06T18:00:16","guid":{"rendered":"http:\/\/cachoeiradoc.com.br\/festivalimpossivel\/?page_id=7"},"modified":"2020-05-31T18:59:21","modified_gmt":"2020-05-31T21:59:21","slug":"o-novo-umoma-abre-suas-portas-2","status":"publish","type":"page","link":"https:\/\/cachoeiradoc.com.br\/festivalimpossivel\/","title":{"rendered":"Festival imposs\u00edvel curadoria provis\u00f3ria"},"content":{"rendered":"\n<div class=\"wp-block-group alignwide\"><div class=\"wp-block-group__inner-container\">\n<div class=\"wp-block-group\"><div class=\"wp-block-group__inner-container\">\n<div class=\"wp-block-group\"><div class=\"wp-block-group__inner-container\">\n<div class=\"wp-block-group\"><div class=\"wp-block-group__inner-container\">\n<div class=\"wp-block-group my-full-width-container\"><div class=\"wp-block-group__inner-container\"><\/div><\/div>\n<\/div><\/div>\n\n\n\n<p class=\"has-drop-cap\">De 26 <s>a 31 de maio<\/s> de maio a 7 de junho, ser\u00e1 poss\u00edvel assistir, aqui em nosso site, filmes escolhidos por cada um de nossos 8 curadores para se estar em companhia nesse momento de tantas inquieta\u00e7\u00f5es; filmes para renovar um campo de perguntas, diante das novas exig\u00eancias do mundo.<\/p>\n\n\n\n<p class=\"my-full-width-container\">Promoveremos ainda dois encontros (dias 30 e 31\/05, \u00e0s 17h) com os curadores, para debatermos os atuais desafios da atividade de curadoria, agora atravessada pela materialidade radical do cont\u00e1gio e da busca pela cura. <\/p>\n\n\n\n<p>Provis\u00f3rio e imposs\u00edvel, o que lan\u00e7amos agora n\u00e3o \u00e9 um festival. Trata-se de um experimento, para nos mantermos vivas, alertas e conectadas, numa nova arte de tecer aproxima\u00e7\u00f5es. <\/p>\n\n\n\n<p>O trabalho para a realiza\u00e7\u00e3o do IX CachoeiraDoc, inclusive a sele\u00e7\u00e3o e curadoria dos filmes, segue em curso, na temporalidade pand\u00eamica. Esperamos ainda nos encontrarmos no calor humano de Cachoeira quando o tempo for prop\u00edcio. <\/p>\n<\/div><\/div>\n<\/div><\/div>\n<\/div><\/div>\n\n\n\n<div class=\"wp-block-columns alignwide\">\n<div class=\"wp-block-column\">\n<div class=\"wp-block-group\"><div class=\"wp-block-group__inner-container\">\n<figure class=\"wp-block-image alignfull size-large\"><img loading=\"lazy\" width=\"1024\" height=\"550\" src=\"http:\/\/cachoeiradoc.com.br\/festivalimpossivel\/wp-content\/uploads\/2020\/05\/ramayana-1024x550.png\" alt=\"\" class=\"wp-image-311\" srcset=\"https:\/\/cachoeiradoc.com.br\/festivalimpossivel\/wp-content\/uploads\/2020\/05\/ramayana-1024x550.png 1024w, https:\/\/cachoeiradoc.com.br\/festivalimpossivel\/wp-content\/uploads\/2020\/05\/ramayana-300x161.png 300w, https:\/\/cachoeiradoc.com.br\/festivalimpossivel\/wp-content\/uploads\/2020\/05\/ramayana-768x412.png 768w, https:\/\/cachoeiradoc.com.br\/festivalimpossivel\/wp-content\/uploads\/2020\/05\/ramayana-1536x825.png 1536w, https:\/\/cachoeiradoc.com.br\/festivalimpossivel\/wp-content\/uploads\/2020\/05\/ramayana-1200x644.png 1200w, https:\/\/cachoeiradoc.com.br\/festivalimpossivel\/wp-content\/uploads\/2020\/05\/ramayana-1980x1063.png 1980w, https:\/\/cachoeiradoc.com.br\/festivalimpossivel\/wp-content\/uploads\/2020\/05\/ramayana.png 1983w\" sizes=\"(max-width: 1024px) 100vw, 1024px\" \/><\/figure>\n\n\n\n<h3>\u00c0 beira do planeta mainha soprou a gente <\/h3>\n\n\n\n<p>Bahia, 2020, 13 min.<\/p>\n\n\n\n<p>Dire\u00e7\u00e3o: Bruna Barros e Bruna Castro<\/p>\n\n\n\n<div class=\"wp-block-button is-style-outline\"><a class=\"wp-block-button__link\" href=\"http:\/\/cachoeiradoc.com.br\/festivalimpossivel\/a-beira-do-planeta-mainha-soprou-a-gente\/\">ACESSE<\/a><\/div>\n<\/div><\/div>\n\n\n\n<div class=\"wp-block-group\"><div class=\"wp-block-group__inner-container\">\n<figure class=\"wp-block-image alignfull size-large\"><img loading=\"lazy\" width=\"1024\" height=\"550\" src=\"http:\/\/cachoeiradoc.com.br\/festivalimpossivel\/wp-content\/uploads\/2020\/05\/fabio-1024x550.png\" alt=\"\" class=\"wp-image-346\" srcset=\"https:\/\/cachoeiradoc.com.br\/festivalimpossivel\/wp-content\/uploads\/2020\/05\/fabio-1024x550.png 1024w, https:\/\/cachoeiradoc.com.br\/festivalimpossivel\/wp-content\/uploads\/2020\/05\/fabio-300x161.png 300w, https:\/\/cachoeiradoc.com.br\/festivalimpossivel\/wp-content\/uploads\/2020\/05\/fabio-768x412.png 768w, https:\/\/cachoeiradoc.com.br\/festivalimpossivel\/wp-content\/uploads\/2020\/05\/fabio-1536x825.png 1536w, https:\/\/cachoeiradoc.com.br\/festivalimpossivel\/wp-content\/uploads\/2020\/05\/fabio-1200x644.png 1200w, https:\/\/cachoeiradoc.com.br\/festivalimpossivel\/wp-content\/uploads\/2020\/05\/fabio-1980x1063.png 1980w, https:\/\/cachoeiradoc.com.br\/festivalimpossivel\/wp-content\/uploads\/2020\/05\/fabio.png 1983w\" sizes=\"(max-width: 1024px) 100vw, 1024px\" \/><\/figure>\n\n\n\n<h3><strong><strong><strong>Fartura<\/strong><\/strong><\/strong><\/h3>\n\n\n\n<p>Rio de Janeiro, 2019, 26min.<\/p>\n\n\n\n<p>Dire\u00e7\u00e3o: Yasmin Thayn\u00e1<\/p>\n\n\n\n<div class=\"wp-block-button is-style-outline\"><a class=\"wp-block-button__link\" href=\"http:\/\/cachoeiradoc.com.br\/festivalimpossivel\/fartura\/\">ACESSE<\/a><\/div>\n<\/div><\/div>\n\n\n\n<div class=\"wp-block-group\"><div class=\"wp-block-group__inner-container\">\n<figure class=\"wp-block-image alignfull size-large\"><img loading=\"lazy\" width=\"1024\" height=\"550\" src=\"http:\/\/cachoeiradoc.com.br\/festivalimpossivel\/wp-content\/uploads\/2020\/05\/kenia-1024x550.png\" alt=\"\" class=\"wp-image-349\" srcset=\"https:\/\/cachoeiradoc.com.br\/festivalimpossivel\/wp-content\/uploads\/2020\/05\/kenia-1024x550.png 1024w, https:\/\/cachoeiradoc.com.br\/festivalimpossivel\/wp-content\/uploads\/2020\/05\/kenia-300x161.png 300w, https:\/\/cachoeiradoc.com.br\/festivalimpossivel\/wp-content\/uploads\/2020\/05\/kenia-768x412.png 768w, https:\/\/cachoeiradoc.com.br\/festivalimpossivel\/wp-content\/uploads\/2020\/05\/kenia-1536x825.png 1536w, https:\/\/cachoeiradoc.com.br\/festivalimpossivel\/wp-content\/uploads\/2020\/05\/kenia-1200x644.png 1200w, https:\/\/cachoeiradoc.com.br\/festivalimpossivel\/wp-content\/uploads\/2020\/05\/kenia-1980x1063.png 1980w, https:\/\/cachoeiradoc.com.br\/festivalimpossivel\/wp-content\/uploads\/2020\/05\/kenia.png 1983w\" sizes=\"(max-width: 1024px) 100vw, 1024px\" \/><\/figure>\n\n\n\n<h3><strong>Relatos Tecnopobres<\/strong><\/h3>\n\n\n\n<p>Goi\u00e1s, 2019, 13 min.<\/p>\n\n\n\n<p>Dire\u00e7\u00e3o: Jo\u00e3o Batista Silva <\/p>\n\n\n\n<div class=\"wp-block-button is-style-outline\"><a class=\"wp-block-button__link\" href=\"http:\/\/cachoeiradoc.com.br\/festivalimpossivel\/relatos-tecnopobres\/\">ACESSE<\/a><\/div>\n<\/div><\/div>\n\n\n\n<div class=\"wp-block-group\"><div class=\"wp-block-group__inner-container\">\n<figure class=\"wp-block-image alignfull size-large\"><img loading=\"lazy\" width=\"1024\" height=\"550\" src=\"http:\/\/cachoeiradoc.com.br\/festivalimpossivel\/wp-content\/uploads\/2020\/05\/PATRICIA-2-1024x550.png\" alt=\"\" class=\"wp-image-342\" srcset=\"https:\/\/cachoeiradoc.com.br\/festivalimpossivel\/wp-content\/uploads\/2020\/05\/PATRICIA-2-1024x550.png 1024w, https:\/\/cachoeiradoc.com.br\/festivalimpossivel\/wp-content\/uploads\/2020\/05\/PATRICIA-2-300x161.png 300w, https:\/\/cachoeiradoc.com.br\/festivalimpossivel\/wp-content\/uploads\/2020\/05\/PATRICIA-2-768x412.png 768w, https:\/\/cachoeiradoc.com.br\/festivalimpossivel\/wp-content\/uploads\/2020\/05\/PATRICIA-2-1536x825.png 1536w, https:\/\/cachoeiradoc.com.br\/festivalimpossivel\/wp-content\/uploads\/2020\/05\/PATRICIA-2-1200x644.png 1200w, https:\/\/cachoeiradoc.com.br\/festivalimpossivel\/wp-content\/uploads\/2020\/05\/PATRICIA-2-1980x1063.png 1980w, https:\/\/cachoeiradoc.com.br\/festivalimpossivel\/wp-content\/uploads\/2020\/05\/PATRICIA-2.png 1983w\" sizes=\"(max-width: 1024px) 100vw, 1024px\" \/><\/figure>\n\n\n\n<h3><strong><strong>New York, just another city<\/strong><\/strong> + <strong>Teko Haxy &#8211; ser imperfeita<\/strong><\/h3>\n\n\n\n<p>New York, just another city (S\u00e3o Paulo, 2019, 18 min., dir. Andr\u00e9 Lopes e Joana Brand\u00e3o) e Teko Haxy &#8211; ser imperfeita (Goi\u00e1s, 2018, 39 min., dir. Patr\u00edcia Ferreira Par\u00e1 Yxapy e Sophia Pinheiro)<\/p>\n\n\n\n<div class=\"wp-block-button is-style-outline\"><a class=\"wp-block-button__link\" href=\"http:\/\/cachoeiradoc.com.br\/festivalimpossivel\/teko-haxy-new-york\/\">ACESSE<\/a><\/div>\n<\/div><\/div>\n<\/div>\n\n\n\n<div class=\"wp-block-column\">\n<div class=\"wp-block-group\"><div class=\"wp-block-group__inner-container\">\n<figure class=\"wp-block-image alignfull size-large\"><img loading=\"lazy\" width=\"1024\" height=\"550\" src=\"http:\/\/cachoeiradoc.com.br\/festivalimpossivel\/wp-content\/uploads\/2020\/05\/rayanne-3-1024x550.png\" alt=\"\" class=\"wp-image-302\" srcset=\"https:\/\/cachoeiradoc.com.br\/festivalimpossivel\/wp-content\/uploads\/2020\/05\/rayanne-3-1024x550.png 1024w, https:\/\/cachoeiradoc.com.br\/festivalimpossivel\/wp-content\/uploads\/2020\/05\/rayanne-3-300x161.png 300w, https:\/\/cachoeiradoc.com.br\/festivalimpossivel\/wp-content\/uploads\/2020\/05\/rayanne-3-768x412.png 768w, https:\/\/cachoeiradoc.com.br\/festivalimpossivel\/wp-content\/uploads\/2020\/05\/rayanne-3-1536x825.png 1536w, https:\/\/cachoeiradoc.com.br\/festivalimpossivel\/wp-content\/uploads\/2020\/05\/rayanne-3-1200x644.png 1200w, https:\/\/cachoeiradoc.com.br\/festivalimpossivel\/wp-content\/uploads\/2020\/05\/rayanne-3-1980x1063.png 1980w, https:\/\/cachoeiradoc.com.br\/festivalimpossivel\/wp-content\/uploads\/2020\/05\/rayanne-3.png 1983w\" sizes=\"(max-width: 1024px) 100vw, 1024px\" \/><\/figure>\n\n\n\n<h3>Rebu &#8211; A Egolombra de uma Sapat\u00e3o Quase Arrependida<\/h3>\n\n\n\n<p>Pernambuco, 2019, 21 min.<\/p>\n\n\n\n<p>Dire\u00e7\u00e3o: Mayara Santana<\/p>\n\n\n\n<div class=\"wp-block-button is-style-outline\"><a class=\"wp-block-button__link\" href=\"http:\/\/cachoeiradoc.com.br\/festivalimpossivel\/rebu-a-egolombra-de-uma-sapatao-quase-arrependida\/\">ACESSE<\/a><\/div>\n<\/div><\/div>\n\n\n\n<div class=\"wp-block-group\"><div class=\"wp-block-group__inner-container\">\n<figure class=\"wp-block-image alignfull size-large\"><img loading=\"lazy\" width=\"1024\" height=\"550\" src=\"http:\/\/cachoeiradoc.com.br\/festivalimpossivel\/wp-content\/uploads\/2020\/05\/evelyn2-1-1024x550.png\" alt=\"\" class=\"wp-image-515\" srcset=\"https:\/\/cachoeiradoc.com.br\/festivalimpossivel\/wp-content\/uploads\/2020\/05\/evelyn2-1-1024x550.png 1024w, https:\/\/cachoeiradoc.com.br\/festivalimpossivel\/wp-content\/uploads\/2020\/05\/evelyn2-1-300x161.png 300w, https:\/\/cachoeiradoc.com.br\/festivalimpossivel\/wp-content\/uploads\/2020\/05\/evelyn2-1-768x412.png 768w, https:\/\/cachoeiradoc.com.br\/festivalimpossivel\/wp-content\/uploads\/2020\/05\/evelyn2-1-1536x825.png 1536w, https:\/\/cachoeiradoc.com.br\/festivalimpossivel\/wp-content\/uploads\/2020\/05\/evelyn2-1-1200x644.png 1200w, https:\/\/cachoeiradoc.com.br\/festivalimpossivel\/wp-content\/uploads\/2020\/05\/evelyn2-1-1980x1063.png 1980w, https:\/\/cachoeiradoc.com.br\/festivalimpossivel\/wp-content\/uploads\/2020\/05\/evelyn2-1.png 1983w\" sizes=\"(max-width: 1024px) 100vw, 1024px\" \/><\/figure>\n\n\n\n<h3><strong><strong><strong>Thinya<\/strong><\/strong><\/strong><\/h3>\n\n\n\n<p>Pernambuco, 2019, 16 min.<\/p>\n\n\n\n<p>Dire\u00e7\u00e3o: Lia Let\u00edcia<\/p>\n\n\n\n<div class=\"wp-block-button is-style-outline\"><a class=\"wp-block-button__link\" href=\"http:\/\/cachoeiradoc.com.br\/festivalimpossivel\/thinya\/\">ACESSE<\/a><\/div>\n<\/div><\/div>\n\n\n\n<div class=\"wp-block-group\"><div class=\"wp-block-group__inner-container\">\n<figure class=\"wp-block-image alignfull size-large\"><img loading=\"lazy\" width=\"1024\" height=\"550\" src=\"http:\/\/cachoeiradoc.com.br\/festivalimpossivel\/wp-content\/uploads\/2020\/05\/otavio-1024x550.png\" alt=\"\" class=\"wp-image-350\" srcset=\"https:\/\/cachoeiradoc.com.br\/festivalimpossivel\/wp-content\/uploads\/2020\/05\/otavio-1024x550.png 1024w, https:\/\/cachoeiradoc.com.br\/festivalimpossivel\/wp-content\/uploads\/2020\/05\/otavio-300x161.png 300w, https:\/\/cachoeiradoc.com.br\/festivalimpossivel\/wp-content\/uploads\/2020\/05\/otavio-768x412.png 768w, https:\/\/cachoeiradoc.com.br\/festivalimpossivel\/wp-content\/uploads\/2020\/05\/otavio-1536x825.png 1536w, https:\/\/cachoeiradoc.com.br\/festivalimpossivel\/wp-content\/uploads\/2020\/05\/otavio-1200x644.png 1200w, https:\/\/cachoeiradoc.com.br\/festivalimpossivel\/wp-content\/uploads\/2020\/05\/otavio-1980x1063.png 1980w, https:\/\/cachoeiradoc.com.br\/festivalimpossivel\/wp-content\/uploads\/2020\/05\/otavio.png 1983w\" sizes=\"(max-width: 1024px) 100vw, 1024px\" \/><\/figure>\n\n\n\n<h3><strong>Tipoia<\/strong><\/h3>\n\n\n\n<p>Alagoas, 2018, 16 min.<\/p>\n\n\n\n<p>Dire\u00e7\u00e3o: Paulo Silver<\/p>\n\n\n\n<div class=\"wp-block-button is-style-outline\"><a class=\"wp-block-button__link\" href=\"http:\/\/cachoeiradoc.com.br\/festivalimpossivel\/tipoia\/\">ACESSE<\/a><\/div>\n<\/div><\/div>\n\n\n\n<figure class=\"wp-block-image size-large\"><img loading=\"lazy\" width=\"1024\" height=\"550\" src=\"http:\/\/cachoeiradoc.com.br\/festivalimpossivel\/wp-content\/uploads\/2020\/05\/ALEX-1024x550.png\" alt=\"\" class=\"wp-image-377\" srcset=\"https:\/\/cachoeiradoc.com.br\/festivalimpossivel\/wp-content\/uploads\/2020\/05\/ALEX-1024x550.png 1024w, https:\/\/cachoeiradoc.com.br\/festivalimpossivel\/wp-content\/uploads\/2020\/05\/ALEX-300x161.png 300w, https:\/\/cachoeiradoc.com.br\/festivalimpossivel\/wp-content\/uploads\/2020\/05\/ALEX-768x412.png 768w, https:\/\/cachoeiradoc.com.br\/festivalimpossivel\/wp-content\/uploads\/2020\/05\/ALEX-1536x825.png 1536w, https:\/\/cachoeiradoc.com.br\/festivalimpossivel\/wp-content\/uploads\/2020\/05\/ALEX-1200x644.png 1200w, https:\/\/cachoeiradoc.com.br\/festivalimpossivel\/wp-content\/uploads\/2020\/05\/ALEX-1980x1063.png 1980w, https:\/\/cachoeiradoc.com.br\/festivalimpossivel\/wp-content\/uploads\/2020\/05\/ALEX.png 1983w\" sizes=\"(max-width: 1024px) 100vw, 1024px\" \/><\/figure>\n\n\n\n<h3><strong>Trindade<\/strong><\/h3>\n\n\n\n<p>Minas Gerais, 2020, 28 min.<\/p>\n\n\n\n<p>Dire\u00e7\u00e3o: Rodrigo R. Meireles<\/p>\n\n\n\n<div class=\"wp-block-button is-style-outline\"><a class=\"wp-block-button__link\" <a=\"\" href=\"http:\/\/cachoeiradoc.com.br\/festivalimpossivel\/trindade\">ACESSE<\/a><p><\/p>\n<\/div>\n<\/div>\n<\/div>\n\n\n\n<figure class=\"wp-block-image alignfull size-large\"><img loading=\"lazy\" width=\"794\" height=\"386\" src=\"http:\/\/cachoeiradoc.com.br\/festivalimpossivel\/wp-content\/uploads\/2020\/05\/PROVISORIA.png\" alt=\"\" class=\"wp-image-225\" srcset=\"https:\/\/cachoeiradoc.com.br\/festivalimpossivel\/wp-content\/uploads\/2020\/05\/PROVISORIA.png 794w, https:\/\/cachoeiradoc.com.br\/festivalimpossivel\/wp-content\/uploads\/2020\/05\/PROVISORIA-300x146.png 300w, https:\/\/cachoeiradoc.com.br\/festivalimpossivel\/wp-content\/uploads\/2020\/05\/PROVISORIA-768x373.png 768w\" sizes=\"(max-width: 794px) 100vw, 794px\" \/><\/figure>\n\n\n\n<div class=\"wp-block-group alignwide has-background\" style=\"background-color:#ffffff\"><div class=\"wp-block-group__inner-container\">\n<div class=\"wp-block-group\"><div class=\"wp-block-group__inner-container\">\n<h2 class=\"has-text-align-center\"><span class=\"has-inline-color has-secondary-color\">Nos dias 30 e 31 de maio, \u00e0s 17h, tivemos conversas online com os curadores. Assista!<\/span><\/h2>\n\n\n\n<figure class=\"wp-block-embed-youtube wp-block-embed is-type-video is-provider-youtube wp-embed-aspect-16-9 wp-has-aspect-ratio\"><div class=\"wp-block-embed__wrapper\">\n<iframe title=\"Conversa online com curadores\" width=\"580\" height=\"326\" src=\"https:\/\/www.youtube.com\/embed\/aincO3wRFLw?feature=oembed\" frameborder=\"0\" allow=\"accelerometer; autoplay; encrypted-media; gyroscope; picture-in-picture\" allowfullscreen><\/iframe>\n<\/div><\/figure>\n\n\n\n<figure class=\"wp-block-embed-youtube wp-block-embed is-type-video is-provider-youtube wp-embed-aspect-16-9 wp-has-aspect-ratio\"><div class=\"wp-block-embed__wrapper\">\n<iframe title=\"Conversa online com curadores\" width=\"580\" height=\"326\" src=\"https:\/\/www.youtube.com\/embed\/Nsa1oO7QNo0?feature=oembed\" frameborder=\"0\" allow=\"accelerometer; autoplay; encrypted-media; gyroscope; picture-in-picture\" allowfullscreen><\/iframe>\n<\/div><\/figure>\n\n\n\n<div class=\"wp-block-button aligncenter\"><a class=\"wp-block-button__link\" href=\"http:\/\/cachoeiradoc.com.br\/festivalimpossivel\/curadoria\/\">CONHE\u00c7A OS CURADORES<\/a><\/div>\n<\/div><\/div>\n<\/div><\/div>\n","protected":false},"excerpt":{"rendered":"<p>Trindade Minas Gerais, 2020, 28 min. Dire\u00e7\u00e3o: Rodrigo R. Meireles<\/p>\n","protected":false},"author":1,"featured_media":489,"parent":0,"menu_order":0,"comment_status":"closed","ping_status":"closed","template":"","meta":{"_coblocks_attr":"","_coblocks_dimensions":"","_coblocks_responsive_height":"","_coblocks_accordion_ie_support":"","_monsterinsights_skip_tracking":false,"_monsterinsights_sitenote_active":false,"_monsterinsights_sitenote_note":"","_monsterinsights_sitenote_category":0},"_links":{"self":[{"href":"https:\/\/cachoeiradoc.com.br\/festivalimpossivel\/wp-json\/wp\/v2\/pages\/7"}],"collection":[{"href":"https:\/\/cachoeiradoc.com.br\/festivalimpossivel\/wp-json\/wp\/v2\/pages"}],"about":[{"href":"https:\/\/cachoeiradoc.com.br\/festivalimpossivel\/wp-json\/wp\/v2\/types\/page"}],"author":[{"embeddable":true,"href":"https:\/\/cachoeiradoc.com.br\/festivalimpossivel\/wp-json\/wp\/v2\/users\/1"}],"replies":[{"embeddable":true,"href":"https:\/\/cachoeiradoc.com.br\/festivalimpossivel\/wp-json\/wp\/v2\/comments?post=7"}],"version-history":[{"count":111,"href":"https:\/\/cachoeiradoc.com.br\/festivalimpossivel\/wp-json\/wp\/v2\/pages\/7\/revisions"}],"predecessor-version":[{"id":547,"href":"https:\/\/cachoeiradoc.com.br\/festivalimpossivel\/wp-json\/wp\/v2\/pages\/7\/revisions\/547"}],"wp:featuredmedia":[{"embeddable":true,"href":"https:\/\/cachoeiradoc.com.br\/festivalimpossivel\/wp-json\/wp\/v2\/media\/489"}],"wp:attachment":[{"href":"https:\/\/cachoeiradoc.com.br\/festivalimpossivel\/wp-json\/wp\/v2\/media?parent=7"}],"curies":[{"name":"wp","href":"https:\/\/api.w.org\/{rel}","templated":true}]}}