{"id":499,"date":"2020-05-20T09:55:45","date_gmt":"2020-05-20T12:55:45","guid":{"rendered":"http:\/\/cachoeiradoc.com.br\/festivalimpossivel\/?page_id=499"},"modified":"2020-05-20T10:04:41","modified_gmt":"2020-05-20T13:04:41","slug":"equipe","status":"publish","type":"page","link":"https:\/\/cachoeiradoc.com.br\/festivalimpossivel\/equipe\/","title":{"rendered":"Equipe"},"content":{"rendered":"\n<p>Coordena\u00e7\u00e3o &#8211;  Amaranta Cesar, Ana Rosa Marques, Fernanda Pimenta e Leonardo Costa<\/p>\n\n\n\n<p>Curadoria &#8211; \u00c1lex Ant\u00f4nio, Evelyn Sacramento, Fabio Rodrigues, K\u00eania Freitas, Patr\u00edcia Mour\u00e3o, Ramayana Lira, Rayanne Layssa, Ot\u00e1vio Concei\u00e7\u00e3o<\/p>\n\n\n\n<p>Programa\u00e7\u00e3o visual &#8211; Tiago Ribeiro<\/p>\n\n\n\n<p>Website e redes sociais &#8211; Fernanda Pimenta e Leonardo Costa (Ritos Produ\u00e7\u00f5es)<\/p>\n\n\n\n<p>Fotos &#8211; Ana Rosa Marques, Tiago Ribeiro e fotos de divulga\u00e7\u00e3o dos filmes<\/p>\n","protected":false},"excerpt":{"rendered":"<p>Coordena\u00e7\u00e3o &#8211; Amaranta Cesar, Ana Rosa Marques, Fernanda Pimenta e Leonardo Costa Curadoria &#8211; \u00c1lex Ant\u00f4nio, Evelyn Sacramento, Fabio Rodrigues, K\u00eania Freitas, Patr\u00edcia Mour\u00e3o, Ramayana Lira, Rayanne Layssa, Ot\u00e1vio Concei\u00e7\u00e3o Programa\u00e7\u00e3o visual &#8211; Tiago Ribeiro Website e redes sociais &#8211; Fernanda Pimenta e Leonardo Costa (Ritos Produ\u00e7\u00f5es) Fotos &#8211; Ana Rosa Marques, Tiago Ribeiro e [&hellip;]<\/p>\n","protected":false},"author":1,"featured_media":0,"parent":0,"menu_order":0,"comment_status":"closed","ping_status":"closed","template":"","meta":{"_coblocks_attr":"","_coblocks_dimensions":"","_coblocks_responsive_height":"","_coblocks_accordion_ie_support":"","_monsterinsights_skip_tracking":false,"_monsterinsights_sitenote_active":false,"_monsterinsights_sitenote_note":"","_monsterinsights_sitenote_category":0},"_links":{"self":[{"href":"https:\/\/cachoeiradoc.com.br\/festivalimpossivel\/wp-json\/wp\/v2\/pages\/499"}],"collection":[{"href":"https:\/\/cachoeiradoc.com.br\/festivalimpossivel\/wp-json\/wp\/v2\/pages"}],"about":[{"href":"https:\/\/cachoeiradoc.com.br\/festivalimpossivel\/wp-json\/wp\/v2\/types\/page"}],"author":[{"embeddable":true,"href":"https:\/\/cachoeiradoc.com.br\/festivalimpossivel\/wp-json\/wp\/v2\/users\/1"}],"replies":[{"embeddable":true,"href":"https:\/\/cachoeiradoc.com.br\/festivalimpossivel\/wp-json\/wp\/v2\/comments?post=499"}],"version-history":[{"count":2,"href":"https:\/\/cachoeiradoc.com.br\/festivalimpossivel\/wp-json\/wp\/v2\/pages\/499\/revisions"}],"predecessor-version":[{"id":502,"href":"https:\/\/cachoeiradoc.com.br\/festivalimpossivel\/wp-json\/wp\/v2\/pages\/499\/revisions\/502"}],"wp:attachment":[{"href":"https:\/\/cachoeiradoc.com.br\/festivalimpossivel\/wp-json\/wp\/v2\/media?parent=499"}],"curies":[{"name":"wp","href":"https:\/\/api.w.org\/{rel}","templated":true}]}}