{"id":177,"date":"2020-05-12T19:11:54","date_gmt":"2020-05-12T22:11:54","guid":{"rendered":"http:\/\/cachoeiradoc.com.br\/festivalimpossivel\/?page_id=177"},"modified":"2020-06-08T06:17:12","modified_gmt":"2020-06-08T09:17:12","slug":"rebu-a-egolombra-de-uma-sapatao-quase-arrependida","status":"publish","type":"page","link":"https:\/\/cachoeiradoc.com.br\/festivalimpossivel\/rebu-a-egolombra-de-uma-sapatao-quase-arrependida\/","title":{"rendered":"Rebu &#8211; A Egolombra de uma Sapat\u00e3o Quase Arrependida"},"content":{"rendered":"\n<h4>O Futuro Chegou, por <strong>Rayanne Layssa&nbsp;<\/strong><\/h4>\n\n\n\n<p>Futuro \u00e9 uma palavra que me d\u00e1 ansiedade, o castelo que se forma na minha cabe\u00e7a quando penso em futuro \u00e9 gigante, me deixa sem dormir. Falo de um lugar bem pessoal, do meu futuro, por exemplo; quando penso como vou estar daqui a 10 anos, eu entro em p\u00e2nico. A maneira mais eficaz que eu tenho pra controlar toda essa crise \u00e9 come\u00e7ar a pensar no futuro a partir do presente. Entender que o futuro \u00e9 agora, que ele j\u00e1 chegou, entender o que posso fazer com as ferramentas desse agora. \u00c9 muito menos um papo de viver o presente e muito mais de observ\u00e1-lo.<\/p>\n\n\n\n<p>\u00c9 pensando nesse Agora que eu quero compartilhar com voc\u00eas&nbsp;<em>REBU<\/em>&#8211; A Egolombra de uma Sapat\u00e3o Quase Arrependida, curta-metragem da diretora pernambucana Mayara Santana. Diretora e personagem, Mayara compartilha sua vida com o espectador atrav\u00e9s de um deboche de sua gera\u00e7\u00e3o, repleto de&nbsp;<em>prints<\/em>, fotos guardadas em HD, memes, conversas antigas de MSN e v\u00eddeos do YouTube. Produzido para a Internet. Um document\u00e1rio com playlist no Spotify (que eu escutei enquanto escrevia esse texto).<\/p>\n\n\n\n<p>As crian\u00e7as dos anos 2000 cresceram e agora contam suas hist\u00f3rias atrav\u00e9s de uma outra maneira de criar e compartilhar imagem.<\/p>\n\n\n\n<p><em>Rebu<\/em> \u00e9 um filme do&nbsp;&nbsp;presente, tanto pela forma, quanto pela trajet\u00f3ria \u201ctext\u00e3o\u201d de Mayara, que precisou abra\u00e7ar as oportunidades no passado, no Loteamento Riacho de Prata \u201cque era longe de tudo, mas o sonho da casa pr\u00f3pria de quem sempre viveu no corre\u201d pra no agora abrir seu cora\u00e7\u00e3o sapat\u00e3o pra uma auto reflex\u00e3o sobre sua vida afetiva atrav\u00e9s de seus erros, amores, abusos e raivas.&nbsp;&nbsp;O futuro j\u00e1 est\u00e1 acontecendo.<\/p>\n\n\n\n<div class=\"wp-block-image\"><figure class=\"aligncenter size-large is-resized\"><img loading=\"lazy\" src=\"http:\/\/cachoeiradoc.com.br\/festivalimpossivel\/wp-content\/uploads\/2020\/05\/crop-0-0-632-353-0-rebu-1.png\" alt=\"\" class=\"wp-image-411\" width=\"598\" height=\"333\" srcset=\"https:\/\/cachoeiradoc.com.br\/festivalimpossivel\/wp-content\/uploads\/2020\/05\/crop-0-0-632-353-0-rebu-1.png 632w, https:\/\/cachoeiradoc.com.br\/festivalimpossivel\/wp-content\/uploads\/2020\/05\/crop-0-0-632-353-0-rebu-1-300x168.png 300w\" sizes=\"(max-width: 598px) 100vw, 598px\" \/><\/figure><\/div>\n\n\n\n<h3><strong>Rebu &#8211; A Egolombra de uma Sapat\u00e3o Quase Arrependida (Pernambuco, 2019, 21 min.)<\/strong><\/h3>\n\n\n\n<p>Dire\u00e7\u00e3o: Mayara Santana &#8211; mayara.santana.mas@gmail.com<\/p>\n\n\n\n<div class=\"wp-block-coblocks-logos\"><a href=\"https:\/\/www.instagram.com\/rebu.doc\/\" target=\"_blank\" rel=\"noopener noreferrer\"><\/a><div class=\"wp-block-coblocks-logos__row\"><a href=\"https:\/\/www.instagram.com\/rebu.doc\/\" target=\"_blank\" rel=\"noopener noreferrer\"><\/a><figure><a href=\"https:\/\/www.instagram.com\/rebu.doc\/\" target=\"_blank\" rel=\"noopener noreferrer\"><img src=\"http:\/\/cachoeiradoc.com.br\/festivalimpossivel\/wp-content\/uploads\/2020\/05\/insta.png\" alt=\"\" data-id=\"263\" data-width=\"17.0492%\"><\/a><\/figure><div style=\"width:17.0492%\"><\/div><\/div><\/div>\n\n\n\n<p>Sinopse: Document\u00e1rio em primeira pessoa que se prop\u00f5e a investigar dentro da minha viv\u00eancia sapat\u00e3o as diversas performances de masculinidade, levando em conta meus tr\u00eas \u00faltimos relacionamentos e tamb\u00e9m com entrevistas com o homem com o qual eu cresci, Pedro Bala, meu pai. O filme pretende abordar com descontra\u00e7\u00e3o, tem\u00e1ticas como o talento paquerador, flexibilidade com a verdade, relacionamento abusivo, irresponsabilidade afetiva, reprodu\u00e7\u00e3o de machismo, impulsividade e romance. Temas que permeiam a vida dos dois personagens, mesmo que separados por um recorte geracional, cultural e de g\u00eanero.<\/p>\n\n\n\n<center><figure class=\"wp-block-image size-thumbnail is-resized\"><img loading=\"lazy\" src=\"http:\/\/www.cachoeiradoc.com.br\/2020\/wp-content\/uploads\/2020\/05\/classificacao-12-anos-logo-150x150.png\" alt=\"\" class=\"wp-image-505\" width=\"63\" height=\"63\"><\/figure><\/center>\n","protected":false},"excerpt":{"rendered":"<p>O Futuro Chegou, por Rayanne Layssa&nbsp; Futuro \u00e9 uma palavra que me d\u00e1 ansiedade, o castelo que se forma na minha cabe\u00e7a quando penso em futuro \u00e9 gigante, me deixa sem dormir. Falo de um lugar bem pessoal, do meu futuro, por exemplo; quando penso como vou estar daqui a 10 anos, eu entro em [&hellip;]<\/p>\n","protected":false},"author":1,"featured_media":359,"parent":0,"menu_order":0,"comment_status":"closed","ping_status":"closed","template":"","meta":{"_coblocks_attr":"ArialArial,","_coblocks_dimensions":"","_coblocks_responsive_height":"","_coblocks_accordion_ie_support":"","_monsterinsights_skip_tracking":false,"_monsterinsights_sitenote_active":false,"_monsterinsights_sitenote_note":"","_monsterinsights_sitenote_category":0},"_links":{"self":[{"href":"https:\/\/cachoeiradoc.com.br\/festivalimpossivel\/wp-json\/wp\/v2\/pages\/177"}],"collection":[{"href":"https:\/\/cachoeiradoc.com.br\/festivalimpossivel\/wp-json\/wp\/v2\/pages"}],"about":[{"href":"https:\/\/cachoeiradoc.com.br\/festivalimpossivel\/wp-json\/wp\/v2\/types\/page"}],"author":[{"embeddable":true,"href":"https:\/\/cachoeiradoc.com.br\/festivalimpossivel\/wp-json\/wp\/v2\/users\/1"}],"replies":[{"embeddable":true,"href":"https:\/\/cachoeiradoc.com.br\/festivalimpossivel\/wp-json\/wp\/v2\/comments?post=177"}],"version-history":[{"count":19,"href":"https:\/\/cachoeiradoc.com.br\/festivalimpossivel\/wp-json\/wp\/v2\/pages\/177\/revisions"}],"predecessor-version":[{"id":551,"href":"https:\/\/cachoeiradoc.com.br\/festivalimpossivel\/wp-json\/wp\/v2\/pages\/177\/revisions\/551"}],"wp:featuredmedia":[{"embeddable":true,"href":"https:\/\/cachoeiradoc.com.br\/festivalimpossivel\/wp-json\/wp\/v2\/media\/359"}],"wp:attachment":[{"href":"https:\/\/cachoeiradoc.com.br\/festivalimpossivel\/wp-json\/wp\/v2\/media?parent=177"}],"curies":[{"name":"wp","href":"https:\/\/api.w.org\/{rel}","templated":true}]}}