{"id":170,"date":"2020-05-12T18:51:05","date_gmt":"2020-05-12T21:51:05","guid":{"rendered":"http:\/\/cachoeiradoc.com.br\/festivalimpossivel\/?page_id=170"},"modified":"2020-06-08T06:18:10","modified_gmt":"2020-06-08T09:18:10","slug":"thinya","status":"publish","type":"page","link":"https:\/\/cachoeiradoc.com.br\/festivalimpossivel\/thinya\/","title":{"rendered":"Thinya"},"content":{"rendered":"\n<h3>Thinya e a possibilidade de reinventar mem\u00f3rias, por Evelyn Sacramento<\/h3>\n\n\n\n<p>Em um universo p\u00f3s-colonial,&nbsp;<em>Thinya<\/em>&nbsp;(2019), curta metragem dirigido por Lia Let\u00edcia, tra\u00e7a um compromisso com as novas possibilidades de imaginar, \u00e9 o sarcasmo, uma risada na cara da narrativa que se pensa oficial, por\u00e9m, nada mais&nbsp;\u00e9&nbsp;que os primeiros passos da vis\u00e3o euroc\u00eantrica sobre os povos ind\u00edgenas.&nbsp;<\/p>\n\n\n\n<p>Thinya \u00e9 o nome ind\u00edgena de Maria Pastora, aquela que d\u00e1 voz ao filme, sua narra\u00e7\u00e3o em voz&nbsp;<em>off<\/em>&nbsp;de excertos retirados dos livros&nbsp;<em>Duas Viagens ao Brasil<\/em>&nbsp;(1557), de Hans Staden e&nbsp;<em>Viagens pelo Brasil<\/em>&nbsp;(1823), de Spix &amp; Martius, traduzidos para a l\u00edngua Yaath\u00ea dos povos Fulni-\u00f4 de Pernambuco, \u00e9 a trilha sonora que percorre com a c\u00e2mera, antigas fotografias do cotidiano da sociedade alem\u00e3, tiradas entre os anos 60 e 90.<\/p>\n\n\n\n<p>A diretora Lia Let\u00edcia lan\u00e7a m\u00e3o de um \u00e1lbum de fotografia encontrado num mercado nas ruas de Berlim, ocasi\u00e3o em que ela realizava uma resid\u00eancia art\u00edstica, juntamente com a narra\u00e7\u00e3o em voz&nbsp;<em>off<\/em>, o que vemos nessa composi\u00e7\u00e3o sonora e visual, \u00e9 a possibilidade de reinventar mem\u00f3rias, ou de imaginar um novo passado e prospectar o futuro.<\/p>\n\n\n\n<p>Cruzando o real com o imaginado, o filme aflora a imagina\u00e7\u00e3o&nbsp;sob&nbsp;uma perspectiva anticolonial, ao passo em que coloca os brancos em uma posi\u00e7\u00e3o ir\u00f4nica e exotizante, subvertendo o discurso hegem\u00f4nico acerca dos povos ind\u00edgenas. Atrav\u00e9s de uma investiga\u00e7\u00e3o po\u00e9tica,&nbsp;<em>Thynia<\/em>&nbsp;nos convoca a questionar a constru\u00e7\u00e3o da sociedade, expondo sua perversidade&nbsp;a partir&nbsp;das mem\u00f3rias culturais e hist\u00f3ricas que as fotografias nos imp\u00f5e, produzindo deste modo, um cinema que se prop\u00f5e descolonial, qu ando a h ist\u00f3ria \u00e9 contada conforme o ponto de vista negro e ind\u00edgena.<\/p>\n\n\n\n<p>Num momento em que a democracia do pa\u00eds est\u00e1 em risco, e o exterm\u00ednio dos povos ind\u00edgenas segue sua pol\u00edtica genocida governamental que cruza s\u00e9culos a fio, se faz necess\u00e1rio questionar a hist\u00f3ria, e trazer para o centro novas formas de pensar as sociedades ind\u00edgenas atrav\u00e9s do cinema, que se instaura aqui, enquanto ferramenta questionadora, de enfrentamento e resist\u00eancia.<\/p>\n\n\n\n<div class=\"wp-block-image\"><figure class=\"aligncenter size-large is-resized\"><img loading=\"lazy\" src=\"http:\/\/cachoeiradoc.com.br\/festivalimpossivel\/wp-content\/uploads\/2020\/05\/thinya.png\" alt=\"\" class=\"wp-image-387\" width=\"602\" height=\"400\" srcset=\"https:\/\/cachoeiradoc.com.br\/festivalimpossivel\/wp-content\/uploads\/2020\/05\/thinya.png 893w, https:\/\/cachoeiradoc.com.br\/festivalimpossivel\/wp-content\/uploads\/2020\/05\/thinya-300x200.png 300w, https:\/\/cachoeiradoc.com.br\/festivalimpossivel\/wp-content\/uploads\/2020\/05\/thinya-768x511.png 768w\" sizes=\"(max-width: 602px) 100vw, 602px\" \/><\/figure><\/div>\n\n\n\n<h3><strong>Thinya (Pernambuco, 2019, 16 min.)<\/strong><\/h3>\n\n\n\n<p>Dire\u00e7\u00e3o: Lia Let\u00edcia &#8211; lia.leticia@gmail.com<\/p>\n\n\n\n<p>Sinopse:&nbsp;Minha primeira viagem ao Velho Mundo. Minha fantasia aventureira p\u00f3s colonial. [Um discurso muda uma imagem?]<\/p>\n\n\n\n<center><figure class=\"wp-block-image size-thumbnail is-resized\"><img loading=\"lazy\" src=\"http:\/\/cachoeiradoc.com.br\/festivalimpossivel\/wp-content\/uploads\/2020\/05\/1200px-DJCTQ_-_L.png\" alt=\"\" class=\"wp-image-505\" width=\"63\" height=\"63\"><\/figure><\/center>\n","protected":false},"excerpt":{"rendered":"<p>Thinya e a possibilidade de reinventar mem\u00f3rias, por Evelyn Sacramento Em um universo p\u00f3s-colonial,&nbsp;Thinya&nbsp;(2019), curta metragem dirigido por Lia Let\u00edcia, tra\u00e7a um compromisso com as novas possibilidades de imaginar, \u00e9 o sarcasmo, uma risada na cara da narrativa que se pensa oficial, por\u00e9m, nada mais&nbsp;\u00e9&nbsp;que os primeiros passos da vis\u00e3o euroc\u00eantrica sobre os povos ind\u00edgenas.&nbsp; [&hellip;]<\/p>\n","protected":false},"author":1,"featured_media":508,"parent":0,"menu_order":0,"comment_status":"closed","ping_status":"closed","template":"","meta":{"_coblocks_attr":"","_coblocks_dimensions":"","_coblocks_responsive_height":"","_coblocks_accordion_ie_support":"","_monsterinsights_skip_tracking":false,"_monsterinsights_sitenote_active":false,"_monsterinsights_sitenote_note":"","_monsterinsights_sitenote_category":0},"_links":{"self":[{"href":"https:\/\/cachoeiradoc.com.br\/festivalimpossivel\/wp-json\/wp\/v2\/pages\/170"}],"collection":[{"href":"https:\/\/cachoeiradoc.com.br\/festivalimpossivel\/wp-json\/wp\/v2\/pages"}],"about":[{"href":"https:\/\/cachoeiradoc.com.br\/festivalimpossivel\/wp-json\/wp\/v2\/types\/page"}],"author":[{"embeddable":true,"href":"https:\/\/cachoeiradoc.com.br\/festivalimpossivel\/wp-json\/wp\/v2\/users\/1"}],"replies":[{"embeddable":true,"href":"https:\/\/cachoeiradoc.com.br\/festivalimpossivel\/wp-json\/wp\/v2\/comments?post=170"}],"version-history":[{"count":19,"href":"https:\/\/cachoeiradoc.com.br\/festivalimpossivel\/wp-json\/wp\/v2\/pages\/170\/revisions"}],"predecessor-version":[{"id":553,"href":"https:\/\/cachoeiradoc.com.br\/festivalimpossivel\/wp-json\/wp\/v2\/pages\/170\/revisions\/553"}],"wp:featuredmedia":[{"embeddable":true,"href":"https:\/\/cachoeiradoc.com.br\/festivalimpossivel\/wp-json\/wp\/v2\/media\/508"}],"wp:attachment":[{"href":"https:\/\/cachoeiradoc.com.br\/festivalimpossivel\/wp-json\/wp\/v2\/media?parent=170"}],"curies":[{"name":"wp","href":"https:\/\/api.w.org\/{rel}","templated":true}]}}