{"id":120,"date":"2020-05-12T12:29:22","date_gmt":"2020-05-12T15:29:22","guid":{"rendered":"http:\/\/cachoeiradoc.com.br\/festivalimpossivel\/?page_id=120"},"modified":"2020-06-08T06:19:03","modified_gmt":"2020-06-08T09:19:03","slug":"tipoia","status":"publish","type":"page","link":"https:\/\/cachoeiradoc.com.br\/festivalimpossivel\/tipoia\/","title":{"rendered":"Tipoia"},"content":{"rendered":"\n<h3>Inoperante, por Ot\u00e1vio Concei\u00e7\u00e3o&nbsp;<\/h3>\n\n\n\n<p>\u00c9 not\u00e1vel como o cinema pode ser atemporal em certas situa\u00e7\u00f5es. Como ele pode ressignificar o que j\u00e1 foi dito para reafirmar o presente.<\/p>\n\n\n\n<p>Estamos em um processo de espera, de cura e de inquieta\u00e7\u00e3o. A sensa\u00e7\u00e3o de que estamos vendo as coisas acontecerem sem a nossa interfer\u00eancia di\u00e1ria \u00e9 algo novo e revelador. O que acontece quando n\u00e3o interferimos? Existe mudan\u00e7a? Acho que seria a primeira vez que n\u00e3o temos um vislumbre do futuro.&nbsp;<\/p>\n\n\n\n<p>A escritora Octavia Butler em uma de suas frases mais c\u00e9lebres diz:&nbsp;<\/p>\n\n\n\n<p>&#8220;Tudo que voc\u00ea toca voc\u00ea muda,&nbsp;<br>Tudo que voc\u00ea muda, muda voc\u00ea.&nbsp;<br>A \u00fanica verdade que persiste \u00e9 a mudan\u00e7a.&nbsp;<br>Deus \u00e9 mudan\u00e7a.&#8221;&nbsp;<\/p>\n\n\n\n<p>&#8220;Tipoia&#8221;, do Paulo Silver, expressa bem a inquieta\u00e7\u00e3o atual. A sensa\u00e7\u00e3o de ter que ficar em modo inoperante, ver as coisas acontecerem sem o nosso toque, ansiando o fim do tratamento para que o processo de cura seja finalizado (inclusive o pr\u00f3prio nome do filme exprime bem isso), \u00e9 algo que me fez sentir levemente otimista, mesmo que o filme n\u00e3o passe essa mensagem, na verdade ele vai contra a mar\u00e9 e termina como a pr\u00f3pria sinopse define o filme: &#8220;obra inacabada, antes que seja tarde&#8221;. Por\u00e9m, mesmo com o alargamento do tempo, podemos nos agarrar ao sentimento de que tudo \u00e9 mut\u00e1vel, essa \u00e9 atualmente &#8220;a \u00fanica verdade que persiste&#8221;. Mesmo sem o nosso toque. E isso \u00e9 bom.&nbsp;&nbsp;<\/p>\n\n\n\n<div class=\"wp-block-image\"><figure class=\"aligncenter size-large\"><img loading=\"lazy\" width=\"737\" height=\"415\" src=\"http:\/\/cachoeiradoc.com.br\/festivalimpossivel\/wp-content\/uploads\/2020\/05\/tipo-1.jpg\" alt=\"\" class=\"wp-image-373\" srcset=\"https:\/\/cachoeiradoc.com.br\/festivalimpossivel\/wp-content\/uploads\/2020\/05\/tipo-1.jpg 737w, https:\/\/cachoeiradoc.com.br\/festivalimpossivel\/wp-content\/uploads\/2020\/05\/tipo-1-300x169.jpg 300w\" sizes=\"(max-width: 737px) 100vw, 737px\" \/><\/figure><\/div>\n\n\n\n<h3><strong>Tipoia (Alagoas, 2018, 16 min.)<\/strong><\/h3>\n\n\n\n<p>Dire\u00e7\u00e3o: Paulo Silver &#8211; paulo_andre1204@hotmail.com<\/p>\n\n\n\n<p>Sinopse: Obra inacabada. Antes que seja tarde.&nbsp;&nbsp;<\/p>\n\n\n\n<center><figure class=\"wp-block-image size-thumbnail is-resized\"><img loading=\"lazy\" src=\"http:\/\/www.cachoeiradoc.com.br\/2020\/wp-content\/uploads\/2020\/05\/classificacao-12-anos-logo-150x150.png\" alt=\"\" class=\"wp-image-505\" width=\"63\" height=\"63\"><\/figure><\/center>\n","protected":false},"excerpt":{"rendered":"<p>Inoperante, por Ot\u00e1vio Concei\u00e7\u00e3o&nbsp; \u00c9 not\u00e1vel como o cinema pode ser atemporal em certas situa\u00e7\u00f5es. Como ele pode ressignificar o que j\u00e1 foi dito para reafirmar o presente. Estamos em um processo de espera, de cura e de inquieta\u00e7\u00e3o. A sensa\u00e7\u00e3o de que estamos vendo as coisas acontecerem sem a nossa interfer\u00eancia di\u00e1ria \u00e9 algo [&hellip;]<\/p>\n","protected":false},"author":1,"featured_media":370,"parent":0,"menu_order":0,"comment_status":"closed","ping_status":"closed","template":"","meta":{"_coblocks_attr":"","_coblocks_dimensions":"","_coblocks_responsive_height":"","_coblocks_accordion_ie_support":"","_monsterinsights_skip_tracking":false,"_monsterinsights_sitenote_active":false,"_monsterinsights_sitenote_note":"","_monsterinsights_sitenote_category":0},"_links":{"self":[{"href":"https:\/\/cachoeiradoc.com.br\/festivalimpossivel\/wp-json\/wp\/v2\/pages\/120"}],"collection":[{"href":"https:\/\/cachoeiradoc.com.br\/festivalimpossivel\/wp-json\/wp\/v2\/pages"}],"about":[{"href":"https:\/\/cachoeiradoc.com.br\/festivalimpossivel\/wp-json\/wp\/v2\/types\/page"}],"author":[{"embeddable":true,"href":"https:\/\/cachoeiradoc.com.br\/festivalimpossivel\/wp-json\/wp\/v2\/users\/1"}],"replies":[{"embeddable":true,"href":"https:\/\/cachoeiradoc.com.br\/festivalimpossivel\/wp-json\/wp\/v2\/comments?post=120"}],"version-history":[{"count":17,"href":"https:\/\/cachoeiradoc.com.br\/festivalimpossivel\/wp-json\/wp\/v2\/pages\/120\/revisions"}],"predecessor-version":[{"id":555,"href":"https:\/\/cachoeiradoc.com.br\/festivalimpossivel\/wp-json\/wp\/v2\/pages\/120\/revisions\/555"}],"wp:featuredmedia":[{"embeddable":true,"href":"https:\/\/cachoeiradoc.com.br\/festivalimpossivel\/wp-json\/wp\/v2\/media\/370"}],"wp:attachment":[{"href":"https:\/\/cachoeiradoc.com.br\/festivalimpossivel\/wp-json\/wp\/v2\/media?parent=120"}],"curies":[{"name":"wp","href":"https:\/\/api.w.org\/{rel}","templated":true}]}}