{"id":7280,"date":"2020-12-04T15:49:38","date_gmt":"2020-12-04T18:49:38","guid":{"rendered":"http:\/\/cachoeiradoc.com.br\/festival\/?page_id=7280"},"modified":"2020-12-20T16:46:30","modified_gmt":"2020-12-20T19:46:30","slug":"encerramento","status":"publish","type":"page","link":"https:\/\/cachoeiradoc.com.br\/festival\/encerramento\/","title":{"rendered":"Encerramento"},"content":{"rendered":"[vc_row type=&#8221;full_width_background&#8221; full_screen_row_position=&#8221;middle&#8221; column_margin=&#8221;default&#8221; equal_height=&#8221;yes&#8221; content_placement=&#8221;middle&#8221; column_direction=&#8221;default&#8221; column_direction_tablet=&#8221;default&#8221; column_direction_phone=&#8221;default&#8221; scene_position=&#8221;center&#8221; top_padding=&#8221;3%&#8221; bottom_padding=&#8221;3%&#8221; text_color=&#8221;dark&#8221; text_align=&#8221;left&#8221; row_border_radius=&#8221;none&#8221; row_border_radius_applies=&#8221;bg&#8221; color_overlay=&#8221;#ffffff&#8221; overlay_strength=&#8221;1&#8243; gradient_direction=&#8221;top_to_bottom&#8221; shape_divider_color=&#8221;#f4f4f4&#8243; shape_divider_position=&#8221;bottom&#8221; shape_divider_height=&#8221;40%&#8221; bg_image_animation=&#8221;none&#8221; shape_type=&#8221;curve_opacity&#8221;][vc_column column_padding=&#8221;no-extra-padding&#8221; column_padding_tablet=&#8221;inherit&#8221; column_padding_phone=&#8221;inherit&#8221; column_padding_position=&#8221;right&#8221; background_color_opacity=&#8221;1&#8243; background_hover_color_opacity=&#8221;1&#8243; column_shadow=&#8221;none&#8221; column_border_radius=&#8221;none&#8221; column_link_target=&#8221;_self&#8221; gradient_direction=&#8221;left_to_right&#8221; overlay_strength=&#8221;0.3&#8243; width=&#8221;1\/1&#8243; tablet_width_inherit=&#8221;default&#8221; tablet_text_alignment=&#8221;default&#8221; phone_text_alignment=&#8221;default&#8221; column_border_width=&#8221;none&#8221; column_border_style=&#8221;solid&#8221; bg_image_animation=&#8221;none&#8221;][vc_row_inner column_margin=&#8221;default&#8221; column_direction=&#8221;default&#8221; column_direction_tablet=&#8221;default&#8221; column_direction_phone=&#8221;default&#8221; bottom_padding=&#8221;2%&#8221; text_align=&#8221;left&#8221;][vc_column_inner column_padding=&#8221;no-extra-padding&#8221; column_padding_tablet=&#8221;inherit&#8221; column_padding_phone=&#8221;inherit&#8221; column_padding_position=&#8221;all&#8221; background_color_opacity=&#8221;1&#8243; background_hover_color_opacity=&#8221;1&#8243; column_shadow=&#8221;none&#8221; column_border_radius=&#8221;none&#8221; column_link_target=&#8221;_self&#8221; gradient_direction=&#8221;left_to_right&#8221; overlay_strength=&#8221;0.3&#8243; width=&#8221;1\/6&#8243; tablet_width_inherit=&#8221;default&#8221; column_border_width=&#8221;none&#8221; column_border_style=&#8221;solid&#8221; bg_image_animation=&#8221;none&#8221;][\/vc_column_inner][vc_column_inner column_padding=&#8221;no-extra-padding&#8221; column_padding_tablet=&#8221;inherit&#8221; column_padding_phone=&#8221;inherit&#8221; column_padding_position=&#8221;all&#8221; centered_text=&#8221;true&#8221; background_color_opacity=&#8221;1&#8243; background_hover_color_opacity=&#8221;1&#8243; column_shadow=&#8221;none&#8221; column_border_radius=&#8221;none&#8221; column_link_target=&#8221;_self&#8221; gradient_direction=&#8221;left_to_right&#8221; overlay_strength=&#8221;0.3&#8243; width=&#8221;2\/3&#8243; tablet_width_inherit=&#8221;default&#8221; column_border_width=&#8221;none&#8221; column_border_style=&#8221;solid&#8221; bg_image_animation=&#8221;none&#8221;][split_line_heading animation_type=&#8221;line-reveal-by-space&#8221; font_style=&#8221;h2&#8243; text_content=&#8221;Encerramento do CachoeiraDoc&#8221;][\/split_line_heading][\/vc_column_inner][vc_column_inner column_padding=&#8221;no-extra-padding&#8221; column_padding_tablet=&#8221;inherit&#8221; column_padding_phone=&#8221;inherit&#8221; column_padding_position=&#8221;all&#8221; background_color_opacity=&#8221;1&#8243; background_hover_color_opacity=&#8221;1&#8243; column_shadow=&#8221;none&#8221; column_border_radius=&#8221;none&#8221; column_link_target=&#8221;_self&#8221; gradient_direction=&#8221;left_to_right&#8221; overlay_strength=&#8221;0.3&#8243; width=&#8221;1\/6&#8243; tablet_width_inherit=&#8221;default&#8221; column_border_width=&#8221;none&#8221; column_border_style=&#8221;solid&#8221; bg_image_animation=&#8221;none&#8221;][\/vc_column_inner][\/vc_row_inner][vc_row_inner column_margin=&#8221;default&#8221; column_direction=&#8221;default&#8221; column_direction_tablet=&#8221;default&#8221; column_direction_phone=&#8221;default&#8221; text_align=&#8221;left&#8221;][vc_column_inner column_padding=&#8221;no-extra-padding&#8221; column_padding_tablet=&#8221;inherit&#8221; column_padding_phone=&#8221;inherit&#8221; column_padding_position=&#8221;all&#8221; background_color_opacity=&#8221;1&#8243; background_hover_color_opacity=&#8221;1&#8243; column_shadow=&#8221;none&#8221; column_border_radius=&#8221;none&#8221; column_link_target=&#8221;_self&#8221; gradient_direction=&#8221;left_to_right&#8221; overlay_strength=&#8221;0.3&#8243; width=&#8221;1\/2&#8243; tablet_width_inherit=&#8221;default&#8221; column_border_width=&#8221;none&#8221; column_border_style=&#8221;solid&#8221; bg_image_animation=&#8221;none&#8221;][fancy_box box_style=&#8221;hover_desc&#8221; icon_family=&#8221;none&#8221; image_url=&#8221;6207&#8243; hover_color=&#8221;accent-color&#8221; box_alignment=&#8221;left&#8221; hover_desc_bg_animation=&#8221;long_zoom&#8221; border_radius=&#8221;5px&#8221; image_loading=&#8221;lazy-load&#8221; color_scheme=&#8221;dark&#8221; secondary_content=&#8221;here&#8217;s some awesome text that would only be shown on hover&#8221; min_height=&#8221;500&#8243;]\n<h3>Tigan\u00e1 Santana<\/h3>\n[\/fancy_box][\/vc_column_inner][vc_column_inner column_padding=&#8221;no-extra-padding&#8221; column_padding_tablet=&#8221;inherit&#8221; column_padding_phone=&#8221;inherit&#8221; column_padding_position=&#8221;all&#8221; background_color_opacity=&#8221;1&#8243; background_hover_color_opacity=&#8221;1&#8243; column_shadow=&#8221;none&#8221; column_border_radius=&#8221;none&#8221; column_link_target=&#8221;_self&#8221; gradient_direction=&#8221;left_to_right&#8221; overlay_strength=&#8221;0.3&#8243; width=&#8221;1\/2&#8243; tablet_width_inherit=&#8221;default&#8221; column_border_width=&#8221;none&#8221; column_border_style=&#8221;solid&#8221; bg_image_animation=&#8221;none&#8221;][fancy_box box_style=&#8221;hover_desc&#8221; icon_family=&#8221;none&#8221; image_url=&#8221;7282&#8243; hover_color=&#8221;accent-color&#8221; box_alignment=&#8221;left&#8221; hover_desc_bg_animation=&#8221;long_zoom&#8221; border_radius=&#8221;5px&#8221; image_loading=&#8221;lazy-load&#8221; color_scheme=&#8221;dark&#8221; secondary_content=&#8221;here&#8217;s some awesome text that would only be shown on hover&#8221; min_height=&#8221;500&#8243;]\n<h3>Lande Onawale<\/h3>\n[\/fancy_box][\/vc_column_inner][\/vc_row_inner][\/vc_column][\/vc_row][vc_row type=&#8221;in_container&#8221; full_screen_row_position=&#8221;middle&#8221; column_margin=&#8221;default&#8221; column_direction=&#8221;default&#8221; column_direction_tablet=&#8221;default&#8221; column_direction_phone=&#8221;default&#8221; scene_position=&#8221;center&#8221; text_color=&#8221;dark&#8221; text_align=&#8221;left&#8221; row_border_radius=&#8221;none&#8221; row_border_radius_applies=&#8221;bg&#8221; overlay_strength=&#8221;0.3&#8243; gradient_direction=&#8221;left_to_right&#8221; shape_divider_position=&#8221;bottom&#8221; bg_image_animation=&#8221;none&#8221;][vc_column column_padding=&#8221;no-extra-padding&#8221; column_padding_tablet=&#8221;inherit&#8221; column_padding_phone=&#8221;inherit&#8221; column_padding_position=&#8221;all&#8221; background_color_opacity=&#8221;1&#8243; background_hover_color_opacity=&#8221;1&#8243; column_shadow=&#8221;none&#8221; column_border_radius=&#8221;none&#8221; column_link_target=&#8221;_self&#8221; gradient_direction=&#8221;left_to_right&#8221; overlay_strength=&#8221;0.3&#8243; width=&#8221;1\/1&#8243; tablet_width_inherit=&#8221;default&#8221; tablet_text_alignment=&#8221;default&#8221; phone_text_alignment=&#8221;default&#8221; column_border_width=&#8221;none&#8221; column_border_style=&#8221;solid&#8221; bg_image_animation=&#8221;none&#8221;][vc_column_text]\n<p style=\"text-align: justify;\"><span style=\"font-weight: 400;\">Dia 20\/12, \u00e0s 16h30.<br \/>\nTransmiss\u00e3o online no <a href=\"https:\/\/www.youtube.com\/cachoeiradoc?fbclid=IwAR0W4IU0q6XlfSiPxFWlHXLxQ8tLjpQtXzXi8coSR4d-ZvYREhHWQBzyEls\">YouTube<\/a> do CachoeiraDoc.<\/span><\/p>\n<p style=\"text-align: justify;\">Em sua tese de doutorado, Tigan\u00e1 Santana afirma: \u201ca posi\u00e7\u00e3o fundamental ancestral, ampara a posi\u00e7\u00e3o do porvir de uma sociedade. Sem a determina\u00e7\u00e3o de tal posi\u00e7\u00e3o, o porvir social, econ\u00f4mico e pol\u00edtico de seu povo \u00e9 fadado \u00e0 servid\u00e3o e ao embrutecimento\u201d<a href=\"#_ftn1\" name=\"_ftnref1\">[1]<\/a>.<\/p>\n<p style=\"text-align: justify;\"><span style=\"font-weight: 400;\">Defendido no mesmo dia da passagem de Valdina Pinto (Makota Zimewanga ou Makota Valdina, como ficou conhecida), o estudo de Tigan\u00e1 sobre a cosmologia b\u00e2ntu-kongo, a partir de Bunseki Fu-Kiau, faz ressoar as pesquisas da l\u00edder religiosa, e sua rela\u00e7\u00e3o com este fil\u00f3sofo congol\u00eas. Como ela, Tigan\u00e1 amalgama, de modo singular, filosofia, espiritualidade e educa\u00e7\u00e3o.<\/span><\/p>\n<p style=\"text-align: justify;\">Em di\u00e1logo com o poeta, contista e compositor Lande Onawale, que partilhou com Makota Valdina muita viv\u00eancia religiosa e pol\u00edtica, e com a participa\u00e7\u00e3o especial de sua sobrinha Alice Pinto, o encerramento do CachoeiraDoc \u00e9 um ato po\u00e9tico, filos\u00f3fico e musical para afirmar a ancestralidade e o porvir, em rever\u00eancia \u00e0 mem\u00f3ria e tamb\u00e9m \u00e0queles que sustentam e cultivam, no presente e para o futuro, um legado.<\/p>\n[\/vc_column_text][vc_column_text]\n<p style=\"text-align: justify;\"><strong>Tigan\u00e1 Santana<\/strong> \u00e9 professor no Instituto de Humanidades, Artes e Ci\u00eancias Professor Milton Santos (IHAC\/UFBA). Suas pesquisas voltam-se, principalmente, para as l\u00ednguas, linguagens e cosmologias africanas, com \u00eanfase nas l\u00ednguas-cultura bantu, estabelecendo-se os cruzamentos entre tais chaves de pensamento e aquelas provenientes de outras experi\u00eancias culturais de exist\u00eancia n\u00e3o ocidentais e ocidentais. Ele foi o primeiro compositor da hist\u00f3ria fonogr\u00e1fica brasileira a apresentar, como compositor (e int\u00e9rprete), um \u00e1lbum musical com obras em l\u00ednguas africanas.<\/p>\n<p style=\"text-align: justify;\"><strong>Lande Onawale<\/strong> nasceu e mora em Salvador, Bahia. Militante do Movimento Negro Brasileiro, \u00e9 poeta, contista, compositor. Tem publicado poemas e contos em antologias diversas. \u00c9 autor dos livros de poemas <em>O Vento<\/em> (2003), <em>Kalunga \u2013 poemas de um mar sem fim\/poems of an infinite sea<\/em> (2011), e <em>Pretices &amp; Milongas<\/em> (2019). Lande \u00e9 xicarangoma do Terreiro Nzo Onimboy\u00e1 e, junto com a professora da UFBA Am\u00e9rica C\u00e9sar, trabalharam na edi\u00e7\u00e3o de texto, revis\u00e3o e escrita da apresenta\u00e7\u00e3o do livro <em>Meu caminhar, meu viver<\/em>, autobiografia de Valdina de Oliveira Pinto, a Makota Valdina, homenageada neste CachoeiraDoc\/2020. Lande \u00e9 um dos criadores e coordenadores do projeto <em>Quartinhas de Aru\u00e1<\/em> \u2013 encontros de literatura negra, atividade que objetiva valorizar o pensamento e a literatura feita por negros no Brasil, \u00c1frica ou Di\u00e1spora.<\/p>\n[\/vc_column_text][divider line_type=&#8221;Full Width Line&#8221; line_thickness=&#8221;1&#8243; divider_color=&#8221;default&#8221;][vc_column_text]<a href=\"#_ftnref1\" name=\"_ftn1\">[1]<\/a> SANTOS, Tigan\u00e1 Santana. <em>A cosmologia africana dos Bantu-Kongo por Bunseki Fu-Kiau: tradu\u00e7\u00e3o negra, reflex\u00f5es e di\u00e1logos a partir do Brasil. <\/em>Tese de doutorado defendida na Faculdade de Filosofia, Letras e Ci\u00eancias Humanas da USP, S\u00e3o Paulo, 2019, pg. 216.[\/vc_column_text][\/vc_column][\/vc_row][vc_row type=&#8221;in_container&#8221; full_screen_row_position=&#8221;middle&#8221; column_margin=&#8221;default&#8221; column_direction=&#8221;default&#8221; column_direction_tablet=&#8221;default&#8221; column_direction_phone=&#8221;default&#8221; scene_position=&#8221;center&#8221; text_color=&#8221;dark&#8221; text_align=&#8221;left&#8221; row_border_radius=&#8221;none&#8221; row_border_radius_applies=&#8221;bg&#8221; overlay_strength=&#8221;0.3&#8243; gradient_direction=&#8221;left_to_right&#8221; shape_divider_position=&#8221;bottom&#8221; bg_image_animation=&#8221;none&#8221;][vc_column column_padding=&#8221;no-extra-padding&#8221; column_padding_tablet=&#8221;inherit&#8221; column_padding_phone=&#8221;inherit&#8221; column_padding_position=&#8221;all&#8221; background_color_opacity=&#8221;1&#8243; background_hover_color_opacity=&#8221;1&#8243; column_shadow=&#8221;none&#8221; column_border_radius=&#8221;none&#8221; column_link_target=&#8221;_self&#8221; gradient_direction=&#8221;left_to_right&#8221; overlay_strength=&#8221;0.3&#8243; width=&#8221;1\/1&#8243; tablet_width_inherit=&#8221;default&#8221; tablet_text_alignment=&#8221;default&#8221; phone_text_alignment=&#8221;default&#8221; column_border_width=&#8221;none&#8221; column_border_style=&#8221;solid&#8221; bg_image_animation=&#8221;none&#8221;][vc_video link=&#8221;https:\/\/www.youtube.com\/watch?v=XxnfPTiBiVc&#8221;][\/vc_column][\/vc_row]\n","protected":false},"excerpt":{"rendered":"<p>[vc_row type=&#8221;full_width_background&#8221; full_screen_row_position=&#8221;middle&#8221; column_margin=&#8221;default&#8221; equal_height=&#8221;yes&#8221; content_placement=&#8221;middle&#8221; column_direction=&#8221;default&#8221; column_direction_tablet=&#8221;default&#8221; column_direction_phone=&#8221;default&#8221; scene_position=&#8221;center&#8221; top_padding=&#8221;3%&#8221; bottom_padding=&#8221;3%&#8221; text_color=&#8221;dark&#8221; text_align=&#8221;left&#8221; row_border_radius=&#8221;none&#8221; row_border_radius_applies=&#8221;bg&#8221; color_overlay=&#8221;#ffffff&#8221; overlay_strength=&#8221;1&#8243; gradient_direction=&#8221;top_to_bottom&#8221; shape_divider_color=&#8221;#f4f4f4&#8243; shape_divider_position=&#8221;bottom&#8221; shape_divider_height=&#8221;40%&#8221; bg_image_animation=&#8221;none&#8221; shape_type=&#8221;curve_opacity&#8221;][vc_column column_padding=&#8221;no-extra-padding&#8221;&#8230;<\/p>\n","protected":false},"author":1,"featured_media":0,"parent":0,"menu_order":0,"comment_status":"closed","ping_status":"closed","template":"","meta":{"_monsterinsights_skip_tracking":false,"_monsterinsights_sitenote_active":false,"_monsterinsights_sitenote_note":"","_monsterinsights_sitenote_category":0},"_links":{"self":[{"href":"https:\/\/cachoeiradoc.com.br\/festival\/wp-json\/wp\/v2\/pages\/7280"}],"collection":[{"href":"https:\/\/cachoeiradoc.com.br\/festival\/wp-json\/wp\/v2\/pages"}],"about":[{"href":"https:\/\/cachoeiradoc.com.br\/festival\/wp-json\/wp\/v2\/types\/page"}],"author":[{"embeddable":true,"href":"https:\/\/cachoeiradoc.com.br\/festival\/wp-json\/wp\/v2\/users\/1"}],"replies":[{"embeddable":true,"href":"https:\/\/cachoeiradoc.com.br\/festival\/wp-json\/wp\/v2\/comments?post=7280"}],"version-history":[{"count":14,"href":"https:\/\/cachoeiradoc.com.br\/festival\/wp-json\/wp\/v2\/pages\/7280\/revisions"}],"predecessor-version":[{"id":7580,"href":"https:\/\/cachoeiradoc.com.br\/festival\/wp-json\/wp\/v2\/pages\/7280\/revisions\/7580"}],"wp:attachment":[{"href":"https:\/\/cachoeiradoc.com.br\/festival\/wp-json\/wp\/v2\/media?parent=7280"}],"curies":[{"name":"wp","href":"https:\/\/api.w.org\/{rel}","templated":true}]}}