{"id":7080,"date":"2020-12-01T17:58:53","date_gmt":"2020-12-01T20:58:53","guid":{"rendered":"http:\/\/cachoeiradoc.com.br\/festival\/?page_id=7080"},"modified":"2020-12-01T22:09:53","modified_gmt":"2020-12-02T01:09:53","slug":"sobre","status":"publish","type":"page","link":"https:\/\/cachoeiradoc.com.br\/festival\/sobre\/","title":{"rendered":"Sobre"},"content":{"rendered":"[vc_row type=&#8221;in_container&#8221; full_screen_row_position=&#8221;middle&#8221; column_margin=&#8221;default&#8221; column_direction=&#8221;default&#8221; column_direction_tablet=&#8221;default&#8221; column_direction_phone=&#8221;default&#8221; scene_position=&#8221;center&#8221; text_color=&#8221;dark&#8221; text_align=&#8221;left&#8221; row_border_radius=&#8221;none&#8221; row_border_radius_applies=&#8221;bg&#8221; overlay_strength=&#8221;0.3&#8243; gradient_direction=&#8221;left_to_right&#8221; shape_divider_position=&#8221;bottom&#8221; bg_image_animation=&#8221;none&#8221;][vc_column column_padding=&#8221;no-extra-padding&#8221; column_padding_tablet=&#8221;inherit&#8221; column_padding_phone=&#8221;inherit&#8221; column_padding_position=&#8221;all&#8221; background_color_opacity=&#8221;1&#8243; background_hover_color_opacity=&#8221;1&#8243; column_shadow=&#8221;none&#8221; column_border_radius=&#8221;none&#8221; column_link_target=&#8221;_self&#8221; gradient_direction=&#8221;left_to_right&#8221; overlay_strength=&#8221;0.3&#8243; width=&#8221;1\/6&#8243; tablet_width_inherit=&#8221;default&#8221; tablet_text_alignment=&#8221;default&#8221; phone_text_alignment=&#8221;default&#8221; column_border_width=&#8221;none&#8221; column_border_style=&#8221;solid&#8221; bg_image_animation=&#8221;none&#8221;][\/vc_column][vc_column column_padding=&#8221;no-extra-padding&#8221; column_padding_tablet=&#8221;inherit&#8221; column_padding_phone=&#8221;inherit&#8221; column_padding_position=&#8221;all&#8221; background_color_opacity=&#8221;1&#8243; background_hover_color_opacity=&#8221;1&#8243; column_shadow=&#8221;none&#8221; column_border_radius=&#8221;none&#8221; column_link_target=&#8221;_self&#8221; gradient_direction=&#8221;left_to_right&#8221; overlay_strength=&#8221;0.3&#8243; width=&#8221;2\/3&#8243; tablet_width_inherit=&#8221;default&#8221; tablet_text_alignment=&#8221;default&#8221; phone_text_alignment=&#8221;default&#8221; column_border_width=&#8221;none&#8221; column_border_style=&#8221;solid&#8221; bg_image_animation=&#8221;none&#8221;][vc_column_text]\n<p style=\"text-align: justify;\">\u00c9 sob o olhar da professora e l\u00edder religiosa baiana Makota Valdina que o IX CachoeiraDoc \u2013 Festival de Document\u00e1rios de Cachoeira acontece entre 4 e 20 de dezembro com 42 filmes dispon\u00edveis online e 13 filmes exibidos presencialmente, para grupos familiares, com proje\u00e7\u00f5es em suas pr\u00f3prias casas. Al\u00e9m disso, a programa\u00e7\u00e3o gratuita conta com atividades art\u00edsticas, confer\u00eancias, oficinas, lan\u00e7amento de livro, que se desenrolam neste site, <a href=\"https:\/\/www.facebook.com\/docachoeiradoc\">Facebook<\/a> e <a href=\"https:\/\/youtube.com\/cachoeiradoc\">YouTube<\/a>. Neste universo de filmes, 29 s\u00e3o dirigidos por mulheres, 16 s\u00e3o assinados por profissionais da Bahia e 31 t\u00eam negros e negras na dire\u00e7\u00e3o. Al\u00e9m disso, 8 dos document\u00e1rios fazem suas estreias nesta programa\u00e7\u00e3o online do CachoeiraDoc.<\/p>\n<p style=\"text-align: justify;\">Em sintonia com a abordagem de pensamento da l\u00edder Makota, e com a trajet\u00f3ria do festival, \u00e9 forte a presen\u00e7a de mulheres e pessoas negras \u00e0 frente da dire\u00e7\u00e3o dos filmes que comp\u00f5em o IX CachoeiraDoc, num processo criativo que costura outros imagin\u00e1rios. Al\u00e9m disso, h\u00e1 uma significativa participa\u00e7\u00e3o de obras audiovisuais nascidas a partir das experi\u00eancias de alunos e ex-alunos do curso de Cinema e Audiovisual, da Universidade Federal do Rec\u00f4ncavo da Bahia (UFRB).<\/p>\n<p style=\"text-align: justify;\">O CachoeiraDoc \u00e9 uma realiza\u00e7\u00e3o da Cura e Cultura e do Grupo de Estudos e Pr\u00e1ticas do Document\u00e1rio, do Curso de Cinema e Audiovisual da UFRB, produ\u00e7\u00e3o da Ritos Produ\u00e7\u00f5es, e conta com o apoio financeiro do Fundo de Cultura da Secretaria de Cultura da Bahia atrav\u00e9s do Edital Setorial do Audiovisual 2019.<\/p>\n[\/vc_column_text][\/vc_column][vc_column column_padding=&#8221;no-extra-padding&#8221; column_padding_tablet=&#8221;inherit&#8221; column_padding_phone=&#8221;inherit&#8221; column_padding_position=&#8221;all&#8221; background_color_opacity=&#8221;1&#8243; background_hover_color_opacity=&#8221;1&#8243; column_shadow=&#8221;none&#8221; column_border_radius=&#8221;none&#8221; column_link_target=&#8221;_self&#8221; gradient_direction=&#8221;left_to_right&#8221; overlay_strength=&#8221;0.3&#8243; width=&#8221;1\/6&#8243; tablet_width_inherit=&#8221;default&#8221; tablet_text_alignment=&#8221;default&#8221; phone_text_alignment=&#8221;default&#8221; column_border_width=&#8221;none&#8221; column_border_style=&#8221;solid&#8221; bg_image_animation=&#8221;none&#8221;][\/vc_column][\/vc_row]\n","protected":false},"excerpt":{"rendered":"<p>[vc_row type=&#8221;in_container&#8221; full_screen_row_position=&#8221;middle&#8221; column_margin=&#8221;default&#8221; column_direction=&#8221;default&#8221; column_direction_tablet=&#8221;default&#8221; column_direction_phone=&#8221;default&#8221; scene_position=&#8221;center&#8221; text_color=&#8221;dark&#8221; text_align=&#8221;left&#8221; row_border_radius=&#8221;none&#8221; row_border_radius_applies=&#8221;bg&#8221; overlay_strength=&#8221;0.3&#8243; gradient_direction=&#8221;left_to_right&#8221; shape_divider_position=&#8221;bottom&#8221; bg_image_animation=&#8221;none&#8221;][vc_column column_padding=&#8221;no-extra-padding&#8221; column_padding_tablet=&#8221;inherit&#8221; column_padding_phone=&#8221;inherit&#8221; column_padding_position=&#8221;all&#8221; background_color_opacity=&#8221;1&#8243; background_hover_color_opacity=&#8221;1&#8243; column_shadow=&#8221;none&#8221; column_border_radius=&#8221;none&#8221; column_link_target=&#8221;_self&#8221;&#8230;<\/p>\n","protected":false},"author":1,"featured_media":0,"parent":0,"menu_order":0,"comment_status":"closed","ping_status":"closed","template":"","meta":{"_monsterinsights_skip_tracking":false,"_monsterinsights_sitenote_active":false,"_monsterinsights_sitenote_note":"","_monsterinsights_sitenote_category":0},"_links":{"self":[{"href":"https:\/\/cachoeiradoc.com.br\/festival\/wp-json\/wp\/v2\/pages\/7080"}],"collection":[{"href":"https:\/\/cachoeiradoc.com.br\/festival\/wp-json\/wp\/v2\/pages"}],"about":[{"href":"https:\/\/cachoeiradoc.com.br\/festival\/wp-json\/wp\/v2\/types\/page"}],"author":[{"embeddable":true,"href":"https:\/\/cachoeiradoc.com.br\/festival\/wp-json\/wp\/v2\/users\/1"}],"replies":[{"embeddable":true,"href":"https:\/\/cachoeiradoc.com.br\/festival\/wp-json\/wp\/v2\/comments?post=7080"}],"version-history":[{"count":8,"href":"https:\/\/cachoeiradoc.com.br\/festival\/wp-json\/wp\/v2\/pages\/7080\/revisions"}],"predecessor-version":[{"id":7149,"href":"https:\/\/cachoeiradoc.com.br\/festival\/wp-json\/wp\/v2\/pages\/7080\/revisions\/7149"}],"wp:attachment":[{"href":"https:\/\/cachoeiradoc.com.br\/festival\/wp-json\/wp\/v2\/media?parent=7080"}],"curies":[{"name":"wp","href":"https:\/\/api.w.org\/{rel}","templated":true}]}}