{"id":81,"date":"2017-03-20T14:48:25","date_gmt":"2017-03-20T17:48:25","guid":{"rendered":"http:\/\/cachoeiradoc.com.br\/2017\/?page_id=81"},"modified":"2017-03-20T22:17:30","modified_gmt":"2017-03-21T01:17:30","slug":"edicoes-anteriores","status":"publish","type":"page","link":"https:\/\/cachoeiradoc.com.br\/2017\/edicoes-anteriores\/","title":{"rendered":"Edi\u00e7\u00f5es Anteriores"},"content":{"rendered":"<p>CONFIRA OS SITES DAS OUTRAS EDI\u00c7\u00d5ES DO CACHOEIRADOC<\/p>\n<p><a href=\"http:\/\/www.cachoeiradoc.com.br\/2010\">EDI\u00c7\u00c3O 2010<\/a><\/p>\n<p><a href=\"http:\/\/www.cachoeiradoc.com.br\/2011\">EDI\u00c7\u00c3O 2011<\/a><\/p>\n<p><a href=\"http:\/\/www.cachoeiradoc.com.br\/2012\">EDI\u00c7\u00c3O 2012<\/a><\/p>\n<p><a href=\"http:\/\/www.cachoeiradoc.com.br\/2013\">EDI\u00c7\u00c3O 2013<\/a><\/p>\n<p><a href=\"http:\/\/www.cachoeiradoc.com.br\/2014\">EDI\u00c7\u00c3O 2014<\/a><\/p>\n<p><a href=\"http:\/\/www.cachoeiradoc.com.br\/2015\">EDI\u00c7\u00c3O 2015<\/a><\/p>\n<p><a href=\"http:\/\/www.cachoeiradoc.com.br\/2016\">EDI\u00c7\u00c3O 2016<\/a><\/p>\n","protected":false},"excerpt":{"rendered":"<p>CONFIRA OS SITES DAS OUTRAS EDI\u00c7\u00d5ES DO CACHOEIRADOC EDI\u00c7\u00c3O 2010 EDI\u00c7\u00c3O 2011 EDI\u00c7\u00c3O 2012 EDI\u00c7\u00c3O 2013 EDI\u00c7\u00c3O 2014 EDI\u00c7\u00c3O 2015 EDI\u00c7\u00c3O 2016<\/p>\n","protected":false},"author":1,"featured_media":0,"parent":0,"menu_order":0,"comment_status":"closed","ping_status":"closed","template":"","meta":[],"_links":{"self":[{"href":"https:\/\/cachoeiradoc.com.br\/2017\/wp-json\/wp\/v2\/pages\/81"}],"collection":[{"href":"https:\/\/cachoeiradoc.com.br\/2017\/wp-json\/wp\/v2\/pages"}],"about":[{"href":"https:\/\/cachoeiradoc.com.br\/2017\/wp-json\/wp\/v2\/types\/page"}],"author":[{"embeddable":true,"href":"https:\/\/cachoeiradoc.com.br\/2017\/wp-json\/wp\/v2\/users\/1"}],"replies":[{"embeddable":true,"href":"https:\/\/cachoeiradoc.com.br\/2017\/wp-json\/wp\/v2\/comments?post=81"}],"version-history":[{"count":1,"href":"https:\/\/cachoeiradoc.com.br\/2017\/wp-json\/wp\/v2\/pages\/81\/revisions"}],"predecessor-version":[{"id":82,"href":"https:\/\/cachoeiradoc.com.br\/2017\/wp-json\/wp\/v2\/pages\/81\/revisions\/82"}],"wp:attachment":[{"href":"https:\/\/cachoeiradoc.com.br\/2017\/wp-json\/wp\/v2\/media?parent=81"}],"curies":[{"name":"wp","href":"https:\/\/api.w.org\/{rel}","templated":true}]}}