{"id":79,"date":"2017-03-20T14:46:10","date_gmt":"2017-03-20T17:46:10","guid":{"rendered":"http:\/\/cachoeiradoc.com.br\/2017\/?page_id=79"},"modified":"2017-07-28T09:47:48","modified_gmt":"2017-07-28T12:47:48","slug":"o-festival","status":"publish","type":"page","link":"https:\/\/cachoeiradoc.com.br\/2017\/o-festival\/","title":{"rendered":"O Festival"},"content":{"rendered":"<p style=\"text-align: justify;\">Nas sete edi\u00e7\u00f5es anteriores consecutivas, cerca de 15 mil pessoas assistiram a mais de 260 document\u00e1rios, muitos deles in\u00e9ditos na Bahia e Brasil.<\/p>\n<p style=\"text-align: justify;\">O Festival promove o interc\u00e2mbio de ideias e incentiva que a cidade de Cachoeira e o estado da Bahia conectem-se ao mundo atrav\u00e9s do cinema. Al\u00e9m dos debates com os realizadores, foram realizadas 15 oficinas e 26 mesas-redondas, que ocuparam lugar de destaque na programa\u00e7\u00e3o.<\/p>\n<p style=\"text-align: justify;\">Em 2016, os premiados da Mostra Competitiva foram:<br \/>\nJ\u00fari oficial:<br \/>\nMelhor longa ou m\u00e9dia-metragem:<br \/>\n\u201cTaego Awa\u201d (GO), de Marcela Borela e Henrique Borela<br \/>\ne<br \/>\n\u201cVozerio\u201d(RJ), de Vladimir Seixas<\/p>\n<p style=\"text-align: justify;\">Melhor curta-metragem:<br \/>\n\u201cNunca \u00e9 noite no mapa\u201d (PE), de Ernesto Carvalho.<\/p>\n<p style=\"text-align: justify;\">Men\u00e7\u00e3o honrosa:<br \/>\n\u201cJonas e o Circo sem Lona\u201d, de Paula Gomes,<br \/>\ne<br \/>\n&#8220;Onze\u201d (CE), do Coletivo Nig\u00e9ria, coletivo Z\u00f3io e Voz e Vez das comunidades.<\/p>\n<p style=\"text-align: justify;\">J\u00fari jovem:<br \/>\nMelhor longa ou m\u00e9dia-metragem:<br \/>\n\u201cOrestes\u201d, de Rodrigo Siqueira<\/p>\n<p style=\"text-align: justify;\">Melhor curta-metragem:<br \/>\n\u201cQuem matou Elo\u00e1?\u201d, de L\u00edvia Perez,<\/p>\n<p style=\"text-align: justify;\">Men\u00e7\u00e3o honrosa: \u201cProcura-se Irenice\u201d, de Marco Escriv\u00e3o e Thiago B. Mendon\u00e7a<\/p>\n","protected":false},"excerpt":{"rendered":"<p>Nas sete edi\u00e7\u00f5es anteriores consecutivas, cerca de 15 mil pessoas assistiram a mais de 260 document\u00e1rios, muitos deles in\u00e9ditos na Bahia e Brasil. O Festival promove o interc\u00e2mbio de ideias e incentiva que a cidade de Cachoeira e o estado da Bahia<\/p>\n","protected":false},"author":1,"featured_media":0,"parent":0,"menu_order":0,"comment_status":"closed","ping_status":"closed","template":"","meta":[],"_links":{"self":[{"href":"https:\/\/cachoeiradoc.com.br\/2017\/wp-json\/wp\/v2\/pages\/79"}],"collection":[{"href":"https:\/\/cachoeiradoc.com.br\/2017\/wp-json\/wp\/v2\/pages"}],"about":[{"href":"https:\/\/cachoeiradoc.com.br\/2017\/wp-json\/wp\/v2\/types\/page"}],"author":[{"embeddable":true,"href":"https:\/\/cachoeiradoc.com.br\/2017\/wp-json\/wp\/v2\/users\/1"}],"replies":[{"embeddable":true,"href":"https:\/\/cachoeiradoc.com.br\/2017\/wp-json\/wp\/v2\/comments?post=79"}],"version-history":[{"count":3,"href":"https:\/\/cachoeiradoc.com.br\/2017\/wp-json\/wp\/v2\/pages\/79\/revisions"}],"predecessor-version":[{"id":1412,"href":"https:\/\/cachoeiradoc.com.br\/2017\/wp-json\/wp\/v2\/pages\/79\/revisions\/1412"}],"wp:attachment":[{"href":"https:\/\/cachoeiradoc.com.br\/2017\/wp-json\/wp\/v2\/media?parent=79"}],"curies":[{"name":"wp","href":"https:\/\/api.w.org\/{rel}","templated":true}]}}