{"id":1646,"date":"2017-08-19T19:40:50","date_gmt":"2017-08-19T22:40:50","guid":{"rendered":"http:\/\/cachoeiradoc.com.br\/2017\/?page_id=1646"},"modified":"2017-08-30T18:29:49","modified_gmt":"2017-08-30T21:29:49","slug":"onde-ficar","status":"publish","type":"page","link":"https:\/\/cachoeiradoc.com.br\/2017\/onde-ficar\/","title":{"rendered":"Onde Ficar"},"content":{"rendered":"<p>Hospedagens em Cachoeira ou S\u00e3o F\u00e9lix<\/p>\n<p>$$ ou $$$ [entre 60 e 180 reais a di\u00e1ria do quarto single]<\/p>\n<p>Por ordem de proximidade do cinema:<\/p>\n<p><a href=\"https:\/\/www.booking.com\/hotel\/br\/pousada-pai-thomaz.pt-br.html?aid=354415;label=cachoeira-apart-t_ICbRewOaYcR6YvwSivJQS169206766687%3Apl%3Ata%3Ap1%3Ap2%3Aac%3Aap1t1%3Aneg%3Afi%3Atikwd-26521496637%3Alp1001533%3Ali%3Adec%3Adm;sid=51604f59d33afd459aac1d7843999640;dest_id=-632351;dest_type=city;dist=0;hpos=4;room1=A%2CA;sb_price_type=total;srepoch=1503181436;srfid=344506134a7b29f9b903e6658789af2c2bdeb5faX4;srpvid=fd219d7efcb2004f;type=total;ucfs=1&amp;#hotelTmpl\">Pousada Pai Thom\u00e1z:\u00a0<\/a><a class=\"fl r-i5BJjs1lIEtA\" title=\"Ligar pelo Hangouts\" data-number=\"+557534252718\" data-pstn-out-call-url=\"\" data-rtid=\"i5BJjs1lIEtA\" data-ved=\"0ahUKEwiYxJWEreTVAhXEj5AKHU4DA7QQkAgIsAEoADAU\">(75) 3425-2718<\/a><br \/>\n<a href=\"https:\/\/www.booking.com\/hotel\/br\/identidade-brasil.pt-br.html?aid=354415;label=cachoeira-apart-t_ICbRewOaYcR6YvwSivJQS169206766687%3Apl%3Ata%3Ap1%3Ap2%3Aac%3Aap1t1%3Aneg%3Afi%3Atikwd-26521496637%3Alp1001533%3Ali%3Adec%3Adm;sid=51604f59d33afd459aac1d7843999640;dest_id=-632351;dest_type=city;dist=0;hpos=7;room1=A%2CA;sb_price_type=total;srepoch=1503181436;srfid=344506134a7b29f9b903e6658789af2c2bdeb5faX7;srpvid=fd219d7efcb2004f;type=total;ucfs=1&amp;#hotelTmpl\">Identidade Brasil:<\/a><a class=\"fl r-i0xlWZeE16gE\" title=\"Ligar pelo Hangouts\" data-number=\"+557534251476\" data-pstn-out-call-url=\"\" data-rtid=\"i0xlWZeE16gE\" data-ved=\"0ahUKEwi53r3EruTVAhUJgZAKHUT4Ct0QkAgIrQEoADAQ\"> (75) 3425-1476<\/a><a href=\"https:\/\/www.booking.com\/hotel\/br\/identidade-brasil.pt-br.html?aid=354415;label=cachoeira-apart-t_ICbRewOaYcR6YvwSivJQS169206766687%3Apl%3Ata%3Ap1%3Ap2%3Aac%3Aap1t1%3Aneg%3Afi%3Atikwd-26521496637%3Alp1001533%3Ali%3Adec%3Adm;sid=51604f59d33afd459aac1d7843999640;dest_id=-632351;dest_type=city;dist=0;hpos=7;room1=A%2CA;sb_price_type=total;srepoch=1503181436;srfid=344506134a7b29f9b903e6658789af2c2bdeb5faX7;srpvid=fd219d7efcb2004f;type=total;ucfs=1&amp;#hotelTmpl\"><br \/>\n<\/a><a href=\"https:\/\/www.booking.com\/hotel\/br\/aclamacao-apart.pt-pt.html?aid=356986;label=gog235jc-hotel-pt-br-aclamacaoNapart-unspec-br-com-L%3Apt-O%3AwindowsS10-B%3Achrome-N%3AXX-S%3Abo-U%3Ac-H%3As;sid=51604f59d33afd459aac1d7843999640;frindrecv=1\">Aclama\u00e7\u00e3o Apart Hotel<\/a>: (75) 3425-3428<br \/>\n<a href=\"http:\/\/pousadalabarcacachoeira.blogspot.com.br\/2014\/05\/pousada-labarca-cachoeira-ba.html\">Pousada e Galeria Labarca<\/a>: (75) 3425-1070<br \/>\n<a href=\"https:\/\/www.booking.com\/hotel\/br\/pousada-casarao-cachoeira.pt-br.html\">Pousada Casar\u00e3o<\/a>: (75) 3425-1227<br \/>\n<a href=\"https:\/\/www.booking.com\/hotel\/br\/pousada-treze-de-marao.pt-br.html?aid=354415;label=cachoeira-apart-t_ICbRewOaYcR6YvwSivJQS169206766687%3Apl%3Ata%3Ap1%3Ap2%3Aac%3Aap1t1%3Aneg%3Afi%3Atikwd-26521496637%3Alp1001533%3Ali%3Adec%3Adm;sid=51604f59d33afd459aac1d7843999640;dest_id=-632351;dest_type=city;dist=0;hpos=5;room1=A%2CA;sb_price_type=total;srepoch=1503181436;srfid=344506134a7b29f9b903e6658789af2c2bdeb5faX5;srpvid=fd219d7efcb2004f;type=total;ucfs=1&amp;#hotelTmpl\">Pousada 13 de mar\u00e7o<\/a>: (75) 3425-5124<br \/>\n<a href=\"https:\/\/www.booking.com\/hotel\/br\/pousada-paraguassu.pt-br.html?aid=354415;label=cachoeira-apart-t_ICbRewOaYcR6YvwSivJQS169206766687%3Apl%3Ata%3Ap1%3Ap2%3Aac%3Aap1t1%3Aneg%3Afi%3Atikwd-26521496637%3Alp1001533%3Ali%3Adec%3Adm;sid=51604f59d33afd459aac1d7843999640;aer=1;dest_id=-632351;dest_type=city;dist=0;hpos=9;room1=A%2CA;sb_price_type=total;spdest=ci%2F-632351;spdist=0.2;srepoch=1503181436;srfid=344506134a7b29f9b903e6658789af2c2bdeb5faX9;srpvid=fd219d7efcb2004f;type=total;ucfs=1&amp;#hotelTmpl\">Pousada Paraguass\u00fa <\/a>(S\u00e3o F\u00e9lix): (75) 3438-3386<br \/>\n<a href=\"https:\/\/www.booking.com\/hotel\/br\/cachoeira-apart.pt-br.html?aid=354415;label=cachoeira-apart-t_ICbRewOaYcR6YvwSivJQS169206766687%3Apl%3Ata%3Ap1%3Ap2%3Aac%3Aap1t1%3Aneg%3Afi%3Atikwd-26521496637%3Alp1001533%3Ali%3Adec%3Adm;sid=51604f59d33afd459aac1d7843999640;dest_id=-632351;dest_type=city;dist=0;hpos=1;room1=A%2CA;sb_price_type=total;srepoch=1503181436;srfid=344506134a7b29f9b903e6658789af2c2bdeb5faX1;srpvid=fd219d7efcb2004f;type=total;ucfs=1&amp;#hotelTmpl\">Cachoeira Apart Hotel<\/a>: (75) 3425-2526 \/ (75) 3425-3413<br \/>\n<a href=\"https:\/\/www.booking.com\/hotel\/br\/pousada-reconcavo.pt-pt.html?aid=356986;label=gog235jc-hotel-pt-br-aclamacaoNapart-unspec-br-com-L%3Apt-O%3AwindowsS10-B%3Achrome-N%3AXX-S%3Abo-U%3Ac-H%3As;sid=51604f59d33afd459aac1d7843999640;frindrecv=1\">Pousada Rec\u00f4ncavo <\/a>(S\u00e3o F\u00e9lix)<br \/>\n<a href=\"http:\/\/www.fazendacasadomorro.com.br\">Fazenda Casa do Morro<\/a>:\u00a0(71) 98888.8184<br \/>\n<a href=\"https:\/\/www.booking.com\/hotel\/br\/fazenda-villa-rial.pt-br.html?aid=354415;label=cachoeira-apart-t_ICbRewOaYcR6YvwSivJQS169206766687%3Apl%3Ata%3Ap1%3Ap2%3Aac%3Aap1t1%3Aneg%3Afi%3Atikwd-26521496637%3Alp1001533%3Ali%3Adec%3Adm;sid=51604f59d33afd459aac1d7843999640;dest_id=-632351;dest_type=city;dist=0;hpos=6;room1=A%2CA;sb_price_type=total;srepoch=1503181436;srfid=344506134a7b29f9b903e6658789af2c2bdeb5faX6;srpvid=fd219d7efcb2004f;type=total;ucfs=1&amp;#hotelTmpl\">Hotel Fazenda Villa Rial<\/a>: (75) 3602-4600 \/ 8102-6541<br \/>\n<a href=\"https:\/\/www.booking.com\/hotel\/br\/la-buena-vida-apartamentos-sao-felix12.pt-br.html?aid=354415;label=cachoeira-apart-t_ICbRewOaYcR6YvwSivJQS169206766687%3Apl%3Ata%3Ap1%3Ap2%3Aac%3Aap1t1%3Aneg%3Afi%3Atikwd-26521496637%3Alp1001533%3Ali%3Adec%3Adm;sid=51604f59d33afd459aac1d7843999640;aer=1;dest_id=-632351;dest_type=city;dist=0;hpos=12;room1=A%2CA;sb_price_type=total;spdest=ci%2F-632351;spdist=0.7;srepoch=1503181436;srfid=344506134a7b29f9b903e6658789af2c2bdeb5faX12;srpvid=fd219d7efcb2004f;type=total;ucfs=1&amp;#hotelTmpl\">Apartamentos para alugar<\/a><\/p>\n<p>$ [at\u00e9 de R$60]<\/p>\n<p><a href=\"https:\/\/www.facebook.com\/hostelcasadeavany\/\">Hostel Casa de Avany<\/a>: <span class=\"_Xbe _ZWk kno-fv\"><a class=\"fl r-iGHi_W8Ovo8I\" title=\"Ligar pelo Hangouts\" data-number=\"+5571996098949\" data-pstn-out-call-url=\"\" data-rtid=\"iGHi_W8Ovo8I\" data-ved=\"0ahUKEwidnYTyg-zVAhVMl5AKHYCEAQEQkAgIfCgAMBA\">(71) 99609-8949<\/a><\/span><br \/>\nPens\u00e3o Tia Rosa: (75) 3425-1792<br \/>\nPousada da Matriz: (75) 9117-5609<br \/>\nPousada D\u2019Ajuda: (75) 3425-5278<br \/>\nVale das Cachoeiras Club Camping: (75) 3425-5256<br \/>\nPousada do Guerreiro: (75) 3425-3016<br \/>\nSanto Ant\u00f4nio Hotel: (75) 3425-1402<\/p>\n<p><a href=\"https:\/\/www.facebook.com\/profile.php?id=214271948975418&amp;ref=br_rs\">Grupo no Facebook de Hospedagem Solid\u00e1ria<\/a><\/p>\n","protected":false},"excerpt":{"rendered":"<p>Hospedagens em Cachoeira ou S\u00e3o F\u00e9lix $$ ou $$$ [entre 60 e 180 reais a di\u00e1ria do quarto single] Por ordem de proximidade do cinema: Pousada Pai Thom\u00e1z:\u00a0(75) 3425-2718 Identidade Brasil: (75) 3425-1476 Aclama\u00e7\u00e3o Apart Hotel: (75) 3425-3428 Pousada e Galeria Labarca:<\/p>\n","protected":false},"author":2,"featured_media":0,"parent":0,"menu_order":0,"comment_status":"closed","ping_status":"closed","template":"","meta":[],"_links":{"self":[{"href":"https:\/\/cachoeiradoc.com.br\/2017\/wp-json\/wp\/v2\/pages\/1646"}],"collection":[{"href":"https:\/\/cachoeiradoc.com.br\/2017\/wp-json\/wp\/v2\/pages"}],"about":[{"href":"https:\/\/cachoeiradoc.com.br\/2017\/wp-json\/wp\/v2\/types\/page"}],"author":[{"embeddable":true,"href":"https:\/\/cachoeiradoc.com.br\/2017\/wp-json\/wp\/v2\/users\/2"}],"replies":[{"embeddable":true,"href":"https:\/\/cachoeiradoc.com.br\/2017\/wp-json\/wp\/v2\/comments?post=1646"}],"version-history":[{"count":10,"href":"https:\/\/cachoeiradoc.com.br\/2017\/wp-json\/wp\/v2\/pages\/1646\/revisions"}],"predecessor-version":[{"id":1737,"href":"https:\/\/cachoeiradoc.com.br\/2017\/wp-json\/wp\/v2\/pages\/1646\/revisions\/1737"}],"wp:attachment":[{"href":"https:\/\/cachoeiradoc.com.br\/2017\/wp-json\/wp\/v2\/media?parent=1646"}],"curies":[{"name":"wp","href":"https:\/\/api.w.org\/{rel}","templated":true}]}}