{"id":4052,"date":"2016-08-17T14:51:09","date_gmt":"2016-08-17T17:51:09","guid":{"rendered":"http:\/\/cachoeiradoc.com.br\/2016\/?page_id=4052"},"modified":"2016-08-18T18:10:49","modified_gmt":"2016-08-18T21:10:49","slug":"ficha-tecnica","status":"publish","type":"page","link":"https:\/\/cachoeiradoc.com.br\/2016\/ficha-tecnica\/","title":{"rendered":"Ficha t\u00e9cnica"},"content":{"rendered":"<p style=\"text-align: justify;\"><span style=\"font-weight: 400;\"><strong>Idealiza\u00e7\u00e3o<\/strong>: Amaranta Cesar<\/span><\/p>\n<p style=\"text-align: justify;\"><span style=\"font-weight: 400;\"><strong>Coordena\u00e7\u00e3o art\u00edstica e acad\u00eamica<\/strong>: Amaranta Cesar e Ana Rosa Marques<\/span><\/p>\n<p style=\"text-align: justify;\"><span style=\"font-weight: 400;\"><strong>Coordena\u00e7\u00e3o de Produ\u00e7\u00e3o<\/strong>: Fernanda Pimenta e Leonardo Costa<\/span><\/p>\n<p style=\"text-align: justify;\"><span style=\"font-weight: 400;\"><strong>Curadoria da Mostra com Mulheres<\/strong>: Amaranta Cesar, Ana Carvalho, Carla Maia, Jana\u00edna de Oliveira, Lis Kogan, Marcela Borela, Maria Cardozo, Mariana Porto, Marisa Merlo e Yasmin Thayn\u00e1<\/span><\/p>\n<p style=\"text-align: justify;\"><span style=\"font-weight: 400;\"><strong>Curadoria da Mostra Contempor\u00e2nea<\/strong>: Amaranta Cesar, Ana Rosa Marques, Camila Greg\u00f3rio, Evandro Freitas, Fabio Rodrigues, Flora Braga, La\u00eds Lima, Maria Clara Arbex e Ulisses \u00a0Arthur<\/span><\/p>\n<p style=\"text-align: justify;\"><span style=\"font-weight: 400;\"><strong>Curadoria da Mostra Competitiva Nacional<\/strong>: Amaranta Cesar, Ana Rosa Marques, Evandro Freitas, Flora Braga, La\u00eds Lima e Ulisses Arthur<\/span><\/p>\n<p style=\"text-align: justify;\"><span style=\"font-weight: 400;\"><strong>Tr\u00e1fego<\/strong>: Evandro Freitas<\/span><\/p>\n<p style=\"text-align: justify;\"><span style=\"font-weight: 400;\"><strong>T\u00e9cnico das proje\u00e7\u00f5es<\/strong>: Samir Suzart<\/span><\/p>\n<p style=\"text-align: justify;\"><strong>Auxiliar da proje\u00e7\u00e3o<\/strong>:\u00a0Mateus Ribeiro<\/p>\n<p style=\"text-align: justify;\"><span style=\"font-weight: 400;\"><strong>Produ\u00e7\u00e3o<\/strong>: Heide Costa<\/span><\/p>\n<p style=\"text-align: justify;\"><span style=\"font-weight: 400;\"><strong>Produ\u00e7\u00e3o Local<\/strong>: Clarissa Brand\u00e3o<\/span><\/p>\n<p style=\"text-align: justify;\"><span style=\"font-weight: 400;\"><strong>Mobiliza\u00e7\u00e3o<\/strong>: Fabio Rodrigues<\/span><\/p>\n<p style=\"text-align: justify;\"><span style=\"font-weight: 400;\"><strong>Vinhetas<\/strong>: Danilo Scaldaferri <\/span><\/p>\n<p style=\"text-align: justify;\"><span style=\"font-weight: 400;\"><strong>Assessoria de Comunica\u00e7\u00e3o<\/strong>: Maria Clara Lima<\/span><\/p>\n<p style=\"text-align: justify;\"><b>Fotos<\/b><span style=\"font-weight: 400;\">: Fernanda Pimenta e Danilo Scaldaferri<\/span><\/p>\n<p style=\"text-align: justify;\"><span style=\"font-weight: 400;\"><strong>Site<\/strong>: Fernanda Pimenta e Leonardo Costa<\/span><\/p>\n<p style=\"text-align: justify;\"><b>Programa\u00e7\u00e3o Gr\u00e1fica<\/b><span style=\"font-weight: 400;\">: Everton Marco e Tiago Ribeiro<\/span><\/p>\n<p style=\"text-align: justify;\"><b>Monitores<\/b><span style=\"font-weight: 400;\">: Anna Terra Peixoto Paiva, Bruna Maria, Camila Greg\u00f3rio, Gabriela Palha, Geilane de Oliveira, Hen\u00e1 Guimar\u00e3es, Jean Walker, <\/span><span style=\"font-weight: 400;\">Leopoldo Vaz Eust\u00e1quio<\/span><span style=\"font-weight: 400;\">, Maria Clara Arbex, <\/span><span style=\"font-weight: 400;\">Marvin Pereira<\/span><span style=\"font-weight: 400;\">, Mateus Santos Ribeiro, Ra\u00ed Gandra<\/span><\/p>\n<p style=\"text-align: justify;\"><b>Registro fotogr\u00e1fico<\/b><span style=\"font-weight: 400;\">: <\/span><span style=\"font-weight: 400;\">\u00c1llan Maia<\/span><span style=\"font-weight: 400;\">, Jeronimo Ruan de Jesus Rodrigues e Pedro Maia <\/span><\/p>\n<p style=\"text-align: justify;\"><b>Coordena\u00e7\u00e3o da Cobertura Audiovisual<\/b><span style=\"font-weight: 400;\">: Flora Braga e Ulisses Arthur<\/span><\/p>\n<p style=\"text-align: justify;\"><b>Cobertura Audiovisual:<\/b><span style=\"font-weight: 400;\"> Augusto Daltro, Erick Lawrence, <\/span><span style=\"font-weight: 400;\">Evanize Essi<\/span><span style=\"font-weight: 400;\">, L\u00e9o Costa, Liz Riscado, Lucas Bonillo, Rafael Rauedys, Rudyally Kony <\/span><\/p>\n<p><strong>Spot r\u00e1dio:<\/strong> Evelin Buchegger e Emerson Cabral<\/p>\n<p><strong>Trof\u00e9u:<\/strong> Louco Filho<\/p>\n","protected":false},"excerpt":{"rendered":"<p>Idealiza\u00e7\u00e3o: Amaranta Cesar Coordena\u00e7\u00e3o art\u00edstica e acad\u00eamica: Amaranta Cesar e Ana Rosa Marques Coordena\u00e7\u00e3o de Produ\u00e7\u00e3o: Fernanda Pimenta e Leonardo Costa Curadoria da Mostra com Mulheres: Amaranta Cesar, Ana Carvalho, Carla Maia, Jana\u00edna de Oliveira, Lis Kogan, Marcela Borela, Maria Cardozo, Mariana Porto, Marisa Merlo e Yasmin Thayn\u00e1 Curadoria da Mostra Contempor\u00e2nea: Amaranta Cesar, Ana&#8230; <\/p>\n<div class=\"clear\"><\/div>\n<p><a href=\"https:\/\/cachoeiradoc.com.br\/2016\/ficha-tecnica\/\" class=\"gdlr-info-font excerpt-read-more\">Leia mais<\/a><\/p>\n","protected":false},"author":1,"featured_media":0,"parent":0,"menu_order":0,"comment_status":"closed","ping_status":"closed","template":"","meta":[],"_links":{"self":[{"href":"https:\/\/cachoeiradoc.com.br\/2016\/wp-json\/wp\/v2\/pages\/4052"}],"collection":[{"href":"https:\/\/cachoeiradoc.com.br\/2016\/wp-json\/wp\/v2\/pages"}],"about":[{"href":"https:\/\/cachoeiradoc.com.br\/2016\/wp-json\/wp\/v2\/types\/page"}],"author":[{"embeddable":true,"href":"https:\/\/cachoeiradoc.com.br\/2016\/wp-json\/wp\/v2\/users\/1"}],"replies":[{"embeddable":true,"href":"https:\/\/cachoeiradoc.com.br\/2016\/wp-json\/wp\/v2\/comments?post=4052"}],"version-history":[{"count":4,"href":"https:\/\/cachoeiradoc.com.br\/2016\/wp-json\/wp\/v2\/pages\/4052\/revisions"}],"predecessor-version":[{"id":4116,"href":"https:\/\/cachoeiradoc.com.br\/2016\/wp-json\/wp\/v2\/pages\/4052\/revisions\/4116"}],"wp:attachment":[{"href":"https:\/\/cachoeiradoc.com.br\/2016\/wp-json\/wp\/v2\/media?parent=4052"}],"curies":[{"name":"wp","href":"https:\/\/api.w.org\/{rel}","templated":true}]}}