{"id":3837,"date":"2016-08-09T14:48:05","date_gmt":"2016-08-09T17:48:05","guid":{"rendered":"http:\/\/cachoeiradoc.com.br\/2016\/?page_id=3837"},"modified":"2016-08-25T15:45:34","modified_gmt":"2016-08-25T18:45:34","slug":"vivencia-em-curadoria-da-perspectiva-das-mulheres","status":"publish","type":"page","link":"https:\/\/cachoeiradoc.com.br\/2016\/vivencia-em-curadoria-da-perspectiva-das-mulheres\/","title":{"rendered":"Viv\u00eancia em curadoria da perspectiva das mulheres"},"content":{"rendered":"<p><em>Viv\u00eancia em curadoria da perspectiva das mulheres<\/em><\/p>\n<p style=\"text-align: justify;\">Quando pensamos que a exist\u00eancia hist\u00f3rica dos filmes \u00e9 uma constru\u00e7\u00e3o da cr\u00edtica e das institui\u00e7\u00f5es curatoriais, inst\u00e2ncias majoritariamente ocupadas por homens, como n\u00e3o suspeitar que a aparente fr\u00e1gil presen\u00e7a de mulheres no cinema brasileiro n\u00e3o se deve tamb\u00e9m \u00e0s perspectivas masculinas que estariam imiscu\u00eddas aos crit\u00e9rios de valora\u00e7\u00e3o dos filmes?\u00a0 Nos perguntamos, ent\u00e3o, em que medida a atua\u00e7\u00e3o minorit\u00e1ria das mulheres na curadoria e na cr\u00edtica condiciona os par\u00e2metros de legitima\u00e7\u00e3o dos filmes em vigor, bem como a not\u00e1vel neglig\u00eancia cr\u00edtica em rela\u00e7\u00e3o \u00e0s mulheres do\/no cinema brasileiro. Assim, a partir da considera\u00e7\u00e3o de\u00a0<span lang=\"EN-US\">que a curadoria, inst\u00e2ncia fundamental para a inscri\u00e7\u00e3o dos filmes na Hist\u00f3ria dos cinemas, \u00e9 uma a\u00e7\u00e3o pol\u00edtica e perspectivada, a\u00a0<i>Viv\u00eancia em curadoria da perspectiva das mulheres<\/i>\u00a0<\/span><span lang=\"EN-US\">levanta e tenta enfrentar a quest\u00e3o: o que podem as mulheres para a legitima\u00e7\u00e3o e escritura hist\u00f3rica dos filmes de mulheres e de suas trajet\u00f3rias?<\/span><\/p>\n<p style=\"text-align: justify;\"><strong>Programa:<\/strong><\/p>\n<p style=\"text-align: justify;\"><strong>As mulheres, cinema experimental e de autor<\/strong>, com Lis Kogan (Semana dos Realizadores), Marcela Borela (Fronteira Festival) e Marisa Merlo (Olhar de Cinema: Festival Internacional de Cinema de Curitiba).<\/p>\n<p style=\"text-align: justify;\"><strong>As mulheres e o cinema negro<\/strong>, com Jana\u00edna de Oliveira (F\u00f3rum Itinerante de Cinema Negro \u2013 FICINE) e Yasmim Thayn\u00e1 (Afroflix).<\/p>\n<p style=\"text-align: justify;\"><strong>Programar filmes de mulheres<\/strong>, com Maria Cardozo e Mariana Porto.<\/p>\n<p style=\"text-align: justify;\"><strong>\u201cSob o risco do G\u00eanero: clausuras, rasuras e afetos de um cinema com mulheres\u201d<\/strong>, com Carla Maia (Filmes de Quintal, Forumdoc.bh).<\/p>\n<p style=\"text-align: justify;\">Media\u00e7\u00e3o Amaranta Cesar<\/p>\n<p style=\"text-align: justify;\"><span style=\"font-family: arial, helvetica, sans-serif;\"><strong>Quando<\/strong><strong>: 6 de setembro, das 9h \u00e0s 17h<\/strong><br \/>\n<strong>Onde<\/strong><strong>: Funda\u00e7\u00e3o Casa Hansen, S\u00e3o F\u00e9lix, Bahia<\/strong><br \/>\n<strong>Carga hor\u00e1ria<\/strong><strong>: 6 horas (9h \u00e0s 17h)<\/strong><br \/>\n<strong>Quanto<\/strong><strong>: Gratuito<\/strong><\/span><\/p>\n<p style=\"text-align: justify;\">A viv\u00eancia se complementa com a Mostra Com Mulheres, que acontecer\u00e1 no Cine-Theatro Cachoeirano, de 6 a 10 de setembro, com curadoria coletiva de Carla Maia, Jana\u00edna de Oliveira, Lis Kogan, Maria Cardozo, Mariana Porto, Marisa Merlo, Marcela Borela, Yasmim Thayn\u00e1 e Amaranta Cesar.<\/p>\n<p style=\"text-align: justify;\">O CachoeiraDoc \u00e9 uma realiza\u00e7\u00e3o da Ritos Produ\u00e7\u00f5es e do Grupo de Estudos e Pr\u00e1ticas do Document\u00e1rio, do Curso de Cinema e Audiovisual da UFRB, e conta com o apoio financeiro do Fundo de Cultura da Secretaria de Cultura da Bahia desde a sua primeira edi\u00e7\u00e3o, em 2010. A viv\u00eancia tem apoio da\u00a0Pr\u00f3-Reitoria de Extens\u00e3o da UFRB, atrav\u00e9s do Edital de Apoio a Eventos Acad\u00eamico e da Secretaria de Pol\u00edtica para Mulheres do Governo do Estado da Bahia.<\/p>\n","protected":false},"excerpt":{"rendered":"<p>Viv\u00eancia em curadoria da perspectiva das mulheres Quando pensamos que a exist\u00eancia hist\u00f3rica dos filmes \u00e9 uma constru\u00e7\u00e3o da cr\u00edtica e das institui\u00e7\u00f5es curatoriais, inst\u00e2ncias majoritariamente ocupadas por homens, como n\u00e3o suspeitar que a aparente fr\u00e1gil presen\u00e7a de mulheres no cinema brasileiro n\u00e3o se deve tamb\u00e9m \u00e0s perspectivas masculinas que estariam imiscu\u00eddas aos crit\u00e9rios de&#8230; <\/p>\n<div class=\"clear\"><\/div>\n<p><a href=\"https:\/\/cachoeiradoc.com.br\/2016\/vivencia-em-curadoria-da-perspectiva-das-mulheres\/\" class=\"gdlr-info-font excerpt-read-more\">Leia mais<\/a><\/p>\n","protected":false},"author":1,"featured_media":3835,"parent":0,"menu_order":0,"comment_status":"closed","ping_status":"closed","template":"","meta":[],"_links":{"self":[{"href":"https:\/\/cachoeiradoc.com.br\/2016\/wp-json\/wp\/v2\/pages\/3837"}],"collection":[{"href":"https:\/\/cachoeiradoc.com.br\/2016\/wp-json\/wp\/v2\/pages"}],"about":[{"href":"https:\/\/cachoeiradoc.com.br\/2016\/wp-json\/wp\/v2\/types\/page"}],"author":[{"embeddable":true,"href":"https:\/\/cachoeiradoc.com.br\/2016\/wp-json\/wp\/v2\/users\/1"}],"replies":[{"embeddable":true,"href":"https:\/\/cachoeiradoc.com.br\/2016\/wp-json\/wp\/v2\/comments?post=3837"}],"version-history":[{"count":12,"href":"https:\/\/cachoeiradoc.com.br\/2016\/wp-json\/wp\/v2\/pages\/3837\/revisions"}],"predecessor-version":[{"id":4144,"href":"https:\/\/cachoeiradoc.com.br\/2016\/wp-json\/wp\/v2\/pages\/3837\/revisions\/4144"}],"wp:featuredmedia":[{"embeddable":true,"href":"https:\/\/cachoeiradoc.com.br\/2016\/wp-json\/wp\/v2\/media\/3835"}],"wp:attachment":[{"href":"https:\/\/cachoeiradoc.com.br\/2016\/wp-json\/wp\/v2\/media?parent=3837"}],"curies":[{"name":"wp","href":"https:\/\/api.w.org\/{rel}","templated":true}]}}