{"id":6,"date":"2015-04-13T13:27:12","date_gmt":"2015-04-13T13:27:12","guid":{"rendered":"http:\/\/cachoeiradoc.com.br\/2015\/?page_id=6"},"modified":"2015-08-17T09:02:55","modified_gmt":"2015-08-17T12:02:55","slug":"edicoes-anteriores","status":"publish","type":"page","link":"https:\/\/cachoeiradoc.com.br\/2015\/edicoes-anteriores\/","title":{"rendered":"Edi\u00e7\u00f5es anteriores"},"content":{"rendered":"<div class=\"vc_row wpb_row vc_row-fluid\"><div class=\"wpb_column vc_column_container vc_col-sm-12\"><div class=\"wpb_wrapper\">\n\t<div class=\"wpb_text_column wpb_content_element \">\n\t\t<div class=\"wpb_wrapper\">\n\t\t\t<p style=\"text-align: justify;\">Em 2015 realizamos a sexta edi\u00e7\u00e3o deste festival que deseja que as pessoas se encontrem atrav\u00e9s do cinema, que as pessoas reflitam e debatam sobre o mundo atrav\u00e9s do\u00a0document\u00e1rio. Saiba mais das edi\u00e7\u00f5es anteriores.<\/p>\n\n\t\t<\/div>\n\t<\/div>\n<\/div><\/div><\/div><div class=\"vc_row wpb_row vc_row-fluid\"><div class=\"wpb_column vc_column_container vc_col-sm-4\"><div class=\"wpb_wrapper\">\n\t<div class=\"wpb_single_image wpb_content_element vc_align_\">\n\t\t<div class=\"wpb_wrapper\">\n\t\t\t\n\t\t\t<a href=\"http:\/\/www.cachoeiradoc.com.br\/2010\" target=\"_self\"><div class=\"vc_single_image-wrapper   vc_box_border_grey\"><img width=\"150\" height=\"150\" src=\"https:\/\/cachoeiradoc.com.br\/2015\/wp-content\/uploads\/2015\/04\/2010-150x150.png\" class=\"vc_single_image-img attachment-thumbnail\" alt=\"\" loading=\"lazy\" srcset=\"https:\/\/cachoeiradoc.com.br\/2015\/wp-content\/uploads\/2015\/04\/2010-150x150.png 150w, https:\/\/cachoeiradoc.com.br\/2015\/wp-content\/uploads\/2015\/04\/2010-524x524.png 524w, https:\/\/cachoeiradoc.com.br\/2015\/wp-content\/uploads\/2015\/04\/2010-100x100.png 100w\" sizes=\"(max-width: 150px) 100vw, 150px\" \/><\/div><\/a>\n\t\t<\/div>\n\t<\/div>\n\n\t<div class=\"wpb_text_column wpb_content_element \">\n\t\t<div class=\"wpb_wrapper\">\n\t\t\t<p style=\"text-align: justify;\">Para ter acesso ao site da primeira edi\u00e7\u00e3o:\u00a0<a href=\"http:\/\/www.cachoeiradoc.com.br\/2010\" target=\"_blank\">Edi\u00e7\u00e3o 2010<\/a><\/p>\n\n\t\t<\/div>\n\t<\/div>\n<\/div><\/div><div class=\"wpb_column vc_column_container vc_col-sm-4\"><div class=\"wpb_wrapper\">\n\t<div class=\"wpb_single_image wpb_content_element vc_align_\">\n\t\t<div class=\"wpb_wrapper\">\n\t\t\t\n\t\t\t<a href=\"http:\/\/www.cachoeiradoc.com.br\/2011\" target=\"_self\"><div class=\"vc_single_image-wrapper   vc_box_border_grey\"><img width=\"150\" height=\"150\" src=\"https:\/\/cachoeiradoc.com.br\/2015\/wp-content\/uploads\/2015\/04\/cachoeiradoc1-150x150.jpg\" class=\"vc_single_image-img attachment-thumbnail\" alt=\"\" loading=\"lazy\" srcset=\"https:\/\/cachoeiradoc.com.br\/2015\/wp-content\/uploads\/2015\/04\/cachoeiradoc1-150x150.jpg 150w, https:\/\/cachoeiradoc.com.br\/2015\/wp-content\/uploads\/2015\/04\/cachoeiradoc1-100x100.jpg 100w\" sizes=\"(max-width: 150px) 100vw, 150px\" \/><\/div><\/a>\n\t\t<\/div>\n\t<\/div>\n\n\t<div class=\"wpb_text_column wpb_content_element \">\n\t\t<div class=\"wpb_wrapper\">\n\t\t\t<p style=\"text-align: justify;\">Para ter acesso ao site da segunda edi\u00e7\u00e3o:\u00a0<a href=\"http:\/\/www.cachoeiradoc.com.br\/2011\" target=\"_blank\">Edi\u00e7\u00e3o 2011<\/a><\/p>\n\n\t\t<\/div>\n\t<\/div>\n<\/div><\/div><div class=\"wpb_column vc_column_container vc_col-sm-4\"><div class=\"wpb_wrapper\">\n\t<div class=\"wpb_single_image wpb_content_element vc_align_  vc_custom_1437231940532\">\n\t\t<div class=\"wpb_wrapper\">\n\t\t\t\n\t\t\t<a href=\"http:\/\/www.cachoeiradoc.com.br\/2012\" target=\"_self\"><div class=\"vc_single_image-wrapper   vc_box_border_grey\"><img width=\"150\" height=\"150\" src=\"https:\/\/cachoeiradoc.com.br\/2015\/wp-content\/uploads\/2015\/04\/site-cachoeira-doc-2012--150x150.jpg\" class=\"vc_single_image-img attachment-thumbnail\" alt=\"\" loading=\"lazy\" srcset=\"https:\/\/cachoeiradoc.com.br\/2015\/wp-content\/uploads\/2015\/04\/site-cachoeira-doc-2012--150x150.jpg 150w, https:\/\/cachoeiradoc.com.br\/2015\/wp-content\/uploads\/2015\/04\/site-cachoeira-doc-2012--524x524.jpg 524w, https:\/\/cachoeiradoc.com.br\/2015\/wp-content\/uploads\/2015\/04\/site-cachoeira-doc-2012--100x100.jpg 100w\" sizes=\"(max-width: 150px) 100vw, 150px\" \/><\/div><\/a>\n\t\t<\/div>\n\t<\/div>\n\n\t<div class=\"wpb_text_column wpb_content_element \">\n\t\t<div class=\"wpb_wrapper\">\n\t\t\t<p style=\"text-align: justify;\">Para ter acesso ao site da terceira edi\u00e7\u00e3o:\u00a0<a style=\"font-weight: inherit; font-style: inherit;\" href=\"http:\/\/www.cachoeiradoc.com.br\/2012\">Edi\u00e7\u00e3o 2012<\/a><\/p>\n\n\t\t<\/div>\n\t<\/div>\n<\/div><\/div><\/div><div class=\"vc_row wpb_row vc_row-fluid\"><div class=\"wpb_column vc_column_container vc_col-sm-4\"><div class=\"wpb_wrapper\">\n\t<div class=\"wpb_single_image wpb_content_element vc_align_\">\n\t\t<div class=\"wpb_wrapper\">\n\t\t\t\n\t\t\t<a href=\"http:\/\/www.cachoeiradoc.com.br\/2010\" target=\"_self\"><div class=\"vc_single_image-wrapper   vc_box_border_grey\"><img width=\"150\" height=\"150\" src=\"https:\/\/cachoeiradoc.com.br\/2015\/wp-content\/uploads\/2015\/04\/cachoeiradoc4_cartaz_A2_2-150x150.jpg\" class=\"vc_single_image-img attachment-thumbnail\" alt=\"\" loading=\"lazy\" srcset=\"https:\/\/cachoeiradoc.com.br\/2015\/wp-content\/uploads\/2015\/04\/cachoeiradoc4_cartaz_A2_2-150x150.jpg 150w, https:\/\/cachoeiradoc.com.br\/2015\/wp-content\/uploads\/2015\/04\/cachoeiradoc4_cartaz_A2_2-524x524.jpg 524w, https:\/\/cachoeiradoc.com.br\/2015\/wp-content\/uploads\/2015\/04\/cachoeiradoc4_cartaz_A2_2-100x100.jpg 100w\" sizes=\"(max-width: 150px) 100vw, 150px\" \/><\/div><\/a>\n\t\t<\/div>\n\t<\/div>\n\n\t<div class=\"wpb_text_column wpb_content_element \">\n\t\t<div class=\"wpb_wrapper\">\n\t\t\t<p style=\"text-align: justify;\">Para ter acesso ao site da quarta edi\u00e7\u00e3o:\u00a0<a href=\"http:\/\/www.cachoeiradoc.com.br\/2013\" target=\"_blank\">Edi\u00e7\u00e3o 2013<\/a><\/p>\n\n\t\t<\/div>\n\t<\/div>\n<\/div><\/div><div class=\"wpb_column vc_column_container vc_col-sm-4\"><div class=\"wpb_wrapper\">\n\t<div class=\"wpb_single_image wpb_content_element vc_align_\">\n\t\t<div class=\"wpb_wrapper\">\n\t\t\t\n\t\t\t<a href=\"http:\/\/www.cachoeiradoc.com.br\/2014\" target=\"_self\"><div class=\"vc_single_image-wrapper   vc_box_border_grey\"><img width=\"150\" height=\"150\" src=\"https:\/\/cachoeiradoc.com.br\/2015\/wp-content\/uploads\/2015\/04\/cartaz_cachoeiraDOC-V-150x150.jpg\" class=\"vc_single_image-img attachment-thumbnail\" alt=\"\" loading=\"lazy\" srcset=\"https:\/\/cachoeiradoc.com.br\/2015\/wp-content\/uploads\/2015\/04\/cartaz_cachoeiraDOC-V-150x150.jpg 150w, https:\/\/cachoeiradoc.com.br\/2015\/wp-content\/uploads\/2015\/04\/cartaz_cachoeiraDOC-V-524x524.jpg 524w, https:\/\/cachoeiradoc.com.br\/2015\/wp-content\/uploads\/2015\/04\/cartaz_cachoeiraDOC-V-100x100.jpg 100w\" sizes=\"(max-width: 150px) 100vw, 150px\" \/><\/div><\/a>\n\t\t<\/div>\n\t<\/div>\n\n\t<div class=\"wpb_text_column wpb_content_element \">\n\t\t<div class=\"wpb_wrapper\">\n\t\t\t<p style=\"text-align: justify;\">Para ter acesso ao site da quinta edi\u00e7\u00e3o:\u00a0<a href=\"http:\/\/www.cachoeiradoc.com.br\/2014\" target=\"_blank\">Edi\u00e7\u00e3o 2014<\/a><\/p>\n\n\t\t<\/div>\n\t<\/div>\n<\/div><\/div><\/div>\n","protected":false},"excerpt":{"rendered":"Em 2015 realizamos a sexta edi\u00e7\u00e3o deste festival que deseja que as pessoas se encontrem atrav\u00e9s do cinema, que as pessoas reflitam e debatam sobre o mundo atrav\u00e9s do\u00a0document\u00e1rio. Saiba mais das edi\u00e7\u00f5es anteriores. Para ter acesso ao site da primeira edi\u00e7\u00e3o:\u00a0Edi\u00e7\u00e3o 2010 Para ter acesso ao site da segunda edi\u00e7\u00e3o:\u00a0Edi\u00e7\u00e3o 2011 Para ter acesso","protected":false},"author":1,"featured_media":1248,"parent":0,"menu_order":0,"comment_status":"open","ping_status":"open","template":"template-blog.php","meta":[],"_links":{"self":[{"href":"https:\/\/cachoeiradoc.com.br\/2015\/wp-json\/wp\/v2\/pages\/6"}],"collection":[{"href":"https:\/\/cachoeiradoc.com.br\/2015\/wp-json\/wp\/v2\/pages"}],"about":[{"href":"https:\/\/cachoeiradoc.com.br\/2015\/wp-json\/wp\/v2\/types\/page"}],"author":[{"embeddable":true,"href":"https:\/\/cachoeiradoc.com.br\/2015\/wp-json\/wp\/v2\/users\/1"}],"replies":[{"embeddable":true,"href":"https:\/\/cachoeiradoc.com.br\/2015\/wp-json\/wp\/v2\/comments?post=6"}],"version-history":[{"count":8,"href":"https:\/\/cachoeiradoc.com.br\/2015\/wp-json\/wp\/v2\/pages\/6\/revisions"}],"predecessor-version":[{"id":1820,"href":"https:\/\/cachoeiradoc.com.br\/2015\/wp-json\/wp\/v2\/pages\/6\/revisions\/1820"}],"wp:featuredmedia":[{"embeddable":true,"href":"https:\/\/cachoeiradoc.com.br\/2015\/wp-json\/wp\/v2\/media\/1248"}],"wp:attachment":[{"href":"https:\/\/cachoeiradoc.com.br\/2015\/wp-json\/wp\/v2\/media?parent=6"}],"curies":[{"name":"wp","href":"https:\/\/api.w.org\/{rel}","templated":true}]}}