{"id":2037,"date":"2015-08-30T12:57:13","date_gmt":"2015-08-30T15:57:13","guid":{"rendered":"http:\/\/cachoeiradoc.com.br\/2015\/?page_id=2037"},"modified":"2015-08-30T14:15:40","modified_gmt":"2015-08-30T17:15:40","slug":"apresentacoes-musicais","status":"publish","type":"page","link":"https:\/\/cachoeiradoc.com.br\/2015\/apresentacoes-musicais\/","title":{"rendered":"Apresenta\u00e7\u00f5es musicais"},"content":{"rendered":"<div class=\"vc_row wpb_row vc_row-fluid\"><div class=\"wpb_column vc_column_container vc_col-sm-12\"><div class=\"wpb_wrapper\">\n\t<div class=\"wpb_text_column wpb_content_element \">\n\t\t<div class=\"wpb_wrapper\">\n\t\t\t<p>Toda noite, ap\u00f3s os filmes, apresenta\u00e7\u00f5es musicais.<\/p>\n\n\t\t<\/div>\n\t<\/div>\n<\/div><\/div><\/div><div class=\"vc_row wpb_row vc_row-fluid\"><div class=\"wpb_column vc_column_container vc_col-sm-6\"><div class=\"wpb_wrapper\">\n\t<div class=\"wpb_single_image wpb_content_element vc_align_center  wpb_animate_when_almost_visible wpb_bottom-to-top\">\n\t\t<div class=\"wpb_wrapper\">\n\t\t\t\n\t\t\t<div class=\"vc_single_image-wrapper   vc_box_border_grey\"><img class=\"vc_single_image-img \" src=\"https:\/\/cachoeiradoc.com.br\/2015\/wp-content\/uploads\/2015\/08\/Dona_Dalva_Damiana_Samba_Suerdieck1-500x300.jpg\" width=\"500\" height=\"300\" alt=\"Dona_Dalva_Damiana_Samba_Suerdieck\" title=\"Dona_Dalva_Damiana_Samba_Suerdieck\" \/><\/div>\n\t\t<\/div>\n\t<\/div>\n<h4 class=\"box_header\">Samba de Roda de Dona Dalva<\/h4>\n\t<div class=\"wpb_text_column wpb_content_element  wpb_animate_when_almost_visible wpb_bottom-to-top\">\n\t\t<div class=\"wpb_wrapper\">\n\t\t\t<p>O Samba de Roda de Dona Dalva \u00e9 um dos mais tradicionais do Rec\u00f4ncavo baiano. A m\u00fasica do grupo vem dos saberes dos antepassados e traz refer\u00eancias dos batuques, candombl\u00e9s, caboclo e samba das mulheres do partido alto. Dona Dalva \u00e9 Doutora Honoris Causa pela UFRB.<\/p>\n<p>1\/9, \u00e0s 21h<\/p>\n<p>Pra\u00e7a Teixeira de Freitas<\/p>\n\n\t\t<\/div>\n\t<\/div>\n<\/div><\/div><div class=\"wpb_column vc_column_container vc_col-sm-6\"><div class=\"wpb_wrapper\">\n\t<div class=\"wpb_single_image wpb_content_element vc_align_left\">\n\t\t<div class=\"wpb_wrapper\">\n\t\t\t\n\t\t\t<div class=\"vc_single_image-wrapper   vc_box_border_grey\"><img class=\"vc_single_image-img \" src=\"https:\/\/cachoeiradoc.com.br\/2015\/wp-content\/uploads\/2015\/08\/Quartas-Experimentais-500x300.jpg\" width=\"500\" height=\"300\" alt=\"Quartas Experimentais\" title=\"Quartas Experimentais\" \/><\/div>\n\t\t<\/div>\n\t<\/div>\n<h4 class=\"box_header\">Quartas Experimentais<\/h4>\n\t<div class=\"wpb_text_column wpb_content_element \">\n\t\t<div class=\"wpb_wrapper\">\n\t\t\t<p>Festa realizada em uma quarta aleat\u00f3ria de cada m\u00eas, em Cachoeira. Foi criada para experimenta\u00e7\u00f5es art\u00edsticas e \u00e9 aberta ao p\u00fablico. Esta ser\u00e1 a \u00faltima Quartas Experimentais da hist\u00f3ria: autodestrutiva.<\/p>\n<p>2\/9, \u00e0s 22h30<\/p>\n<p>Cabana do Doid\u00e3o<\/p>\n\n\t\t<\/div>\n\t<\/div>\n<\/div><\/div><\/div><div class=\"vc_row wpb_row vc_row-fluid\"><div class=\"wpb_column vc_column_container vc_col-sm-6\"><div class=\"wpb_wrapper\">\n\t<div class=\"wpb_single_image wpb_content_element vc_align_center  wpb_animate_when_almost_visible wpb_bottom-to-top\">\n\t\t<div class=\"wpb_wrapper\">\n\t\t\t\n\t\t\t<div class=\"vc_single_image-wrapper   vc_box_border_grey\"><img class=\"vc_single_image-img \" src=\"https:\/\/cachoeiradoc.com.br\/2015\/wp-content\/uploads\/2015\/08\/Na-Tora1-500x300.jpg\" width=\"500\" height=\"300\" alt=\"Na Tora\" title=\"Na Tora\" \/><\/div>\n\t\t<\/div>\n\t<\/div>\n<h4 class=\"box_header\">Na Tora Baile System<\/h4>\n\t<div class=\"wpb_text_column wpb_content_element \">\n\t\t<div class=\"wpb_wrapper\">\n\t\t\t<p>Na Tora Baile System \u00e9 um coletivo de interven\u00e7\u00e3o sonora constru\u00eddo no fluxo Cachoeira\/ S\u00e3o F\u00e9lix.<\/p>\n<p>3\/9, \u00e0s 21h30<\/p>\n<p>Pra\u00e7a Teixeira de Freitas<\/p>\n\n\t\t<\/div>\n\t<\/div>\n<\/div><\/div><div class=\"wpb_column vc_column_container vc_col-sm-6\"><div class=\"wpb_wrapper\">\n\t<div class=\"wpb_single_image wpb_content_element vc_align_left  wpb_animate_when_almost_visible wpb_bottom-to-top\">\n\t\t<div class=\"wpb_wrapper\">\n\t\t\t\n\t\t\t<div class=\"vc_single_image-wrapper   vc_box_border_grey\"><img class=\"vc_single_image-img \" src=\"https:\/\/cachoeiradoc.com.br\/2015\/wp-content\/uploads\/2015\/08\/foto3-500x300.jpg\" width=\"500\" height=\"300\" alt=\"foto3\" title=\"foto3\" \/><\/div>\n\t\t<\/div>\n\t<\/div>\n<h4 class=\"box_header\">Giovani Cidreira<\/h4>\n\t<div class=\"wpb_text_column wpb_content_element \">\n\t\t<div class=\"wpb_wrapper\">\n\t\t\t<p>Com influ\u00eancias de diversos estilos, como MPB e rock dos anos 70, <em>soul music<\/em>, barroco e pop, o compositor e cantor soteropolitano Giovani Cidreira dialoga com literatura, cinema e artes visuais, al\u00e9m de resgatar suas ra\u00edzes musicais e mem\u00f3rias de inf\u00e2ncia no interior da Bahia.<\/p>\n<p>4\/9, \u00e0s 23h30<\/p>\n<p>Pra\u00e7a Teixeira de Freitas<\/p>\n\n\t\t<\/div>\n\t<\/div>\n<\/div><\/div><\/div><div class=\"vc_row wpb_row vc_row-fluid\"><div class=\"wpb_column vc_column_container vc_col-sm-6\"><div class=\"wpb_wrapper\">\n\t<div class=\"wpb_single_image wpb_content_element vc_align_center  wpb_animate_when_almost_visible wpb_bottom-to-top\">\n\t\t<div class=\"wpb_wrapper\">\n\t\t\t\n\t\t\t<div class=\"vc_single_image-wrapper   vc_box_border_grey\"><img class=\"vc_single_image-img \" src=\"https:\/\/cachoeiradoc.com.br\/2015\/wp-content\/uploads\/2015\/08\/Orquestra-de-Reggae-Foto-Maira-Carboniere-500x300.jpg\" width=\"500\" height=\"300\" alt=\"Orquestra-de-Reggae-Foto-Maira-Carboniere\" title=\"Orquestra-de-Reggae-Foto-Maira-Carboniere\" \/><\/div>\n\t\t<\/div>\n\t<\/div>\n<h4 class=\"box_header\">Orquestra de Reggae de Cachoeira<\/h4>\n\t<div class=\"wpb_text_column wpb_content_element  wpb_animate_when_almost_visible wpb_bottom-to-top\">\n\t\t<div class=\"wpb_wrapper\">\n\t\t\t<p>Regida pelo maestro Fl\u00e1vio Santos, a jovem orquestra toca sucessos do reggae.<\/p>\n<p>5\/9, \u00e0s 21h30<\/p>\n<p>Pra\u00e7a Teixeira de Freitas<\/p>\n\n\t\t<\/div>\n\t<\/div>\n<\/div><\/div><div class=\"wpb_column vc_column_container vc_col-sm-6\"><div class=\"wpb_wrapper\">\n\t<div class=\"wpb_single_image wpb_content_element vc_align_right  wpb_animate_when_almost_visible wpb_bottom-to-top\">\n\t\t<div class=\"wpb_wrapper\">\n\t\t\t\n\t\t\t<div class=\"vc_single_image-wrapper   vc_box_border_grey\"><img class=\"vc_single_image-img \" src=\"https:\/\/cachoeiradoc.com.br\/2015\/wp-content\/uploads\/2015\/08\/I.F.\u00c1.-Afrobeat-Foto-pb-por-Glauco-Neves-500x300.png\" width=\"500\" height=\"300\" alt=\"I.F.\u00c1. Afrobeat - Foto pb por Glauco Neves\" title=\"I.F.\u00c1. Afrobeat - Foto pb por Glauco Neves\" \/><\/div>\n\t\t<\/div>\n\t<\/div>\n<h4 class=\"box_header\">I.F.\u00c1.<\/h4>\n\t<div class=\"wpb_text_column wpb_content_element  wpb_animate_when_almost_visible wpb_bottom-to-top\">\n\t\t<div class=\"wpb_wrapper\">\n\t\t\t<p>O I.F.\u00c1. apresenta um repert\u00f3rio inspirado na diversidade musical de matriz africana e sua presen\u00e7a no cen\u00e1rio contempor\u00e2neo. A banda mergulha no universo do afrobeat, dub, reggae, funk e no ritmo do Ijex\u00e1.<\/p>\n<p>6\/9, \u00e0s 23h30<\/p>\n<p>Pra\u00e7a Teixeira de Freitas<\/p>\n\n\t\t<\/div>\n\t<\/div>\n<\/div><\/div><\/div>\n","protected":false},"excerpt":{"rendered":"Toda noite, ap\u00f3s os filmes, apresenta\u00e7\u00f5es musicais. Samba de Roda de Dona Dalva O Samba de Roda de Dona Dalva \u00e9 um dos mais tradicionais do Rec\u00f4ncavo baiano. A m\u00fasica do grupo vem dos saberes dos antepassados e traz refer\u00eancias dos batuques, candombl\u00e9s, caboclo e samba das mulheres do partido alto. Dona Dalva \u00e9 Doutora","protected":false},"author":1,"featured_media":0,"parent":0,"menu_order":0,"comment_status":"open","ping_status":"closed","template":"","meta":[],"_links":{"self":[{"href":"https:\/\/cachoeiradoc.com.br\/2015\/wp-json\/wp\/v2\/pages\/2037"}],"collection":[{"href":"https:\/\/cachoeiradoc.com.br\/2015\/wp-json\/wp\/v2\/pages"}],"about":[{"href":"https:\/\/cachoeiradoc.com.br\/2015\/wp-json\/wp\/v2\/types\/page"}],"author":[{"embeddable":true,"href":"https:\/\/cachoeiradoc.com.br\/2015\/wp-json\/wp\/v2\/users\/1"}],"replies":[{"embeddable":true,"href":"https:\/\/cachoeiradoc.com.br\/2015\/wp-json\/wp\/v2\/comments?post=2037"}],"version-history":[{"count":5,"href":"https:\/\/cachoeiradoc.com.br\/2015\/wp-json\/wp\/v2\/pages\/2037\/revisions"}],"predecessor-version":[{"id":2053,"href":"https:\/\/cachoeiradoc.com.br\/2015\/wp-json\/wp\/v2\/pages\/2037\/revisions\/2053"}],"wp:attachment":[{"href":"https:\/\/cachoeiradoc.com.br\/2015\/wp-json\/wp\/v2\/media?parent=2037"}],"curies":[{"name":"wp","href":"https:\/\/api.w.org\/{rel}","templated":true}]}}