{"id":1961,"date":"2015-08-20T21:16:33","date_gmt":"2015-08-21T00:16:33","guid":{"rendered":"http:\/\/cachoeiradoc.com.br\/2015\/?page_id=1961"},"modified":"2015-08-23T20:57:55","modified_gmt":"2015-08-23T23:57:55","slug":"onde-ficar","status":"publish","type":"page","link":"https:\/\/cachoeiradoc.com.br\/2015\/cachoeira\/onde-ficar\/","title":{"rendered":"Onde ficar"},"content":{"rendered":"<div class=\"vc_row wpb_row vc_row-fluid\"><div class=\"wpb_column vc_column_container vc_col-sm-12\"><div class=\"wpb_wrapper\"><div class=\"wpb_gallery wpb_content_element vc_clearfix\"><div class=\"wpb_wrapper\"><div class=\"wpb_gallery_slides wpb_image_grid\" data-interval=\"3\"><ul class=\"wpb_image_grid_ul\"><li class=\"isotope-item\"><img width=\"150\" height=\"150\" src=\"https:\/\/cachoeiradoc.com.br\/2015\/wp-content\/uploads\/2015\/08\/download-150x150.jpg\" class=\"attachment-thumbnail\" alt=\"\" loading=\"lazy\" srcset=\"https:\/\/cachoeiradoc.com.br\/2015\/wp-content\/uploads\/2015\/08\/download-150x150.jpg 150w, https:\/\/cachoeiradoc.com.br\/2015\/wp-content\/uploads\/2015\/08\/download-100x100.jpg 100w\" sizes=\"(max-width: 150px) 100vw, 150px\" \/><\/li><li class=\"isotope-item\"><img width=\"150\" height=\"150\" src=\"https:\/\/cachoeiradoc.com.br\/2015\/wp-content\/uploads\/2015\/08\/38609816-150x150.jpg\" class=\"attachment-thumbnail\" alt=\"\" loading=\"lazy\" srcset=\"https:\/\/cachoeiradoc.com.br\/2015\/wp-content\/uploads\/2015\/08\/38609816-150x150.jpg 150w, https:\/\/cachoeiradoc.com.br\/2015\/wp-content\/uploads\/2015\/08\/38609816-100x100.jpg 100w\" sizes=\"(max-width: 150px) 100vw, 150px\" \/><\/li><li class=\"isotope-item\"><img width=\"150\" height=\"150\" src=\"https:\/\/cachoeiradoc.com.br\/2015\/wp-content\/uploads\/2015\/08\/9951-18877-fachada-150x150.jpg\" class=\"attachment-thumbnail\" alt=\"\" loading=\"lazy\" srcset=\"https:\/\/cachoeiradoc.com.br\/2015\/wp-content\/uploads\/2015\/08\/9951-18877-fachada-150x150.jpg 150w, https:\/\/cachoeiradoc.com.br\/2015\/wp-content\/uploads\/2015\/08\/9951-18877-fachada-100x100.jpg 100w\" sizes=\"(max-width: 150px) 100vw, 150px\" \/><\/li><li class=\"isotope-item\"><img width=\"150\" height=\"150\" src=\"https:\/\/cachoeiradoc.com.br\/2015\/wp-content\/uploads\/2015\/08\/pousadas-150x150.jpg\" class=\"attachment-thumbnail\" alt=\"\" loading=\"lazy\" srcset=\"https:\/\/cachoeiradoc.com.br\/2015\/wp-content\/uploads\/2015\/08\/pousadas-150x150.jpg 150w, https:\/\/cachoeiradoc.com.br\/2015\/wp-content\/uploads\/2015\/08\/pousadas-100x100.jpg 100w\" sizes=\"(max-width: 150px) 100vw, 150px\" \/><\/li><li class=\"isotope-item\"><img width=\"150\" height=\"150\" src=\"https:\/\/cachoeiradoc.com.br\/2015\/wp-content\/uploads\/2015\/08\/images-150x150.jpg\" class=\"attachment-thumbnail\" alt=\"\" loading=\"lazy\" srcset=\"https:\/\/cachoeiradoc.com.br\/2015\/wp-content\/uploads\/2015\/08\/images-150x150.jpg 150w, https:\/\/cachoeiradoc.com.br\/2015\/wp-content\/uploads\/2015\/08\/images-100x100.jpg 100w\" sizes=\"(max-width: 150px) 100vw, 150px\" \/><\/li><\/ul><\/div><\/div><\/div>\n\t<div class=\"wpb_text_column wpb_content_element \">\n\t\t<div class=\"wpb_wrapper\">\n\t\t\t<p style=\"text-align: justify;\"><a href=\"http:\/\/www.tripadvisor.com.br\/Hotel_Review-g2348338-d4469673-Reviews-Cachoeira_Apart_Hotel-Cachoeira_State_of_Bahia.html\">Cachoeira Apart Hotel?<\/a>: (75) 3425-2526 \/ (75) 3425-3413<\/p>\n<p style=\"text-align: justify;\"><a href=\"http:\/\/www.tripadvisor.com.br\/Hotel_Review-g2348338-d2639921-Reviews-Aclamacao_Apart_Hoteis-Cachoeira_State_of_Bahia.html\">Aclama\u00e7\u00e3o Apart Hotel?<\/a>: (75) 3425-3428<\/p>\n<p style=\"text-align: justify;\"><a href=\"http:\/\/www.booking.com\/hotel\/br\/pousada-treze-de-marao.pt-br.html\">Pousada 13 de mar\u00e7o<\/a>:\u00a0(75) 3425-5124<\/p>\n<p style=\"text-align: justify;\"><a href=\"http:\/\/ecoviagem.uol.com.br\/brasil\/bahia\/cachoeira\/pousada\/pousada-casarao\/\">Pousada Casar\u00e3o<\/a>:\u00a0?(75) 3425-1227<\/p>\n<p style=\"text-align: justify;\"><a href=\"http:\/\/www.villarial.com.br\/\">Hotel Fazenda Villa Rial?<\/a>(75) 3602-4600 \/ 8102-6541<\/p>\n<p style=\"text-align: justify;\"><a href=\"http:\/\/pousadalabarcacachoeira.blogspot.com.br\/2014\/05\/pousada-labarca-cachoeira-ba.html\">Pousada e Galeria Labarca<\/a>: ?(75) 3425-1070<\/p>\n<p style=\"text-align: justify;\">Pens\u00e3o Tia Rosa: ?(75) 3425-1792<\/p>\n<p style=\"text-align: justify;\">Pousada da Matriz?:(75) 9117-5609<\/p>\n<p style=\"text-align: justify;\">Pousada D\u2019Ajuda:?(75) 3425-5278<\/p>\n<p style=\"text-align: justify;\">Vale das Cachoeiras Club Camping?: (75) 3425-5256<\/p>\n<p style=\"text-align: justify;\">Pousada do Guerreiro?:(75) 3425-3016<\/p>\n<p style=\"text-align: justify;\">Santo Ant\u00f4nio Hotel?:(75) 3425-1402<\/p>\n<p style=\"text-align: justify;\">S\u00c3O F\u00c9LIX<\/p>\n<p style=\"text-align: justify;\"><a href=\"http:\/\/www.pousadaparaguassu.com.br\/\">Pousada Paraguass\u00fa <\/a>:\u00a0(75) 3438-3386<\/p>\n\n\t\t<\/div>\n\t<\/div>\n<\/div><\/div><\/div>\n","protected":false},"excerpt":{"rendered":"Cachoeira Apart Hotel?: (75) 3425-2526 \/ (75) 3425-3413 Aclama\u00e7\u00e3o Apart Hotel?: (75) 3425-3428 Pousada 13 de mar\u00e7o:\u00a0(75) 3425-5124 Pousada Casar\u00e3o:\u00a0?(75) 3425-1227 Hotel Fazenda Villa Rial?(75) 3602-4600 \/ 8102-6541 Pousada e Galeria Labarca: ?(75) 3425-1070 Pens\u00e3o Tia Rosa: ?(75) 3425-1792 Pousada da Matriz?:(75) 9117-5609 Pousada D\u2019Ajuda:?(75) 3425-5278 Vale das Cachoeiras Club Camping?: (75) 3425-5256 Pousada do","protected":false},"author":1,"featured_media":0,"parent":1966,"menu_order":0,"comment_status":"open","ping_status":"open","template":"","meta":[],"_links":{"self":[{"href":"https:\/\/cachoeiradoc.com.br\/2015\/wp-json\/wp\/v2\/pages\/1961"}],"collection":[{"href":"https:\/\/cachoeiradoc.com.br\/2015\/wp-json\/wp\/v2\/pages"}],"about":[{"href":"https:\/\/cachoeiradoc.com.br\/2015\/wp-json\/wp\/v2\/types\/page"}],"author":[{"embeddable":true,"href":"https:\/\/cachoeiradoc.com.br\/2015\/wp-json\/wp\/v2\/users\/1"}],"replies":[{"embeddable":true,"href":"https:\/\/cachoeiradoc.com.br\/2015\/wp-json\/wp\/v2\/comments?post=1961"}],"version-history":[{"count":6,"href":"https:\/\/cachoeiradoc.com.br\/2015\/wp-json\/wp\/v2\/pages\/1961\/revisions"}],"predecessor-version":[{"id":2009,"href":"https:\/\/cachoeiradoc.com.br\/2015\/wp-json\/wp\/v2\/pages\/1961\/revisions\/2009"}],"up":[{"embeddable":true,"href":"https:\/\/cachoeiradoc.com.br\/2015\/wp-json\/wp\/v2\/pages\/1966"}],"wp:attachment":[{"href":"https:\/\/cachoeiradoc.com.br\/2015\/wp-json\/wp\/v2\/media?parent=1961"}],"curies":[{"name":"wp","href":"https:\/\/api.w.org\/{rel}","templated":true}]}}