{"id":1923,"date":"2015-08-19T08:57:30","date_gmt":"2015-08-19T11:57:30","guid":{"rendered":"http:\/\/cachoeiradoc.com.br\/2015\/?page_id=1923"},"modified":"2015-08-23T16:52:43","modified_gmt":"2015-08-23T19:52:43","slug":"metodos-e-processos-de-formacao-as-oficinas-nas-periferias-comunidades-tradicionais-e-territorios-indigenas","status":"publish","type":"page","link":"https:\/\/cachoeiradoc.com.br\/2015\/metodos-e-processos-de-formacao-as-oficinas-nas-periferias-comunidades-tradicionais-e-territorios-indigenas\/","title":{"rendered":"M\u00e9todos e processos de forma\u00e7\u00e3o: as oficinas nas periferias, comunidades tradicionais e territ\u00f3rios ind\u00edgenas"},"content":{"rendered":"<div class=\"vc_row wpb_row vc_row-fluid\"><div class=\"wpb_column vc_column_container vc_col-sm-6\"><div class=\"wpb_wrapper\">\n\t<div class=\"wpb_text_column wpb_content_element \">\n\t\t<div class=\"wpb_wrapper\">\n\t\t\t<p style=\"text-align: justify;\"><strong><em>Quintal, quintais<\/em><\/strong><strong>: autoaprendizagem e media\u00e7\u00f5es em processos formativos em audiovisual\u00a0 <\/strong><\/p>\n<p style=\"text-align: justify;\"><strong>Glaura Cardoso Vale<\/strong><\/p>\n<p style=\"text-align: justify;\">A partir da experi\u00eancia vivenciada em oficinas de audiovisual com comunidades perif\u00e9ricas e da observa\u00e7\u00e3o de outras experi\u00eancias, procura-se abordar processos de forma\u00e7\u00e3o cuja metodologia parte da autoaprendizagem e o ministrante exerce um papel importante de media\u00e7\u00e3o \u2013 entre teoria e exerc\u00edcios pr\u00e1ticos, tem\u00e1tica e abordagem, material bruto e montagem&#8230; Ao adentrar com a c\u00e2mera nos quintais das casas, s\u00e3o os aprendizes a assumir um papel fundamental de media\u00e7\u00e3o entre a comunidade e o filme por vir. Processos marcados pela reversibilidade e por quest\u00f5es elementares que retornam: O que pode uma imagem? O que eu posso com uma imagem? Qual o lugar essa imagem ocupa ou pode vir a ocupar no mundo? Perguntas para pensarmos juntos \u00e0 sombra de uma mangueira.<\/p>\n<p style=\"text-align: justify;\">Glaura Vale \u00e9 residente p\u00f3s-doutoral em Comunica\u00e7\u00e3o Social junto ao PPGCOM\/UFMG, integrante do grupo de pesquisa \u201cPo\u00e9ticas da Experi\u00eancia\u201d e assistente editorial da revista <i>Devires<\/i> \u2013 Cinema e Humanidades da mesma institui\u00e7\u00e3o. Doutora em Estudos Liter\u00e1rios pela FALE\/UFMG, atua como pesquisadora nas \u00e1reas de literatura e de cinema, tendo ministrado oficinas de audiovisual e auxiliado na pesquisa e produ\u00e7\u00e3o de document\u00e1rios. Membro da Associa\u00e7\u00e3o Filmes de Quintal e colaboradora do <i><a href=\"http:\/\/forumdoc.bh\/\" target=\"_blank\">forumdoc.bh<\/a><\/i> (Festival do Filme Document\u00e1rio e Etnogr\u00e1fico de Belo Horizonte) desde 2003.<\/p>\n<p style=\"text-align: justify;\">Debatedores: Lara Belov, do Coletivo Cinema e Sal, e Ernesto de Carvalho, do V\u00eddeo nas Aldeias e Movimento #OcupeEstelita.<\/p>\n\n\t\t<\/div>\n\t<\/div>\n<\/div><\/div><div class=\"wpb_column vc_column_container vc_col-sm-6\"><div class=\"wpb_wrapper\">\n\t<div class=\"wpb_single_image wpb_content_element vc_align_center\">\n\t\t<div class=\"wpb_wrapper\">\n\t\t\t\n\t\t\t<div class=\"vc_single_image-wrapper   vc_box_border_grey\"><img class=\"vc_single_image-img \" src=\"https:\/\/cachoeiradoc.com.br\/2015\/wp-content\/uploads\/2015\/08\/4.glaura-300x300.jpg\" width=\"300\" height=\"300\" alt=\"4.glaura\" title=\"4.glaura\" \/><\/div>\n\t\t<\/div>\n\t<\/div>\n<\/div><\/div><\/div>\n","protected":false},"excerpt":{"rendered":"Quintal, quintais: autoaprendizagem e media\u00e7\u00f5es em processos formativos em audiovisual\u00a0 Glaura Cardoso Vale A partir da experi\u00eancia vivenciada em oficinas de audiovisual com comunidades perif\u00e9ricas e da observa\u00e7\u00e3o de outras experi\u00eancias, procura-se abordar processos de forma\u00e7\u00e3o cuja metodologia parte da autoaprendizagem e o ministrante exerce um papel importante de media\u00e7\u00e3o \u2013 entre teoria e exerc\u00edcios","protected":false},"author":2,"featured_media":0,"parent":0,"menu_order":0,"comment_status":"open","ping_status":"open","template":"","meta":[],"_links":{"self":[{"href":"https:\/\/cachoeiradoc.com.br\/2015\/wp-json\/wp\/v2\/pages\/1923"}],"collection":[{"href":"https:\/\/cachoeiradoc.com.br\/2015\/wp-json\/wp\/v2\/pages"}],"about":[{"href":"https:\/\/cachoeiradoc.com.br\/2015\/wp-json\/wp\/v2\/types\/page"}],"author":[{"embeddable":true,"href":"https:\/\/cachoeiradoc.com.br\/2015\/wp-json\/wp\/v2\/users\/2"}],"replies":[{"embeddable":true,"href":"https:\/\/cachoeiradoc.com.br\/2015\/wp-json\/wp\/v2\/comments?post=1923"}],"version-history":[{"count":5,"href":"https:\/\/cachoeiradoc.com.br\/2015\/wp-json\/wp\/v2\/pages\/1923\/revisions"}],"predecessor-version":[{"id":2007,"href":"https:\/\/cachoeiradoc.com.br\/2015\/wp-json\/wp\/v2\/pages\/1923\/revisions\/2007"}],"wp:attachment":[{"href":"https:\/\/cachoeiradoc.com.br\/2015\/wp-json\/wp\/v2\/media?parent=1923"}],"curies":[{"name":"wp","href":"https:\/\/api.w.org\/{rel}","templated":true}]}}