{"id":1902,"date":"2015-08-19T08:37:36","date_gmt":"2015-08-19T11:37:36","guid":{"rendered":"http:\/\/cachoeiradoc.com.br\/2015\/?page_id=1902"},"modified":"2015-08-20T21:06:10","modified_gmt":"2015-08-21T00:06:10","slug":"cinema-universidade-e-saberes-tradicionais","status":"publish","type":"page","link":"https:\/\/cachoeiradoc.com.br\/2015\/cinema-universidade-e-saberes-tradicionais\/","title":{"rendered":"Cinema, universidade e saberes tradicionais"},"content":{"rendered":"<div class=\"vc_row wpb_row vc_row-fluid\"><div class=\"wpb_column vc_column_container vc_col-sm-6\"><div class=\"wpb_wrapper\"><h4 class=\"box_header\">Dia 3\/9, das 9h \u00e0s 10h, com C\u00e9sar Guimar\u00e3es<\/h4>\n\t<div class=\"wpb_text_column wpb_content_element \">\n\t\t<div class=\"wpb_wrapper\">\n\t\t\t<p style=\"text-align: justify;\">Em abril deste ano, os cineastas Sueli Maxakali e Isael Maxakali, da Aldeia Verde (Ladainha, MG), oferecerem um curso na UFMG \u2013 aberto aos alunos de todos os cursos de gradua\u00e7\u00e3o \u2013 intitulado \u201cCinema e pensamento Maxakali\u201d, no qual apresentaram e comentaram seus filmes. Esta apresenta\u00e7\u00e3o vai descrever como a cena sens\u00edvel da sala de aula se altera diante da presen\u00e7a dos dois mestres dos saberes tradicionais e como o cinema Tikmu?\u2019u?n, ao conceder hospitalidade aos bichos-esp\u00edrito, perturba e desloca o nosso lugar de espectador.<\/p>\n\n\t\t<\/div>\n\t<\/div>\n\n\t<div class=\"wpb_text_column wpb_content_element \">\n\t\t<div class=\"wpb_wrapper\">\n\t\t\t<p style=\"text-align: justify;\">C\u00e9sar Guimar\u00e3es \u00e9 doutor em Literatura Comparada pela Universidade Federal de Minas Gerais (UFMG) e professor associado do Departamento de Comunica\u00e7\u00e3o e do Programa de P\u00f3s-Gradua\u00e7\u00e3o em Comunica\u00e7\u00e3o da FAFICH-UFMG. Editor da revista \u201cDevires \u2013 Cinema e Humanidades\u201d e coordenador do grupo de pesquisa Po\u00e9ticas da Experi\u00eancia. Atualmente desenvolve a pesquisa \u201cComunidades de cinema\u201d, com apoio do CNPq e da FAPEMIG.<\/p>\n\n\t\t<\/div>\n\t<\/div>\n<\/div><\/div><div class=\"wpb_column vc_column_container vc_col-sm-6\"><div class=\"wpb_wrapper\">\n\t<div class=\"wpb_single_image wpb_content_element vc_align_center\">\n\t\t<div class=\"wpb_wrapper\">\n\t\t\t\n\t\t\t<div class=\"vc_single_image-wrapper   vc_box_border_grey\"><img class=\"vc_single_image-img \" src=\"https:\/\/cachoeiradoc.com.br\/2015\/wp-content\/uploads\/2015\/08\/cesar-300x300.jpg\" width=\"300\" height=\"300\" alt=\"cesar\" title=\"cesar\" \/><\/div>\n\t\t<\/div>\n\t<\/div>\n<\/div><\/div><\/div>\n","protected":false},"excerpt":{"rendered":"Dia 3\/9, das 9h \u00e0s 10h, com C\u00e9sar Guimar\u00e3es Em abril deste ano, os cineastas Sueli Maxakali e Isael Maxakali, da Aldeia Verde (Ladainha, MG), oferecerem um curso na UFMG \u2013 aberto aos alunos de todos os cursos de gradua\u00e7\u00e3o \u2013 intitulado \u201cCinema e pensamento Maxakali\u201d, no qual apresentaram e comentaram seus filmes. Esta apresenta\u00e7\u00e3o","protected":false},"author":2,"featured_media":0,"parent":0,"menu_order":0,"comment_status":"open","ping_status":"open","template":"","meta":[],"_links":{"self":[{"href":"https:\/\/cachoeiradoc.com.br\/2015\/wp-json\/wp\/v2\/pages\/1902"}],"collection":[{"href":"https:\/\/cachoeiradoc.com.br\/2015\/wp-json\/wp\/v2\/pages"}],"about":[{"href":"https:\/\/cachoeiradoc.com.br\/2015\/wp-json\/wp\/v2\/types\/page"}],"author":[{"embeddable":true,"href":"https:\/\/cachoeiradoc.com.br\/2015\/wp-json\/wp\/v2\/users\/2"}],"replies":[{"embeddable":true,"href":"https:\/\/cachoeiradoc.com.br\/2015\/wp-json\/wp\/v2\/comments?post=1902"}],"version-history":[{"count":14,"href":"https:\/\/cachoeiradoc.com.br\/2015\/wp-json\/wp\/v2\/pages\/1902\/revisions"}],"predecessor-version":[{"id":1963,"href":"https:\/\/cachoeiradoc.com.br\/2015\/wp-json\/wp\/v2\/pages\/1902\/revisions\/1963"}],"wp:attachment":[{"href":"https:\/\/cachoeiradoc.com.br\/2015\/wp-json\/wp\/v2\/media?parent=1902"}],"curies":[{"name":"wp","href":"https:\/\/api.w.org\/{rel}","templated":true}]}}