{"id":1887,"date":"2015-08-18T09:13:30","date_gmt":"2015-08-18T12:13:30","guid":{"rendered":"http:\/\/cachoeiradoc.com.br\/2015\/?page_id=1887"},"modified":"2015-08-23T16:37:23","modified_gmt":"2015-08-23T19:37:23","slug":"ciclo-de-conferencias","status":"publish","type":"page","link":"https:\/\/cachoeiradoc.com.br\/2015\/oficinas-e-cursos\/ciclo-de-conferencias\/","title":{"rendered":"Ciclo de Confer\u00eancias"},"content":{"rendered":"<div class=\"vc_row wpb_row vc_row-fluid\"><div class=\"wpb_column vc_column_container vc_col-sm-12\"><div class=\"wpb_wrapper\"><h4 class=\"box_header\">O CINEMA E OS DESAFIOS DO REAL<\/h4>\n\t<div class=\"wpb_text_column wpb_content_element  wpb_animate_when_almost_visible wpb_bottom-to-top\">\n\t\t<div class=\"wpb_wrapper\">\n\t\t\t<p>Jornada Po\u00e9ticas da Experi\u00eancia<\/p>\n<p style=\"text-align: justify;\">O <i>Ciclo de Confer\u00eancias: o cinema e os desafios do real<\/i>, que tem acontecido em todas as edi\u00e7\u00f5es do <i>CachoeiraDoc,<\/i> \u00e9 mobilizado por quest\u00f5es que atravessam a pr\u00e1tica e o estudo do document\u00e1rio: Como apreender o real no momento da sua manifesta\u00e7\u00e3o? Como olhar para as imagens que nos trazem o barulho e o furor do mundo? De que modo o document\u00e1rio tem mobilizado o pensamento sobre cinema e sobre o estado do mundo? \u00a0Nesta sexta edi\u00e7\u00e3o do festival, dedicaremos o espa\u00e7o do <i>Ciclo de Confer\u00eancias: o cinema e os desafios do real<\/i> ao Grupo Po\u00e9ticas das Experi\u00eancia, da Faculdade de Filosofia e Ci\u00eancias Humanas da UFMG, como gesto de reconhecimento da contribui\u00e7\u00e3o oferecida pela rigorosa produ\u00e7\u00e3o de seus pesquisadores para o pensamento do cinema, especialmente, do cinema no seu engajamento com o real, bem como para o campo do document\u00e1rio brasileiro.<\/p>\n<p style=\"text-align: justify;\">Mesa 1 (03\/09, 9h): <strong><a href=\"http:\/\/cachoeiradoc.com.br\/2015\/cinema-universidade-e-saberes-tradicionais\/\">Cinema, universidade e saberes tradicionais<\/a><\/strong> (C\u00e9sar Guimar\u00e3es)<\/p>\n<p style=\"text-align: justify;\">Mesa 2 (03\/09, 10h): <strong> <a href=\"http:\/\/cachoeiradoc.com.br\/2015\/figuras-da-historia-e-da-memoria-inventariando-o-cinema-brasileiro\/\">Figuras da hist\u00f3ria e da mem\u00f3ria: inventariando o cinema brasileiro<\/a><\/strong> (Cl\u00e1udia Mesquita e Roberta Veiga).<\/p>\n<p style=\"text-align: justify;\">Mesa 3 (04\/09, 9h): <a href=\"http:\/\/cachoeiradoc.com.br\/2015\/metodos-e-processos-de-formacao-as-oficinas-nas-periferias-comunidades-tradicionais-e-territorios-indigenas\/\"><strong>M\u00e9todos e processos de forma\u00e7\u00e3o: as oficinas nas periferias, comunidades tradicionais e territ\u00f3rios ind\u00edgenas<\/strong> <\/a>(Glaura Cardoso Vale, Lara Belov e Ernesto de Carvalho).<\/p>\n\n\t\t<\/div>\n\t<\/div>\n<\/div><\/div><div class=\"wpb_column vc_column_container vc_col-sm-12\"><div class=\"wpb_wrapper\"><\/div><\/div><\/div><div class=\"vc_row wpb_row vc_row-fluid\"><div class=\"wpb_column vc_column_container vc_col-sm-12\"><div class=\"wpb_wrapper\"><\/div><\/div><\/div>\n","protected":false},"excerpt":{"rendered":"O CINEMA E OS DESAFIOS DO REAL Jornada Po\u00e9ticas da Experi\u00eancia O Ciclo de Confer\u00eancias: o cinema e os desafios do real, que tem acontecido em todas as edi\u00e7\u00f5es do CachoeiraDoc, \u00e9 mobilizado por quest\u00f5es que atravessam a pr\u00e1tica e o estudo do document\u00e1rio: Como apreender o real no momento da sua manifesta\u00e7\u00e3o? Como olhar","protected":false},"author":1,"featured_media":0,"parent":1547,"menu_order":0,"comment_status":"open","ping_status":"open","template":"","meta":[],"_links":{"self":[{"href":"https:\/\/cachoeiradoc.com.br\/2015\/wp-json\/wp\/v2\/pages\/1887"}],"collection":[{"href":"https:\/\/cachoeiradoc.com.br\/2015\/wp-json\/wp\/v2\/pages"}],"about":[{"href":"https:\/\/cachoeiradoc.com.br\/2015\/wp-json\/wp\/v2\/types\/page"}],"author":[{"embeddable":true,"href":"https:\/\/cachoeiradoc.com.br\/2015\/wp-json\/wp\/v2\/users\/1"}],"replies":[{"embeddable":true,"href":"https:\/\/cachoeiradoc.com.br\/2015\/wp-json\/wp\/v2\/comments?post=1887"}],"version-history":[{"count":6,"href":"https:\/\/cachoeiradoc.com.br\/2015\/wp-json\/wp\/v2\/pages\/1887\/revisions"}],"predecessor-version":[{"id":2004,"href":"https:\/\/cachoeiradoc.com.br\/2015\/wp-json\/wp\/v2\/pages\/1887\/revisions\/2004"}],"up":[{"embeddable":true,"href":"https:\/\/cachoeiradoc.com.br\/2015\/wp-json\/wp\/v2\/pages\/1547"}],"wp:attachment":[{"href":"https:\/\/cachoeiradoc.com.br\/2015\/wp-json\/wp\/v2\/media?parent=1887"}],"curies":[{"name":"wp","href":"https:\/\/api.w.org\/{rel}","templated":true}]}}