{"id":1723,"date":"2015-08-16T19:02:07","date_gmt":"2015-08-16T22:02:07","guid":{"rendered":"http:\/\/cachoeiradoc.com.br\/2015\/?page_id=1723"},"modified":"2015-08-26T19:06:30","modified_gmt":"2015-08-26T22:06:30","slug":"sessao-nos-bairros","status":"publish","type":"page","link":"https:\/\/cachoeiradoc.com.br\/2015\/sessoes-especiais\/sessao-nos-bairros\/","title":{"rendered":"Sess\u00f5es Cineclube M\u00e1rio Gusm\u00e3o"},"content":{"rendered":"<div class=\"vc_row wpb_row vc_row-fluid\"><div class=\"wpb_column vc_column_container vc_col-sm-12\"><div class=\"wpb_wrapper\"><div\n\tclass=\"wpb_images_carousel wpb_content_element vc_clearfix\">\n\t<div class=\"wpb_wrapper\">\n\t<div id=\"vc_images-carousel-1-1775680831\" data-ride=\"vc_carousel\"\n\t     data-wrap=\"true\" style=\"width: 1050px;\"\n\t     data-interval=\"4000\" data-auto-height=\"yes\"\n\t     data-mode=\"horizontal\" data-partial=\"false\"\n\t     data-per-view=\"1\"\n\t     data-hide-on-end=\"false\" class=\"vc_slide vc_images_carousel\">\n\t\t\t\t\t<!-- Indicators -->\n\t\t\t<ol class=\"vc_carousel-indicators\">\n\t\t\t\t\t\t\t\t\t<li data-target=\"#vc_images-carousel-1-1775680831\" data-slide-to=\"0\"><\/li>\n\t\t\t\t\t\t\t\t\t<li data-target=\"#vc_images-carousel-1-1775680831\" data-slide-to=\"1\"><\/li>\n\t\t\t\t\t\t\t<\/ol>\n\t\t\t\t<!-- Wrapper for slides -->\n\t\t<div class=\"vc_carousel-inner\">\n\t\t\t<div class=\"vc_carousel-slideline\">\n\t\t\t\t<div class=\"vc_carousel-slideline-inner\">\n\t\t\t\t\t\t\t\t\t\t\t\t\t\t\t\t\t<div class=\"vc_item\">\n\t\t\t\t\t\t\t<div class=\"vc_inner\">\n\t\t\t\t\t\t\t\t\t\t\t\t\t\t\t\t\t\t\t\t\t\t\t\t\t\t<a class=\"prettyphoto\"\n\t\t\t\t\t\t\t\t\t   href=\"https:\/\/cachoeiradoc.com.br\/2015\/wp-content\/uploads\/2015\/08\/campo-de-jogo1-1024x576.jpg\"  rel=\"prettyPhoto[rel-1723-198096256]\">\n\t\t\t\t\t\t\t\t\t\t<img class=\"\" src=\"https:\/\/cachoeiradoc.com.br\/2015\/wp-content\/uploads\/2015\/08\/campo-de-jogo1-1050x300.jpg\" width=\"1050\" height=\"300\" alt=\"campo de jogo\" title=\"campo de jogo\" \/>\t\t\t\t\t\t\t\t\t<\/a>\n\t\t\t\t\t\t\t\t\t\t\t\t\t\t\t<\/div>\n\t\t\t\t\t\t<\/div>\n\t\t\t\t\t\t\t\t\t\t\t\t\t\t\t\t\t<div class=\"vc_item\">\n\t\t\t\t\t\t\t<div class=\"vc_inner\">\n\t\t\t\t\t\t\t\t\t\t\t\t\t\t\t\t\t\t\t\t\t\t\t\t\t\t<a class=\"prettyphoto\"\n\t\t\t\t\t\t\t\t\t   href=\"https:\/\/cachoeiradoc.com.br\/2015\/wp-content\/uploads\/2015\/08\/sem-pena-1024x445.jpg\"  rel=\"prettyPhoto[rel-1723-198096256]\">\n\t\t\t\t\t\t\t\t\t\t<img class=\"\" src=\"https:\/\/cachoeiradoc.com.br\/2015\/wp-content\/uploads\/2015\/08\/sem-pena-1050x300.jpg\" width=\"1050\" height=\"300\" alt=\"sem-pena\" title=\"sem-pena\" \/>\t\t\t\t\t\t\t\t\t<\/a>\n\t\t\t\t\t\t\t\t\t\t\t\t\t\t\t<\/div>\n\t\t\t\t\t\t<\/div>\n\t\t\t\t\t\t\t\t\t<\/div>\n\t\t\t<\/div>\n\t\t<\/div>\n\t\t\t\t\t<!-- Controls -->\n\t\t\t<a class=\"vc_left vc_carousel-control\" href=\"#vc_images-carousel-1-1775680831\" data-slide=\"prev\">\n\t\t\t\t<span class=\"icon-prev\"><\/span>\n\t\t\t<\/a>\n\t\t\t<a class=\"vc_right vc_carousel-control\" href=\"#vc_images-carousel-1-1775680831\" data-slide=\"next\">\n\t\t\t\t<span class=\"icon-next\"><\/span>\n\t\t\t<\/a>\n\t\t\t<\/div>\n\t<\/div>\n\t<\/div><\/div><\/div><\/div><div class=\"vc_row wpb_row vc_row-fluid\"><div class=\"wpb_column vc_column_container vc_col-sm-12\"><div class=\"wpb_wrapper\">\n\t<div class=\"wpb_text_column wpb_content_element \">\n\t\t<div class=\"wpb_wrapper\">\n\t\t\t<p style=\"text-align: justify;\">Sess\u00e3o em parceria com o Cineclube M\u00e1rio Gusm\u00e3o, projeto de pesquisa e extens\u00e3o vinculado ao curso de Cinema e Audiovisual da Universidade Federal do Rec\u00f4ncavo da Bahia.<\/p>\n<p style=\"text-align: justify;\">Filmes<\/p>\n<p style=\"text-align: justify;\"><strong>Sem<\/strong><strong>\u00a0<\/strong><strong>pena<br \/>\n<\/strong>S\u00e3o Paulo, 2014, 87 min.<br \/>\nEug\u00eanio Puppo<br \/>\nDia 4\/9, 19h (no Rosarinho)<\/p>\n<p style=\"text-align: justify;\">Nenhuma popula\u00e7\u00e3o carcer\u00e1ria cresce na velocidade da brasileira que j\u00e1 \u00e9 a quarta maior do mundo.\u00a0Sem\u00a0Pena\u00a0desce ao inferno da vida nas pris\u00f5es brasileiras, para expor as entranhas do sistema de justi\u00e7a do pa\u00eds, demonstrando como morosidade, preconceito e a cultura do medo s\u00f3 fazem ampliar a viol\u00eancia e o abismo social existente.<\/p>\n<p style=\"text-align: justify;\"><strong>Campo de jogo<br \/>\n<\/strong>Rio de Janeiro, 2014, 71 min.<br \/>\nDe Eryk Rocha<br \/>\nDia 5\/9, 19h (no Caquende)<\/p>\n<p style=\"text-align: justify;\">No Rio de Janeiro, perto do m\u00edtico est\u00e1dio o Maracan\u00e3, palco da grande final da copa do mundo de 2014, encontramos o campo de futebol popular do bairro Sampaio. L\u00e1 Acontece o futebol como express\u00e3o genu\u00edna da cultura brasileira. Disputados aos domingos, o campeonato anual de futebol de favelas re\u00fane 14 times. Cada um representa as cores e rituais de sua comunidade. GERA\u00c7\u00c3O X JUVENTUDE disputam a final.<\/p>\n\n\t\t<\/div>\n\t<\/div>\n<\/div><\/div><\/div>\n","protected":false},"excerpt":{"rendered":"Sess\u00e3o em parceria com o Cineclube M\u00e1rio Gusm\u00e3o, projeto de pesquisa e extens\u00e3o vinculado ao curso de Cinema e Audiovisual da Universidade Federal do Rec\u00f4ncavo da Bahia. Filmes Sem\u00a0pena S\u00e3o Paulo, 2014, 87 min. Eug\u00eanio Puppo Dia 4\/9, 19h (no Rosarinho) Nenhuma popula\u00e7\u00e3o carcer\u00e1ria cresce na velocidade da brasileira que j\u00e1 \u00e9 a quarta maior","protected":false},"author":1,"featured_media":0,"parent":1654,"menu_order":0,"comment_status":"open","ping_status":"open","template":"","meta":[],"_links":{"self":[{"href":"https:\/\/cachoeiradoc.com.br\/2015\/wp-json\/wp\/v2\/pages\/1723"}],"collection":[{"href":"https:\/\/cachoeiradoc.com.br\/2015\/wp-json\/wp\/v2\/pages"}],"about":[{"href":"https:\/\/cachoeiradoc.com.br\/2015\/wp-json\/wp\/v2\/types\/page"}],"author":[{"embeddable":true,"href":"https:\/\/cachoeiradoc.com.br\/2015\/wp-json\/wp\/v2\/users\/1"}],"replies":[{"embeddable":true,"href":"https:\/\/cachoeiradoc.com.br\/2015\/wp-json\/wp\/v2\/comments?post=1723"}],"version-history":[{"count":5,"href":"https:\/\/cachoeiradoc.com.br\/2015\/wp-json\/wp\/v2\/pages\/1723\/revisions"}],"predecessor-version":[{"id":2015,"href":"https:\/\/cachoeiradoc.com.br\/2015\/wp-json\/wp\/v2\/pages\/1723\/revisions\/2015"}],"up":[{"embeddable":true,"href":"https:\/\/cachoeiradoc.com.br\/2015\/wp-json\/wp\/v2\/pages\/1654"}],"wp:attachment":[{"href":"https:\/\/cachoeiradoc.com.br\/2015\/wp-json\/wp\/v2\/media?parent=1723"}],"curies":[{"name":"wp","href":"https:\/\/api.w.org\/{rel}","templated":true}]}}