{"id":1719,"date":"2015-08-16T18:57:31","date_gmt":"2015-08-16T21:57:31","guid":{"rendered":"http:\/\/cachoeiradoc.com.br\/2015\/?page_id=1719"},"modified":"2015-08-27T07:32:49","modified_gmt":"2015-08-27T10:32:49","slug":"sessao-de-abertura","status":"publish","type":"page","link":"https:\/\/cachoeiradoc.com.br\/2015\/sessoes-especiais\/sessao-de-abertura\/","title":{"rendered":"Sess\u00e3o de Abertura"},"content":{"rendered":"<div class=\"vc_row wpb_row vc_row-fluid\"><div class=\"wpb_column vc_column_container vc_col-sm-12\"><div class=\"wpb_wrapper\"><div\n\tclass=\"wpb_images_carousel wpb_content_element vc_clearfix\">\n\t<div class=\"wpb_wrapper\">\n\t<div id=\"vc_images-carousel-1-1777733959\" data-ride=\"vc_carousel\"\n\t     data-wrap=\"true\" style=\"width: 1050px;\"\n\t     data-interval=\"4000\" data-auto-height=\"yes\"\n\t     data-mode=\"horizontal\" data-partial=\"false\"\n\t     data-per-view=\"1\"\n\t     data-hide-on-end=\"false\" class=\"vc_slide vc_images_carousel\">\n\t\t\t\t\t<!-- Indicators -->\n\t\t\t<ol class=\"vc_carousel-indicators\">\n\t\t\t\t\t\t\t\t\t<li data-target=\"#vc_images-carousel-1-1777733959\" data-slide-to=\"0\"><\/li>\n\t\t\t\t\t\t\t<\/ol>\n\t\t\t\t<!-- Wrapper for slides -->\n\t\t<div class=\"vc_carousel-inner\">\n\t\t\t<div class=\"vc_carousel-slideline\">\n\t\t\t\t<div class=\"vc_carousel-slideline-inner\">\n\t\t\t\t\t\t\t\t\t\t\t\t\t\t\t\t\t<div class=\"vc_item\">\n\t\t\t\t\t\t\t<div class=\"vc_inner\">\n\t\t\t\t\t\t\t\t\t\t\t\t\t\t\t\t\t\t\t\t\t\t\t\t\t\t<a class=\"prettyphoto\"\n\t\t\t\t\t\t\t\t\t   href=\"https:\/\/cachoeiradoc.com.br\/2015\/wp-content\/uploads\/2015\/08\/IMG_cacique_babau2-1024x576.jpg\"  rel=\"prettyPhoto[rel-1719-1842779309]\">\n\t\t\t\t\t\t\t\t\t\t<img class=\"\" src=\"https:\/\/cachoeiradoc.com.br\/2015\/wp-content\/uploads\/2015\/08\/IMG_cacique_babau2-1050x300.jpg\" width=\"1050\" height=\"300\" alt=\"IMG_cacique_babau2\" title=\"IMG_cacique_babau2\" \/>\t\t\t\t\t\t\t\t\t<\/a>\n\t\t\t\t\t\t\t\t\t\t\t\t\t\t\t<\/div>\n\t\t\t\t\t\t<\/div>\n\t\t\t\t\t\t\t\t\t<\/div>\n\t\t\t<\/div>\n\t\t<\/div>\n\t\t\t\t\t<!-- Controls -->\n\t\t\t<a class=\"vc_left vc_carousel-control\" href=\"#vc_images-carousel-1-1777733959\" data-slide=\"prev\">\n\t\t\t\t<span class=\"icon-prev\"><\/span>\n\t\t\t<\/a>\n\t\t\t<a class=\"vc_right vc_carousel-control\" href=\"#vc_images-carousel-1-1777733959\" data-slide=\"next\">\n\t\t\t\t<span class=\"icon-next\"><\/span>\n\t\t\t<\/a>\n\t\t\t<\/div>\n\t<\/div>\n\t<\/div><\/div><\/div><\/div><div class=\"vc_row wpb_row vc_row-fluid\"><div class=\"wpb_column vc_column_container vc_col-sm-12\"><div class=\"wpb_wrapper\">\n\t<div class=\"wpb_text_column wpb_content_element \">\n\t\t<div class=\"wpb_wrapper\">\n\t\t\t<p style=\"text-align: justify;\">Dia 1\/9, \u00e0s 19h<\/p>\n<p style=\"text-align: justify;\"><strong>Retomada<\/strong><br \/>\nBahia, 2015, 19 min.<br \/>\nDe Leon Sampaio<\/p>\n<p style=\"text-align: justify;\">Primeiro povo a fazer contato com os portugueses no Brasil, os Tupinamb\u00e1 lutam atualmente pelas terras que os fazendeiros tomaram no in\u00edcio do s\u00e9culo passado. O filme investiga o processo de resist\u00eancia dos \u00edndios da Serra do Padeiro, territ\u00f3rio liderado pelo Cacique Babau. Desde que Babau virou cacique, os \u00edndios retomaram mais de cinquenta fazendas e lutam dia a dia pela sobreviv\u00eancia.<\/p>\n<p style=\"text-align: justify;\"><strong>Tupinamb\u00e1\u00a0 &#8211; O Retorno da Terra<\/strong><br \/>\nRio de Janeiro, 2015, 25 min.<br \/>\nDe Daniela Fernandes Alarcon<\/p>\n<p style=\"text-align: justify;\">Os Tupinamb\u00e1 aguardam h\u00e1 dez anos a conclus\u00e3o do processo de demarca\u00e7\u00e3o de sua terra e v\u00eam tendo seus direitos sistematicamente violados, tanto pelo Estado brasileiro, como por indiv\u00edduos e grupos contr\u00e1rios \u00e0 regulariza\u00e7\u00e3o de seu territ\u00f3rio. Com o filme, pretendemos dar visibilidade ao conflito e contribuir para pressionar o Estado brasileiro para que conclua, com urg\u00eancia, o processo de demarca\u00e7\u00e3o da Terra Ind\u00edgena Tupinamb\u00e1 de Oliven\u00e7a, garantindo os direitos de \u00edndios e n\u00e3o \u00edndios.<\/p>\n\n\t\t<\/div>\n\t<\/div>\n<\/div><\/div><\/div>\n","protected":false},"excerpt":{"rendered":"Dia 1\/9, \u00e0s 19h Retomada Bahia, 2015, 19 min. De Leon Sampaio Primeiro povo a fazer contato com os portugueses no Brasil, os Tupinamb\u00e1 lutam atualmente pelas terras que os fazendeiros tomaram no in\u00edcio do s\u00e9culo passado. O filme investiga o processo de resist\u00eancia dos \u00edndios da Serra do Padeiro, territ\u00f3rio liderado pelo Cacique Babau.","protected":false},"author":1,"featured_media":0,"parent":1654,"menu_order":0,"comment_status":"open","ping_status":"open","template":"","meta":[],"_links":{"self":[{"href":"https:\/\/cachoeiradoc.com.br\/2015\/wp-json\/wp\/v2\/pages\/1719"}],"collection":[{"href":"https:\/\/cachoeiradoc.com.br\/2015\/wp-json\/wp\/v2\/pages"}],"about":[{"href":"https:\/\/cachoeiradoc.com.br\/2015\/wp-json\/wp\/v2\/types\/page"}],"author":[{"embeddable":true,"href":"https:\/\/cachoeiradoc.com.br\/2015\/wp-json\/wp\/v2\/users\/1"}],"replies":[{"embeddable":true,"href":"https:\/\/cachoeiradoc.com.br\/2015\/wp-json\/wp\/v2\/comments?post=1719"}],"version-history":[{"count":4,"href":"https:\/\/cachoeiradoc.com.br\/2015\/wp-json\/wp\/v2\/pages\/1719\/revisions"}],"predecessor-version":[{"id":2022,"href":"https:\/\/cachoeiradoc.com.br\/2015\/wp-json\/wp\/v2\/pages\/1719\/revisions\/2022"}],"up":[{"embeddable":true,"href":"https:\/\/cachoeiradoc.com.br\/2015\/wp-json\/wp\/v2\/pages\/1654"}],"wp:attachment":[{"href":"https:\/\/cachoeiradoc.com.br\/2015\/wp-json\/wp\/v2\/media?parent=1719"}],"curies":[{"name":"wp","href":"https:\/\/api.w.org\/{rel}","templated":true}]}}