{"id":1716,"date":"2015-08-16T18:49:13","date_gmt":"2015-08-16T21:49:13","guid":{"rendered":"http:\/\/cachoeiradoc.com.br\/2015\/?page_id=1716"},"modified":"2015-08-20T09:01:31","modified_gmt":"2015-08-20T12:01:31","slug":"o-touro","status":"publish","type":"page","link":"https:\/\/cachoeiradoc.com.br\/2015\/sessoes-especiais\/o-touro\/","title":{"rendered":"O Touro"},"content":{"rendered":"<div class=\"vc_row wpb_row vc_row-fluid\"><div class=\"wpb_column vc_column_container vc_col-sm-12\"><div class=\"wpb_wrapper\"><div\n\tclass=\"wpb_images_carousel wpb_content_element vc_clearfix\">\n\t<div class=\"wpb_wrapper\">\n\t<div id=\"vc_images-carousel-1-1776859348\" data-ride=\"vc_carousel\"\n\t     data-wrap=\"true\" style=\"width: 1050px;\"\n\t     data-interval=\"2000\" data-auto-height=\"yes\"\n\t     data-mode=\"horizontal\" data-partial=\"false\"\n\t     data-per-view=\"1\"\n\t     data-hide-on-end=\"false\" class=\"vc_slide vc_images_carousel\">\n\t\t\t\t\t<!-- Indicators -->\n\t\t\t<ol class=\"vc_carousel-indicators\">\n\t\t\t\t\t\t\t\t\t<li data-target=\"#vc_images-carousel-1-1776859348\" data-slide-to=\"0\"><\/li>\n\t\t\t\t\t\t\t<\/ol>\n\t\t\t\t<!-- Wrapper for slides -->\n\t\t<div class=\"vc_carousel-inner\">\n\t\t\t<div class=\"vc_carousel-slideline\">\n\t\t\t\t<div class=\"vc_carousel-slideline-inner\">\n\t\t\t\t\t\t\t\t\t\t\t\t\t\t\t\t\t<div class=\"vc_item\">\n\t\t\t\t\t\t\t<div class=\"vc_inner\">\n\t\t\t\t\t\t\t\t\t\t\t\t\t\t\t\t\t\t\t\t\t\t\t\t\t\t<a class=\"prettyphoto\"\n\t\t\t\t\t\t\t\t\t   href=\"https:\/\/cachoeiradoc.com.br\/2015\/wp-content\/uploads\/2015\/08\/Still_01_The-Bull_Film-by-Larissa-Figueiredo1-1024x436.jpg\"  rel=\"prettyPhoto[rel-1716-1267962593]\">\n\t\t\t\t\t\t\t\t\t\t<img class=\"\" src=\"https:\/\/cachoeiradoc.com.br\/2015\/wp-content\/uploads\/2015\/08\/Still_01_The-Bull_Film-by-Larissa-Figueiredo1-1050x300.jpg\" width=\"1050\" height=\"300\" alt=\"O Touro\" title=\"O Touro\" \/>\t\t\t\t\t\t\t\t\t<\/a>\n\t\t\t\t\t\t\t\t\t\t\t\t\t\t\t<\/div>\n\t\t\t\t\t\t<\/div>\n\t\t\t\t\t\t\t\t\t<\/div>\n\t\t\t<\/div>\n\t\t<\/div>\n\t\t\t\t\t<!-- Controls -->\n\t\t\t<a class=\"vc_left vc_carousel-control\" href=\"#vc_images-carousel-1-1776859348\" data-slide=\"prev\">\n\t\t\t\t<span class=\"icon-prev\"><\/span>\n\t\t\t<\/a>\n\t\t\t<a class=\"vc_right vc_carousel-control\" href=\"#vc_images-carousel-1-1776859348\" data-slide=\"next\">\n\t\t\t\t<span class=\"icon-next\"><\/span>\n\t\t\t<\/a>\n\t\t\t<\/div>\n\t<\/div>\n\t<\/div><\/div><\/div><\/div><div class=\"vc_row wpb_row vc_row-fluid\"><div class=\"wpb_column vc_column_container vc_col-sm-12\"><div class=\"wpb_wrapper\"><h4 class=\"box_header\">Pr\u00e9 estreia nacional<\/h4>\n\t<div class=\"wpb_text_column wpb_content_element \">\n\t\t<div class=\"wpb_wrapper\">\n\t\t\t<p><strong>O Touro<\/strong><br \/>\nParan\u00e1, 2015,\u00a078 min.<br \/>\nDe Larissa Figueiredo<br \/>\nDia 5\/9, \u00e0s 20h30, pr\u00e9-estreia nacional<\/p>\n<p style=\"text-align: justify;\"><span data-reactid=\".5h.0.1.0.$1.$1.0.1.0.0.0.0.1:$mid=11440030176715=225d2dee53a7f054d76.0.$1.0.$right.0.0.1.0.$end:0:$text8:0\">Quando o Rei Portugu\u00eas D. Sebasti\u00e3o perdeu a Batalha de Alc\u00e1cer Quibir, seu corpo foi engolido pelas areias do Marrocos e desapareceu. Seu esp\u00edrito, no entanto, organizou um ex\u00e9rcito que passou a explorar novas terras, at\u00e9 chegar ao Brasil.<\/span><br data-reactid=\".5h.0.1.0.$1.$1.0.1.0.0.0.0.1:$mid=11440030176715=225d2dee53a7f054d76.0.$1.0.$right.0.0.1.0.$end:0:$text9:0\" \/><br data-reactid=\".5h.0.1.0.$1.$1.0.1.0.0.0.0.1:$mid=11440030176715=225d2dee53a7f054d76.0.$1.0.$right.0.0.1.0.$end:0:$text11:0\" \/><span data-reactid=\".5h.0.1.0.$1.$1.0.1.0.0.0.0.1:$mid=11440030176715=225d2dee53a7f054d76.0.$1.0.$right.0.0.1.0.$end:0:$text12:0\">Na Ilha de Len\u00e7\u00f3is, no Nordeste do Brasil, Dom Sebasti\u00e3o fundou seu reino encantado. Ele vagueia na forma de um touro negro, que tem uma estrela na testa. Um dia, sua filha voltar\u00e1 \u00e0 ilha, empunhando uma espada dourada.<\/span><\/p>\n\n\t\t<\/div>\n\t<\/div>\n<\/div><\/div><\/div>\n","protected":false},"excerpt":{"rendered":"Pr\u00e9 estreia nacional O Touro Paran\u00e1, 2015,\u00a078 min. De Larissa Figueiredo Dia 5\/9, \u00e0s 20h30, pr\u00e9-estreia nacional Quando o Rei Portugu\u00eas D. Sebasti\u00e3o perdeu a Batalha de Alc\u00e1cer Quibir, seu corpo foi engolido pelas areias do Marrocos e desapareceu. Seu esp\u00edrito, no entanto, organizou um ex\u00e9rcito que passou a explorar novas terras, at\u00e9 chegar ao","protected":false},"author":1,"featured_media":0,"parent":1654,"menu_order":0,"comment_status":"open","ping_status":"open","template":"","meta":[],"_links":{"self":[{"href":"https:\/\/cachoeiradoc.com.br\/2015\/wp-json\/wp\/v2\/pages\/1716"}],"collection":[{"href":"https:\/\/cachoeiradoc.com.br\/2015\/wp-json\/wp\/v2\/pages"}],"about":[{"href":"https:\/\/cachoeiradoc.com.br\/2015\/wp-json\/wp\/v2\/types\/page"}],"author":[{"embeddable":true,"href":"https:\/\/cachoeiradoc.com.br\/2015\/wp-json\/wp\/v2\/users\/1"}],"replies":[{"embeddable":true,"href":"https:\/\/cachoeiradoc.com.br\/2015\/wp-json\/wp\/v2\/comments?post=1716"}],"version-history":[{"count":5,"href":"https:\/\/cachoeiradoc.com.br\/2015\/wp-json\/wp\/v2\/pages\/1716\/revisions"}],"predecessor-version":[{"id":1942,"href":"https:\/\/cachoeiradoc.com.br\/2015\/wp-json\/wp\/v2\/pages\/1716\/revisions\/1942"}],"up":[{"embeddable":true,"href":"https:\/\/cachoeiradoc.com.br\/2015\/wp-json\/wp\/v2\/pages\/1654"}],"wp:attachment":[{"href":"https:\/\/cachoeiradoc.com.br\/2015\/wp-json\/wp\/v2\/media?parent=1716"}],"curies":[{"name":"wp","href":"https:\/\/api.w.org\/{rel}","templated":true}]}}