{"id":1681,"date":"2015-08-16T18:13:38","date_gmt":"2015-08-16T21:13:38","guid":{"rendered":"http:\/\/cachoeiradoc.com.br\/2015\/?page_id=1681"},"modified":"2015-08-16T22:42:58","modified_gmt":"2015-08-17T01:42:58","slug":"mostra-cinema-na-real","status":"publish","type":"page","link":"https:\/\/cachoeiradoc.com.br\/2015\/mostras-especiais\/mostra-cinema-na-real\/","title":{"rendered":"Mostra Cinema na Real"},"content":{"rendered":"<div class=\"vc_row wpb_row vc_row-fluid\"><div class=\"wpb_column vc_column_container vc_col-sm-12\"><div class=\"wpb_wrapper\"><div\n\tclass=\"wpb_images_carousel wpb_content_element vc_clearfix\">\n\t<div class=\"wpb_wrapper\">\n\t<div id=\"vc_images-carousel-1-1776984769\" data-ride=\"vc_carousel\"\n\t     data-wrap=\"true\" style=\"width: 1050px;\"\n\t     data-interval=\"2000\" data-auto-height=\"yes\"\n\t     data-mode=\"horizontal\" data-partial=\"false\"\n\t     data-per-view=\"1\"\n\t     data-hide-on-end=\"false\" class=\"vc_slide vc_images_carousel\">\n\t\t\t\t\t<!-- Indicators -->\n\t\t\t<ol class=\"vc_carousel-indicators\">\n\t\t\t\t\t\t\t\t\t<li data-target=\"#vc_images-carousel-1-1776984769\" data-slide-to=\"0\"><\/li>\n\t\t\t\t\t\t\t\t\t<li data-target=\"#vc_images-carousel-1-1776984769\" data-slide-to=\"1\"><\/li>\n\t\t\t\t\t\t\t\t\t<li data-target=\"#vc_images-carousel-1-1776984769\" data-slide-to=\"2\"><\/li>\n\t\t\t\t\t\t\t\t\t<li data-target=\"#vc_images-carousel-1-1776984769\" data-slide-to=\"3\"><\/li>\n\t\t\t\t\t\t\t\t\t<li data-target=\"#vc_images-carousel-1-1776984769\" data-slide-to=\"4\"><\/li>\n\t\t\t\t\t\t\t<\/ol>\n\t\t\t\t<!-- Wrapper for slides -->\n\t\t<div class=\"vc_carousel-inner\">\n\t\t\t<div class=\"vc_carousel-slideline\">\n\t\t\t\t<div class=\"vc_carousel-slideline-inner\">\n\t\t\t\t\t\t\t\t\t\t\t\t\t\t\t\t\t<div class=\"vc_item\">\n\t\t\t\t\t\t\t<div class=\"vc_inner\">\n\t\t\t\t\t\t\t\t\t\t\t\t\t\t\t\t\t\t\t\t\t\t\t\t\t\t<a class=\"prettyphoto\"\n\t\t\t\t\t\t\t\t\t   href=\"https:\/\/cachoeiradoc.com.br\/2015\/wp-content\/uploads\/2015\/08\/amora-11-1024x561.jpg\"  rel=\"prettyPhoto[rel-1681-156036174]\">\n\t\t\t\t\t\t\t\t\t\t<img class=\"\" src=\"https:\/\/cachoeiradoc.com.br\/2015\/wp-content\/uploads\/2015\/08\/amora-11-1050x300.jpg\" width=\"1050\" height=\"300\" alt=\"amora-11\" title=\"amora-11\" \/>\t\t\t\t\t\t\t\t\t<\/a>\n\t\t\t\t\t\t\t\t\t\t\t\t\t\t\t<\/div>\n\t\t\t\t\t\t<\/div>\n\t\t\t\t\t\t\t\t\t\t\t\t\t\t\t\t\t<div class=\"vc_item\">\n\t\t\t\t\t\t\t<div class=\"vc_inner\">\n\t\t\t\t\t\t\t\t\t\t\t\t\t\t\t\t\t\t\t\t\t\t\t\t\t\t<a class=\"prettyphoto\"\n\t\t\t\t\t\t\t\t\t   href=\"https:\/\/cachoeiradoc.com.br\/2015\/wp-content\/uploads\/2015\/08\/ikpeng-1024x768.jpg\"  rel=\"prettyPhoto[rel-1681-156036174]\">\n\t\t\t\t\t\t\t\t\t\t<img class=\"\" src=\"https:\/\/cachoeiradoc.com.br\/2015\/wp-content\/uploads\/2015\/08\/ikpeng-1024x300.jpg\" width=\"1024\" height=\"300\" alt=\"ikpeng\" title=\"ikpeng\" \/>\t\t\t\t\t\t\t\t\t<\/a>\n\t\t\t\t\t\t\t\t\t\t\t\t\t\t\t<\/div>\n\t\t\t\t\t\t<\/div>\n\t\t\t\t\t\t\t\t\t\t\t\t\t\t\t\t\t<div class=\"vc_item\">\n\t\t\t\t\t\t\t<div class=\"vc_inner\">\n\t\t\t\t\t\t\t\t\t\t\t\t\t\t\t\t\t\t\t\t\t\t\t\t\t\t<a class=\"prettyphoto\"\n\t\t\t\t\t\t\t\t\t   href=\"https:\/\/cachoeiradoc.com.br\/2015\/wp-content\/uploads\/2015\/08\/lapis-de-cor-reproducao.jpg\"  rel=\"prettyPhoto[rel-1681-156036174]\">\n\t\t\t\t\t\t\t\t\t\t<img class=\"\" src=\"https:\/\/cachoeiradoc.com.br\/2015\/wp-content\/uploads\/2015\/08\/lapis-de-cor-reproducao-960x300.jpg\" width=\"960\" height=\"300\" alt=\"lapis-de-cor-reproducao\" title=\"lapis-de-cor-reproducao\" \/>\t\t\t\t\t\t\t\t\t<\/a>\n\t\t\t\t\t\t\t\t\t\t\t\t\t\t\t<\/div>\n\t\t\t\t\t\t<\/div>\n\t\t\t\t\t\t\t\t\t\t\t\t\t\t\t\t\t<div class=\"vc_item\">\n\t\t\t\t\t\t\t<div class=\"vc_inner\">\n\t\t\t\t\t\t\t\t\t\t\t\t\t\t\t\t\t\t\t\t\t\t\t\t\t\t<a class=\"prettyphoto\"\n\t\t\t\t\t\t\t\t\t   href=\"https:\/\/cachoeiradoc.com.br\/2015\/wp-content\/uploads\/2015\/08\/maria-vai-cas-vaca1-1024x576-1024x576.png\"  rel=\"prettyPhoto[rel-1681-156036174]\">\n\t\t\t\t\t\t\t\t\t\t<img class=\"\" src=\"https:\/\/cachoeiradoc.com.br\/2015\/wp-content\/uploads\/2015\/08\/maria-vai-cas-vaca1-1024x576-1024x300.png\" width=\"1024\" height=\"300\" alt=\"maria-vai-cas-vaca1-1024x576\" title=\"maria-vai-cas-vaca1-1024x576\" \/>\t\t\t\t\t\t\t\t\t<\/a>\n\t\t\t\t\t\t\t\t\t\t\t\t\t\t\t<\/div>\n\t\t\t\t\t\t<\/div>\n\t\t\t\t\t\t\t\t\t\t\t\t\t\t\t\t\t<div class=\"vc_item\">\n\t\t\t\t\t\t\t<div class=\"vc_inner\">\n\t\t\t\t\t\t\t\t\t\t\t\t\t\t\t\t\t\t\t\t\t\t\t\t\t\t<a class=\"prettyphoto\"\n\t\t\t\t\t\t\t\t\t   href=\"https:\/\/cachoeiradoc.com.br\/2015\/wp-content\/uploads\/2015\/08\/meu-nome-e-paulo-leminski-cezar-migliorin-rio-de-janeiro-2004-5-min-video-1024x682.jpg\"  rel=\"prettyPhoto[rel-1681-156036174]\">\n\t\t\t\t\t\t\t\t\t\t<img class=\"\" src=\"https:\/\/cachoeiradoc.com.br\/2015\/wp-content\/uploads\/2015\/08\/meu-nome-e-paulo-leminski-cezar-migliorin-rio-de-janeiro-2004-5-min-video-1050x300.jpg\" width=\"1050\" height=\"300\" alt=\"meu-nome-e-paulo-leminski-cezar-migliorin-rio-de-janeiro-2004-5-min-video\" title=\"meu-nome-e-paulo-leminski-cezar-migliorin-rio-de-janeiro-2004-5-min-video\" \/>\t\t\t\t\t\t\t\t\t<\/a>\n\t\t\t\t\t\t\t\t\t\t\t\t\t\t\t<\/div>\n\t\t\t\t\t\t<\/div>\n\t\t\t\t\t\t\t\t\t<\/div>\n\t\t\t<\/div>\n\t\t<\/div>\n\t\t\t\t\t<!-- Controls -->\n\t\t\t<a class=\"vc_left vc_carousel-control\" href=\"#vc_images-carousel-1-1776984769\" data-slide=\"prev\">\n\t\t\t\t<span class=\"icon-prev\"><\/span>\n\t\t\t<\/a>\n\t\t\t<a class=\"vc_right vc_carousel-control\" href=\"#vc_images-carousel-1-1776984769\" data-slide=\"next\">\n\t\t\t\t<span class=\"icon-next\"><\/span>\n\t\t\t<\/a>\n\t\t\t<\/div>\n\t<\/div>\n\t<\/div><\/div><\/div><\/div><div class=\"vc_row wpb_row vc_row-fluid\"><div class=\"wpb_column vc_column_container vc_col-sm-12\"><div class=\"wpb_wrapper\">\n\t<div class=\"wpb_text_column wpb_content_element \">\n\t\t<div class=\"wpb_wrapper\">\n\t\t\t<p style=\"text-align: justify;\">A mostra \u00e9 uma parceria com escolas p\u00fablicas de Cachoeira e S\u00e3o F\u00e9lix e busca atrair e formar o olhar de alunos e professores para o cinema document\u00e1rio. S\u00e3o cinco curtas que mostram a rela\u00e7\u00e3o de crian\u00e7as e seu cotidiano em diferentes lugares do Brasil.<\/p>\n<p style=\"text-align: justify;\"><strong>Maria vai c\u2019as vaca <\/strong><br \/>\nBahia, 2013, 7 min.<br \/>\nDe Luara De<br \/>\nDia 1\/9, \u00e0s 9h e \u00e0s 14h<\/p>\n<p style=\"text-align: justify;\">Durante as f\u00e9rias, Maria questiona a escola.<\/p>\n<p style=\"text-align: justify;\"><strong>Cordilheira de Amora II <\/strong><br \/>\nMato Grosso do Sul, 2014, 12 min.<br \/>\nDe Jamille Fortunato<br \/>\nDia 1\/9, \u00e0s 9h e \u00e0s 14h<\/p>\n<p style=\"text-align: justify;\">Moradora da Aldeia Amambai, no Mato Grosso do Sul, perto da fronteira do Brasil com o Paraguai, uma indiazinha Guarani Kaiow\u00e1, Karine Martines, de 8 anos, transforma seu quintal num experimento do mundo. Contando com nada mais do que folhas, tijolos e peda\u00e7os de papel e madeira, ela cria, com sua imagina\u00e7\u00e3o, hist\u00f3rias e personagens que alargam sua solid\u00e3o em brincadeiras, sonhos e projetos.<\/p>\n<p style=\"text-align: justify;\"><strong>Das crian\u00e7as Ikpeng para o mundo <\/strong><br \/>\nMato Grosso, 2001, 35 min.<br \/>\nDe Karan\u00e9 Ikpeng, Natuyu Yuwipo Txic\u00e3o, Kumar\u00e9 Ikpeng<br \/>\nDia 1\/9, \u00e0s 9h e \u00e0s 14h<\/p>\n<p style=\"text-align: justify;\">Quatro crian\u00e7as Ikpeng apresentam sua aldeia respondendo \u00e0 v\u00eddeo-carta das crian\u00e7as da Sierra Maestra em Cuba. Com gra\u00e7a e leveza, elas mostram suas fam\u00edlias, suas brincadeiras, suas festas, seu modo de vida. Curiosas em conhecer crian\u00e7as de outras culturas, elas pedem para que respondam \u00e0 sua v\u00eddeo-carta.<\/p>\n<p style=\"text-align: justify;\"><strong>Meu nome \u00e9 Paulo Leminski <\/strong><br \/>\nRio de Janeiro, 2004, 5 min.<br \/>\nDe Cezar Avila Migliorin<br \/>\nDia 1\/9, \u00e0s 9h e \u00e0s 14h<\/p>\n<p style=\"text-align: justify;\">Embate entre pai e filho em torno de poesia de Paulo Leminski. Tudo o que eu fa\u00e7o, algu\u00e9m em mim que eu desprezo sempre acha o m\u00e1ximo, mal rabisco, n\u00e3o d\u00e1 mais para mudar nada, j\u00e1 \u00e9 um cl\u00e1ssico.<\/p>\n<p style=\"text-align: justify;\"><strong>L\u00e1pis de Cor<\/strong><br \/>\nBahia, 2013, 13 min.<br \/>\nDe Larissa Santos<br \/>\nDia 1\/9, \u00e0s 9h e \u00e0s 14h<\/p>\n<p style=\"text-align: justify;\">O document\u00e1rio aborda a representa\u00e7\u00e3o racial no universo infantil e a maneira como o padr\u00e3o de beleza euroc\u00eantrico afeta a autoimagem e autoestima de crian\u00e7as negras, revelando a a\u00e7\u00e3o silenciosa do racismo na inf\u00e2ncia.<\/p>\n\n\t\t<\/div>\n\t<\/div>\n<\/div><\/div><\/div>\n","protected":false},"excerpt":{"rendered":"A mostra \u00e9 uma parceria com escolas p\u00fablicas de Cachoeira e S\u00e3o F\u00e9lix e busca atrair e formar o olhar de alunos e professores para o cinema document\u00e1rio. S\u00e3o cinco curtas que mostram a rela\u00e7\u00e3o de crian\u00e7as e seu cotidiano em diferentes lugares do Brasil. Maria vai c\u2019as vaca Bahia, 2013, 7 min. De Luara","protected":false},"author":2,"featured_media":0,"parent":1401,"menu_order":0,"comment_status":"open","ping_status":"open","template":"","meta":[],"_links":{"self":[{"href":"https:\/\/cachoeiradoc.com.br\/2015\/wp-json\/wp\/v2\/pages\/1681"}],"collection":[{"href":"https:\/\/cachoeiradoc.com.br\/2015\/wp-json\/wp\/v2\/pages"}],"about":[{"href":"https:\/\/cachoeiradoc.com.br\/2015\/wp-json\/wp\/v2\/types\/page"}],"author":[{"embeddable":true,"href":"https:\/\/cachoeiradoc.com.br\/2015\/wp-json\/wp\/v2\/users\/2"}],"replies":[{"embeddable":true,"href":"https:\/\/cachoeiradoc.com.br\/2015\/wp-json\/wp\/v2\/comments?post=1681"}],"version-history":[{"count":3,"href":"https:\/\/cachoeiradoc.com.br\/2015\/wp-json\/wp\/v2\/pages\/1681\/revisions"}],"predecessor-version":[{"id":1803,"href":"https:\/\/cachoeiradoc.com.br\/2015\/wp-json\/wp\/v2\/pages\/1681\/revisions\/1803"}],"up":[{"embeddable":true,"href":"https:\/\/cachoeiradoc.com.br\/2015\/wp-json\/wp\/v2\/pages\/1401"}],"wp:attachment":[{"href":"https:\/\/cachoeiradoc.com.br\/2015\/wp-json\/wp\/v2\/media?parent=1681"}],"curies":[{"name":"wp","href":"https:\/\/api.w.org\/{rel}","templated":true}]}}