{"id":1559,"date":"2015-08-03T22:24:00","date_gmt":"2015-08-04T01:24:00","guid":{"rendered":"http:\/\/cachoeiradoc.com.br\/2015\/?page_id=1559"},"modified":"2015-08-17T09:18:16","modified_gmt":"2015-08-17T12:18:16","slug":"sem-titulo-1-dance-of-leitfossil","status":"publish","type":"page","link":"https:\/\/cachoeiradoc.com.br\/2015\/mostra-competitiva\/curtas\/sem-titulo-1-dance-of-leitfossil\/","title":{"rendered":"Sem t\u00edtulo # 1 : Dance of Leitfossil"},"content":{"rendered":"<div class=\"vc_row wpb_row vc_row-fluid\"><div class=\"wpb_column vc_column_container vc_col-sm-12\"><div class=\"wpb_wrapper\"><div\n\tclass=\"wpb_images_carousel wpb_content_element vc_clearfix\">\n\t<div class=\"wpb_wrapper\">\n\t<div id=\"vc_images-carousel-1-1776761213\" data-ride=\"vc_carousel\"\n\t     data-wrap=\"true\" style=\"width: 1050px;\"\n\t     data-interval=\"4000\" data-auto-height=\"yes\"\n\t     data-mode=\"horizontal\" data-partial=\"false\"\n\t     data-per-view=\"1\"\n\t     data-hide-on-end=\"false\" class=\"vc_slide vc_images_carousel\">\n\t\t\t\t\t<!-- Indicators -->\n\t\t\t<ol class=\"vc_carousel-indicators\">\n\t\t\t\t\t\t\t\t\t<li data-target=\"#vc_images-carousel-1-1776761213\" data-slide-to=\"0\"><\/li>\n\t\t\t\t\t\t\t\t\t<li data-target=\"#vc_images-carousel-1-1776761213\" data-slide-to=\"1\"><\/li>\n\t\t\t\t\t\t\t<\/ol>\n\t\t\t\t<!-- Wrapper for slides -->\n\t\t<div class=\"vc_carousel-inner\">\n\t\t\t<div class=\"vc_carousel-slideline\">\n\t\t\t\t<div class=\"vc_carousel-slideline-inner\">\n\t\t\t\t\t\t\t\t\t\t\t\t\t\t\t\t\t<div class=\"vc_item\">\n\t\t\t\t\t\t\t<div class=\"vc_inner\">\n\t\t\t\t\t\t\t\t\t\t\t\t\t\t\t\t\t\t\t\t\t\t\t\t\t\t<a class=\"prettyphoto\"\n\t\t\t\t\t\t\t\t\t   href=\"https:\/\/cachoeiradoc.com.br\/2015\/wp-content\/uploads\/2015\/08\/Sem-T\u00edtulo_site-1024x293.jpg\"  rel=\"prettyPhoto[rel-1559-1691203689]\">\n\t\t\t\t\t\t\t\t\t\t<img class=\"\" src=\"https:\/\/cachoeiradoc.com.br\/2015\/wp-content\/uploads\/2015\/08\/Sem-T\u00edtulo_site.jpg\" width=\"1050\" height=\"300\" alt=\"Sem T\u00edtulo_site\" title=\"Sem T\u00edtulo_site\" \/>\t\t\t\t\t\t\t\t\t<\/a>\n\t\t\t\t\t\t\t\t\t\t\t\t\t\t\t<\/div>\n\t\t\t\t\t\t<\/div>\n\t\t\t\t\t\t\t\t\t\t\t\t\t\t\t\t\t<div class=\"vc_item\">\n\t\t\t\t\t\t\t<div class=\"vc_inner\">\n\t\t\t\t\t\t\t\t\t\t\t\t\t\t\t\t\t\t\t\t\t\t\t\t\t\t<a class=\"prettyphoto\"\n\t\t\t\t\t\t\t\t\t   href=\"https:\/\/cachoeiradoc.com.br\/2015\/wp-content\/uploads\/2015\/08\/Sem-T\u00edtulo_site2-1024x293.jpg\"  rel=\"prettyPhoto[rel-1559-1691203689]\">\n\t\t\t\t\t\t\t\t\t\t<img class=\"\" src=\"https:\/\/cachoeiradoc.com.br\/2015\/wp-content\/uploads\/2015\/08\/Sem-T\u00edtulo_site2.jpg\" width=\"1050\" height=\"300\" alt=\"Sem T\u00edtulo_site2\" title=\"Sem T\u00edtulo_site2\" \/>\t\t\t\t\t\t\t\t\t<\/a>\n\t\t\t\t\t\t\t\t\t\t\t\t\t\t\t<\/div>\n\t\t\t\t\t\t<\/div>\n\t\t\t\t\t\t\t\t\t<\/div>\n\t\t\t<\/div>\n\t\t<\/div>\n\t\t\t\t\t<!-- Controls -->\n\t\t\t<a class=\"vc_left vc_carousel-control\" href=\"#vc_images-carousel-1-1776761213\" data-slide=\"prev\">\n\t\t\t\t<span class=\"icon-prev\"><\/span>\n\t\t\t<\/a>\n\t\t\t<a class=\"vc_right vc_carousel-control\" href=\"#vc_images-carousel-1-1776761213\" data-slide=\"next\">\n\t\t\t\t<span class=\"icon-next\"><\/span>\n\t\t\t<\/a>\n\t\t\t<\/div>\n\t<\/div>\n\t<\/div><\/div><\/div><\/div><div class=\"vc_row wpb_row vc_row-fluid\"><div class=\"wpb_column vc_column_container vc_col-sm-12\"><div class=\"wpb_wrapper\"><h4 class=\"box_header\">S\u00e3o Paulo, 2014, 5 min.<\/h4>\n\t<div class=\"wpb_text_column wpb_content_element \">\n\t\t<div class=\"wpb_wrapper\">\n\t\t\t<p style=\"text-align: justify;\">De Carlos Adriano<\/p>\n<p style=\"text-align: justify;\">O improv\u00e1vel duo de um fado para o saudoso convidado.<br \/>\nJusta posi\u00e7\u00e3o po\u00e9tica. Aproxima\u00e7\u00e3o de realidades distantes.<br \/>\nLitanias do luto.<br \/>\nEspectros e remanesc\u00eancias da imagem sobrevivente.<br \/>\nMusas da mem\u00f3ria \u2013 MnemoCyne.<br \/>\nDa s\u00e9rie \u201cApontamentos para uma AutoCineBiografia (em Regresso)\u201d.<\/p>\n<p style=\"text-align: justify;\">Contato: adriano.carlos.ca@gmail.com<\/p>\n\n\t\t<\/div>\n\t<\/div>\n<\/div><\/div><\/div>\n","protected":false},"excerpt":{"rendered":"S\u00e3o Paulo, 2014, 5 min. De Carlos Adriano O improv\u00e1vel duo de um fado para o saudoso convidado. Justa posi\u00e7\u00e3o po\u00e9tica. Aproxima\u00e7\u00e3o de realidades distantes. Litanias do luto. Espectros e remanesc\u00eancias da imagem sobrevivente. Musas da mem\u00f3ria \u2013 MnemoCyne. Da s\u00e9rie \u201cApontamentos para uma AutoCineBiografia (em Regresso)\u201d. Contato: adriano.carlos.ca@gmail.com","protected":false},"author":2,"featured_media":0,"parent":1517,"menu_order":0,"comment_status":"open","ping_status":"open","template":"","meta":[],"_links":{"self":[{"href":"https:\/\/cachoeiradoc.com.br\/2015\/wp-json\/wp\/v2\/pages\/1559"}],"collection":[{"href":"https:\/\/cachoeiradoc.com.br\/2015\/wp-json\/wp\/v2\/pages"}],"about":[{"href":"https:\/\/cachoeiradoc.com.br\/2015\/wp-json\/wp\/v2\/types\/page"}],"author":[{"embeddable":true,"href":"https:\/\/cachoeiradoc.com.br\/2015\/wp-json\/wp\/v2\/users\/2"}],"replies":[{"embeddable":true,"href":"https:\/\/cachoeiradoc.com.br\/2015\/wp-json\/wp\/v2\/comments?post=1559"}],"version-history":[{"count":2,"href":"https:\/\/cachoeiradoc.com.br\/2015\/wp-json\/wp\/v2\/pages\/1559\/revisions"}],"predecessor-version":[{"id":1881,"href":"https:\/\/cachoeiradoc.com.br\/2015\/wp-json\/wp\/v2\/pages\/1559\/revisions\/1881"}],"up":[{"embeddable":true,"href":"https:\/\/cachoeiradoc.com.br\/2015\/wp-json\/wp\/v2\/pages\/1517"}],"wp:attachment":[{"href":"https:\/\/cachoeiradoc.com.br\/2015\/wp-json\/wp\/v2\/media?parent=1559"}],"curies":[{"name":"wp","href":"https:\/\/api.w.org\/{rel}","templated":true}]}}