{"id":1530,"date":"2015-07-30T11:53:46","date_gmt":"2015-07-30T14:53:46","guid":{"rendered":"http:\/\/cachoeiradoc.com.br\/2015\/?page_id=1530"},"modified":"2015-08-17T09:14:40","modified_gmt":"2015-08-17T12:14:40","slug":"ana","status":"publish","type":"page","link":"https:\/\/cachoeiradoc.com.br\/2015\/mostra-competitiva\/curtas\/ana\/","title":{"rendered":"Ana"},"content":{"rendered":"<div class=\"vc_row wpb_row vc_row-fluid\"><div class=\"wpb_column vc_column_container vc_col-sm-12\"><div class=\"wpb_wrapper\"><div\n\tclass=\"wpb_images_carousel wpb_content_element vc_clearfix\">\n\t<div class=\"wpb_wrapper\">\n\t<div id=\"vc_images-carousel-1-1776407729\" data-ride=\"vc_carousel\"\n\t     data-wrap=\"true\" style=\"width: 1050px;\"\n\t     data-interval=\"4000\" data-auto-height=\"yes\"\n\t     data-mode=\"horizontal\" data-partial=\"false\"\n\t     data-per-view=\"1\"\n\t     data-hide-on-end=\"false\" class=\"vc_slide vc_images_carousel\">\n\t\t\t\t\t<!-- Indicators -->\n\t\t\t<ol class=\"vc_carousel-indicators\">\n\t\t\t\t\t\t\t\t\t<li data-target=\"#vc_images-carousel-1-1776407729\" data-slide-to=\"0\"><\/li>\n\t\t\t\t\t\t\t<\/ol>\n\t\t\t\t<!-- Wrapper for slides -->\n\t\t<div class=\"vc_carousel-inner\">\n\t\t\t<div class=\"vc_carousel-slideline\">\n\t\t\t\t<div class=\"vc_carousel-slideline-inner\">\n\t\t\t\t\t\t\t\t\t\t\t\t\t\t\t\t\t<div class=\"vc_item\">\n\t\t\t\t\t\t\t<div class=\"vc_inner\">\n\t\t\t\t\t\t\t\t\t\t\t\t\t\t\t\t\t\t\t\t\t\t\t\t\t\t<a class=\"prettyphoto\"\n\t\t\t\t\t\t\t\t\t   href=\"https:\/\/cachoeiradoc.com.br\/2015\/wp-content\/uploads\/2015\/07\/ana-1024x279.jpg\"  rel=\"prettyPhoto[rel-1530-1740435238]\">\n\t\t\t\t\t\t\t\t\t\t<img class=\"\" src=\"https:\/\/cachoeiradoc.com.br\/2015\/wp-content\/uploads\/2015\/07\/ana-1050x300.jpg\" width=\"1050\" height=\"300\" alt=\"Ana\" title=\"Ana\" \/>\t\t\t\t\t\t\t\t\t<\/a>\n\t\t\t\t\t\t\t\t\t\t\t\t\t\t\t<\/div>\n\t\t\t\t\t\t<\/div>\n\t\t\t\t\t\t\t\t\t<\/div>\n\t\t\t<\/div>\n\t\t<\/div>\n\t\t\t\t\t<!-- Controls -->\n\t\t\t<a class=\"vc_left vc_carousel-control\" href=\"#vc_images-carousel-1-1776407729\" data-slide=\"prev\">\n\t\t\t\t<span class=\"icon-prev\"><\/span>\n\t\t\t<\/a>\n\t\t\t<a class=\"vc_right vc_carousel-control\" href=\"#vc_images-carousel-1-1776407729\" data-slide=\"next\">\n\t\t\t\t<span class=\"icon-next\"><\/span>\n\t\t\t<\/a>\n\t\t\t<\/div>\n\t<\/div>\n\t<\/div><\/div><\/div><\/div><div class=\"vc_row wpb_row vc_row-fluid\"><div class=\"wpb_column vc_column_container vc_col-sm-12\"><div class=\"wpb_wrapper\"><h4 class=\"box_header\">Bahia, 2015, 20 min.<\/h4>\n\t<div class=\"wpb_text_column wpb_content_element \">\n\t\t<div class=\"wpb_wrapper\">\n\t\t\t<p style=\"text-align: justify;\"><b><\/b>De Camila Camila<\/p>\n<p style=\"text-align: justify;\">Dos depoimentos de cinco irm\u00e3s criadas no interior da Bahia entre as d\u00e9cadas de 1960 a 1980 e da educa\u00e7\u00e3o dada por sua m\u00e3e; professora e psic\u00f3tica man\u00edaca depressiva. Ana busca uma po\u00e9tica que toque as inquieta\u00e7\u00f5es do corpo, das rela\u00e7\u00f5es de g\u00eanero e da fam\u00edlia. Ind\u00edcios, fragmentos de vida que me comp\u00f5em. Hist\u00f3rias familiares, especialmente as que identifico-me enquanto mulher. A mem\u00f3ria \u00e9 um instrumento de fic\u00e7\u00e3o.<\/p>\n<p style=\"text-align: justify;\">Contato:\u00a0<span data-sheets-value=\"&#091;null,2,\" data-sheets-userformat=\"&#091;null,null,513,&#091;null,0&#093;,null,null,null,null,null,null,null,null,0&#093;\">ohana_almeida@hotmail.com<\/span><\/p>\n\n\t\t<\/div>\n\t<\/div>\n<\/div><\/div><\/div>\n","protected":false},"excerpt":{"rendered":"Bahia, 2015, 20 min. De Camila Camila Dos depoimentos de cinco irm\u00e3s criadas no interior da Bahia entre as d\u00e9cadas de 1960 a 1980 e da educa\u00e7\u00e3o dada por sua m\u00e3e; professora e psic\u00f3tica man\u00edaca depressiva. Ana busca uma po\u00e9tica que toque as inquieta\u00e7\u00f5es do corpo, das rela\u00e7\u00f5es de g\u00eanero e da fam\u00edlia. Ind\u00edcios, fragmentos","protected":false},"author":1,"featured_media":0,"parent":1517,"menu_order":0,"comment_status":"open","ping_status":"open","template":"","meta":[],"_links":{"self":[{"href":"https:\/\/cachoeiradoc.com.br\/2015\/wp-json\/wp\/v2\/pages\/1530"}],"collection":[{"href":"https:\/\/cachoeiradoc.com.br\/2015\/wp-json\/wp\/v2\/pages"}],"about":[{"href":"https:\/\/cachoeiradoc.com.br\/2015\/wp-json\/wp\/v2\/types\/page"}],"author":[{"embeddable":true,"href":"https:\/\/cachoeiradoc.com.br\/2015\/wp-json\/wp\/v2\/users\/1"}],"replies":[{"embeddable":true,"href":"https:\/\/cachoeiradoc.com.br\/2015\/wp-json\/wp\/v2\/comments?post=1530"}],"version-history":[{"count":3,"href":"https:\/\/cachoeiradoc.com.br\/2015\/wp-json\/wp\/v2\/pages\/1530\/revisions"}],"predecessor-version":[{"id":1872,"href":"https:\/\/cachoeiradoc.com.br\/2015\/wp-json\/wp\/v2\/pages\/1530\/revisions\/1872"}],"up":[{"embeddable":true,"href":"https:\/\/cachoeiradoc.com.br\/2015\/wp-json\/wp\/v2\/pages\/1517"}],"wp:attachment":[{"href":"https:\/\/cachoeiradoc.com.br\/2015\/wp-json\/wp\/v2\/media?parent=1530"}],"curies":[{"name":"wp","href":"https:\/\/api.w.org\/{rel}","templated":true}]}}