{"id":1492,"date":"2015-07-26T10:28:38","date_gmt":"2015-07-26T13:28:38","guid":{"rendered":"http:\/\/cachoeiradoc.com.br\/2015\/?page_id=1492"},"modified":"2015-08-19T20:29:57","modified_gmt":"2015-08-19T23:29:57","slug":"a-loucura-entre-nos","status":"publish","type":"page","link":"https:\/\/cachoeiradoc.com.br\/2015\/mostra-competitiva\/longas-e-medias\/a-loucura-entre-nos\/","title":{"rendered":"A loucura entre n\u00f3s"},"content":{"rendered":"<div class=\"vc_row wpb_row vc_row-fluid\"><div class=\"wpb_column vc_column_container vc_col-sm-12\"><div class=\"wpb_wrapper\"><div\n\tclass=\"wpb_images_carousel wpb_content_element vc_clearfix\">\n\t<div class=\"wpb_wrapper\">\n\t<div id=\"vc_images-carousel-1-1775556351\" data-ride=\"vc_carousel\"\n\t     data-wrap=\"true\" style=\"width: 1050px;\"\n\t     data-interval=\"4000\" data-auto-height=\"yes\"\n\t     data-mode=\"horizontal\" data-partial=\"false\"\n\t     data-per-view=\"1\"\n\t     data-hide-on-end=\"false\" class=\"vc_slide vc_images_carousel\">\n\t\t\t\t\t<!-- Indicators -->\n\t\t\t<ol class=\"vc_carousel-indicators\">\n\t\t\t\t\t\t\t\t\t<li data-target=\"#vc_images-carousel-1-1775556351\" data-slide-to=\"0\"><\/li>\n\t\t\t\t\t\t\t\t\t<li data-target=\"#vc_images-carousel-1-1775556351\" data-slide-to=\"1\"><\/li>\n\t\t\t\t\t\t\t<\/ol>\n\t\t\t\t<!-- Wrapper for slides -->\n\t\t<div class=\"vc_carousel-inner\">\n\t\t\t<div class=\"vc_carousel-slideline\">\n\t\t\t\t<div class=\"vc_carousel-slideline-inner\">\n\t\t\t\t\t\t\t\t\t\t\t\t\t\t\t\t\t<div class=\"vc_item\">\n\t\t\t\t\t\t\t<div class=\"vc_inner\">\n\t\t\t\t\t\t\t\t\t\t\t\t\t\t\t\t\t\t\t\t\t\t\t\t\t\t<a class=\"prettyphoto\"\n\t\t\t\t\t\t\t\t\t   href=\"https:\/\/cachoeiradoc.com.br\/2015\/wp-content\/uploads\/2015\/07\/A_loucura_entre_nos_foto6_Gabriel-Teixeira-1024x576.jpg\"  rel=\"prettyPhoto[rel-1492-494491658]\">\n\t\t\t\t\t\t\t\t\t\t<img class=\"\" src=\"https:\/\/cachoeiradoc.com.br\/2015\/wp-content\/uploads\/2015\/07\/A_loucura_entre_nos_foto6_Gabriel-Teixeira-1050x300.jpg\" width=\"1050\" height=\"300\" alt=\"A loucura est\u00e1 entre n\u00f3s\" title=\"A loucura est\u00e1 entre n\u00f3s\" \/>\t\t\t\t\t\t\t\t\t<\/a>\n\t\t\t\t\t\t\t\t\t\t\t\t\t\t\t<\/div>\n\t\t\t\t\t\t<\/div>\n\t\t\t\t\t\t\t\t\t\t\t\t\t\t\t\t\t<div class=\"vc_item\">\n\t\t\t\t\t\t\t<div class=\"vc_inner\">\n\t\t\t\t\t\t\t\t\t\t\t\t\t\t\t\t\t\t\t\t\t\t\t\t\t\t<a class=\"prettyphoto\"\n\t\t\t\t\t\t\t\t\t   href=\"https:\/\/cachoeiradoc.com.br\/2015\/wp-content\/uploads\/2015\/07\/A_loucura_entre_nos_foto4_Gabriel-Teixeira-1024x576.jpg\"  rel=\"prettyPhoto[rel-1492-494491658]\">\n\t\t\t\t\t\t\t\t\t\t<img class=\"\" src=\"https:\/\/cachoeiradoc.com.br\/2015\/wp-content\/uploads\/2015\/07\/A_loucura_entre_nos_foto4_Gabriel-Teixeira-1050x300.jpg\" width=\"1050\" height=\"300\" alt=\"A_loucura_entre_nos_foto(4)_Gabriel Teixeira\" title=\"A_loucura_entre_nos_foto(4)_Gabriel Teixeira\" \/>\t\t\t\t\t\t\t\t\t<\/a>\n\t\t\t\t\t\t\t\t\t\t\t\t\t\t\t<\/div>\n\t\t\t\t\t\t<\/div>\n\t\t\t\t\t\t\t\t\t<\/div>\n\t\t\t<\/div>\n\t\t<\/div>\n\t\t\t\t\t<!-- Controls -->\n\t\t\t<a class=\"vc_left vc_carousel-control\" href=\"#vc_images-carousel-1-1775556351\" data-slide=\"prev\">\n\t\t\t\t<span class=\"icon-prev\"><\/span>\n\t\t\t<\/a>\n\t\t\t<a class=\"vc_right vc_carousel-control\" href=\"#vc_images-carousel-1-1775556351\" data-slide=\"next\">\n\t\t\t\t<span class=\"icon-next\"><\/span>\n\t\t\t<\/a>\n\t\t\t<\/div>\n\t<\/div>\n\t<\/div><\/div><\/div><\/div><div class=\"vc_row wpb_row vc_row-fluid\"><div class=\"wpb_column vc_column_container vc_col-sm-12\"><div class=\"wpb_wrapper\"><h4 class=\"box_header\">Bahia, 2015, 78 min.<\/h4>\n\t<div class=\"wpb_text_column wpb_content_element \">\n\t\t<div class=\"wpb_wrapper\">\n\t\t\t<p style=\"text-align: justify;\">De Fernanda Fontes Vareille<\/p>\n<p style=\"text-align: justify;\">Quais os limites da nossa sanidade? O que nos define como normais? \u201cA loucura entre n\u00f3s\u201d lan\u00e7a um olhar sobre os corredores e grades de um hospital psiqui\u00e1trico, buscando personagens e hist\u00f3rias que revelem as fronteiras do que \u00e9 considerado loucura. Atrav\u00e9s, principalmente, de personagens femininas, o document\u00e1rio exala as contradi\u00e7\u00f5es da raz\u00e3o, nos fazendo refletir nossos pr\u00f3prios conflitos, desejos e erros. Livremente inspirado no livro hom\u00f4nimo do m\u00e9dico psiquiatra Marcelo Veras, o filme faz um sens\u00edvel mergulho nos paradoxos da reinser\u00e7\u00e3o da loucura no mundo em geral, subvertendo qualquer tentativa de reduzir as personagens retratadas a marionetes de quest\u00f5es envolvendo a sanidade mental.<\/p>\n<p style=\"text-align: justify;\">Contato:\u00a0nandaberbert@gmail.com<\/p>\n\n\t\t<\/div>\n\t<\/div>\n<\/div><\/div><\/div>\n","protected":false},"excerpt":{"rendered":"Bahia, 2015, 78 min. De Fernanda Fontes Vareille Quais os limites da nossa sanidade? O que nos define como normais? \u201cA loucura entre n\u00f3s\u201d lan\u00e7a um olhar sobre os corredores e grades de um hospital psiqui\u00e1trico, buscando personagens e hist\u00f3rias que revelem as fronteiras do que \u00e9 considerado loucura. Atrav\u00e9s, principalmente, de personagens femininas, o","protected":false},"author":1,"featured_media":0,"parent":1499,"menu_order":0,"comment_status":"closed","ping_status":"closed","template":"","meta":[],"_links":{"self":[{"href":"https:\/\/cachoeiradoc.com.br\/2015\/wp-json\/wp\/v2\/pages\/1492"}],"collection":[{"href":"https:\/\/cachoeiradoc.com.br\/2015\/wp-json\/wp\/v2\/pages"}],"about":[{"href":"https:\/\/cachoeiradoc.com.br\/2015\/wp-json\/wp\/v2\/types\/page"}],"author":[{"embeddable":true,"href":"https:\/\/cachoeiradoc.com.br\/2015\/wp-json\/wp\/v2\/users\/1"}],"replies":[{"embeddable":true,"href":"https:\/\/cachoeiradoc.com.br\/2015\/wp-json\/wp\/v2\/comments?post=1492"}],"version-history":[{"count":6,"href":"https:\/\/cachoeiradoc.com.br\/2015\/wp-json\/wp\/v2\/pages\/1492\/revisions"}],"predecessor-version":[{"id":1940,"href":"https:\/\/cachoeiradoc.com.br\/2015\/wp-json\/wp\/v2\/pages\/1492\/revisions\/1940"}],"up":[{"embeddable":true,"href":"https:\/\/cachoeiradoc.com.br\/2015\/wp-json\/wp\/v2\/pages\/1499"}],"wp:attachment":[{"href":"https:\/\/cachoeiradoc.com.br\/2015\/wp-json\/wp\/v2\/media?parent=1492"}],"curies":[{"name":"wp","href":"https:\/\/api.w.org\/{rel}","templated":true}]}}