{"id":1401,"date":"2015-07-18T21:19:19","date_gmt":"2015-07-19T00:19:19","guid":{"rendered":"http:\/\/cachoeiradoc.com.br\/2015\/?page_id=1401"},"modified":"2015-08-16T22:55:03","modified_gmt":"2015-08-17T01:55:03","slug":"mostras-especiais","status":"publish","type":"page","link":"https:\/\/cachoeiradoc.com.br\/2015\/mostras-especiais\/","title":{"rendered":"Mostras Especiais"},"content":{"rendered":"<div class=\"vc_row wpb_row vc_row-fluid\"><div class=\"wpb_column vc_column_container vc_col-sm-12\"><div class=\"wpb_wrapper\">\n\t<div class=\"wpb_text_column wpb_content_element  wpb_animate_when_almost_visible wpb_bottom-to-top\">\n\t\t<div class=\"wpb_wrapper\">\n\t\t\t<p style=\"text-align: justify;\">As Mostras Especiais do CachoeiraDoc s\u00e3o compostas por document\u00e1rios de importantes cineastas internacionais e brasileiros, que visam contribuir para a amplia\u00e7\u00e3o de repert\u00f3rio, internacionaliza\u00e7\u00e3o do evento e a forma\u00e7\u00e3o do p\u00fablico. Atrav\u00e9s de um pensamento curatorial rigoroso, que destaca importantes quest\u00f5es para o g\u00eanero, s\u00e3o selecionadas obras essenciais ao entendimento da hist\u00f3ria do document\u00e1rio mundial e das est\u00e9ticas contempor\u00e2neas, viabilizando, ainda, o acesso a filmes raros e de dif\u00edcil circula\u00e7\u00e3o no Brasil e na Bahia. Nesse sentido, vale destacar o esfor\u00e7o de tradu\u00e7\u00e3o e legendagem dos filmes internacionais, que dever\u00e3o passar a integrar a forma\u00e7\u00e3o de jovens e experientes cineastas, cr\u00edticos e pesquisadores.<\/p>\n\n\t\t<\/div>\n\t<\/div>\n<\/div><\/div><\/div><div class=\"vc_row wpb_row vc_row-fluid\"><div class=\"wpb_column vc_column_container vc_col-sm-3\"><div class=\"wpb_wrapper\">\n\t<div class=\"wpb_single_image wpb_content_element vc_align_center  wpb_animate_when_almost_visible wpb_bottom-to-top\">\n\t\t<div class=\"wpb_wrapper\">\n\t\t\t\n\t\t\t<a href=\"http:\/\/cachoeiradoc.com.br\/2015\/mostras-especiais\/mostra-soy-cine\/\" target=\"_self\"><div class=\"vc_single_image-wrapper vc_box_rounded  vc_box_border_grey\"><img class=\"vc_single_image-img \" src=\"https:\/\/cachoeiradoc.com.br\/2015\/wp-content\/uploads\/2015\/07\/beautiful-tree-300x250.png\" width=\"300\" height=\"250\" alt=\"El \u00c1rbol\" title=\"El \u00c1rbol\" \/><\/div><\/a>\n\t\t<\/div>\n\t<\/div>\n<h4 class=\"box_header\">Mostra Soy Cine<\/h4>\n\t<div class=\"wpb_text_column wpb_content_element  wpb_animate_when_almost_visible wpb_bottom-to-top\">\n\t\t<div class=\"wpb_wrapper\">\n\t\t\t<p style=\"text-align: justify;\">A Mostra apresenta recentes document\u00e1rios realizados pelos estudantes da Escuela\u00a0 Internacional de Cinema y Tv (EICTV) de Cuba.Fundada na d\u00e9cada de 80, a EICTV \u00e9 um dos espa\u00e7os de forma\u00e7\u00e3o audiovisual mais importantes do mundo e re\u00fane professores, cineastas e estudantes de diferentes pa\u00edses. A vida vista atrav\u00e9s desses olhares t\u00e3o diversos e multiculturais \u00e9 o que prop\u00f5e a mostra de curtas que inclui obras premiadas em festivais internacionais. <a href=\"http:\/\/cachoeiradoc.com.br\/2015\/mostras-especiais\/mostra-soy-cine\/\">Saiba mais.<\/a><\/p>\n\n\t\t<\/div>\n\t<\/div>\n<\/div><\/div><div class=\"wpb_column vc_column_container vc_col-sm-3\"><div class=\"wpb_wrapper\">\n\t<div class=\"wpb_single_image wpb_content_element vc_align_center  wpb_animate_when_almost_visible wpb_bottom-to-top\">\n\t\t<div class=\"wpb_wrapper\">\n\t\t\t\n\t\t\t<a href=\"http:\/\/cachoeiradoc.com.br\/2015\/mostras-especiais\/1669-2\/\" target=\"_self\"><div class=\"vc_single_image-wrapper   vc_box_border_grey\"><img class=\"vc_single_image-img \" src=\"https:\/\/cachoeiradoc.com.br\/2015\/wp-content\/uploads\/2015\/07\/Leviathan-500x300.jpg\" width=\"500\" height=\"300\" alt=\"Leviathan\" title=\"Leviathan\" \/><\/div><\/a>\n\t\t<\/div>\n\t<\/div>\n<h4 class=\"box_header\">Mostra Perspectivas do espa\u00e7o e imers\u00f5es sensoriais<\/h4>\n\t<div class=\"wpb_text_column wpb_content_element  wpb_animate_when_almost_visible wpb_bottom-to-top\">\n\t\t<div class=\"wpb_wrapper\">\n\t\t\t<p style=\"text-align: justify;\">Mostra com filmes do Sensory Ethnography Lab (SEL), um laborat\u00f3rio experimental na Universidade de Harvard que promove inovadoras combina\u00e7\u00f5es entre est\u00e9tica e etnografia. \u00a0Os trabalhos cinematogr\u00e1ficos produzidos pelo laborat\u00f3rio t\u00eam como tema a praxis corporal e o tecido afetivo da exist\u00eancia humana e animal. Estes trabalhos t\u00eam sido exibidos nos mais importantes centros de artes do mundo, al\u00e9m de participarem dos mais importantes festivais internacionais de cinema. <a href=\"http:\/\/cachoeiradoc.com.br\/2015\/mostras-especiais\/1669-2\/\">Saiba mais.<\/a><\/p>\n\n\t\t<\/div>\n\t<\/div>\n<\/div><\/div><div class=\"wpb_column vc_column_container vc_col-sm-3\"><div class=\"wpb_wrapper\">\n\t<div class=\"wpb_single_image wpb_content_element vc_align_left  wpb_animate_when_almost_visible wpb_bottom-to-top\">\n\t\t<div class=\"wpb_wrapper\">\n\t\t\t\n\t\t\t<a href=\" http:\/\/cachoeiradoc.com.br\/2015\/mostras-especiais\/mostra-cinema-na-real\/\" target=\"_self\"><div class=\"vc_single_image-wrapper   vc_box_border_grey\"><img class=\"vc_single_image-img \" src=\"https:\/\/cachoeiradoc.com.br\/2015\/wp-content\/uploads\/2015\/07\/maria-vai-cas-vaca1-1024x576-500x300.png\" width=\"500\" height=\"300\" alt=\"maria-vai-cas-vaca1-1024x576\" title=\"maria-vai-cas-vaca1-1024x576\" \/><\/div><\/a>\n\t\t<\/div>\n\t<\/div>\n<h4 class=\"box_header\">Mostra Cinema na Real<\/h4>\n\t<div class=\"wpb_text_column wpb_content_element  wpb_animate_when_almost_visible wpb_bottom-to-top\">\n\t\t<div class=\"wpb_wrapper\">\n\t\t\t<p style=\"text-align: justify;\">A mostra \u00e9 uma parceria com escolas p\u00fablicas de Cachoeira e S\u00e3o Felix e busca atrair e formar o olhar de alunos e professores para o cinema document\u00e1rio. S\u00e3o cinco curtas que mostram a rela\u00e7\u00e3o de crian\u00e7as e seu cotidiano em diferentes lugares do Brasil. <a href=\"http:\/\/cachoeiradoc.com.br\/2015\/mostras-especiais\/mostra-cinema-na-real\/\">Saiba mais.<\/a><\/p>\n\n\t\t<\/div>\n\t<\/div>\n<\/div><\/div><div class=\"wpb_column vc_column_container vc_col-sm-3\"><div class=\"wpb_wrapper\">\n\t<div class=\"wpb_single_image wpb_content_element vc_align_left  wpb_animate_when_almost_visible wpb_bottom-to-top\">\n\t\t<div class=\"wpb_wrapper\">\n\t\t\t\n\t\t\t<a href=\"http:\/\/cachoeiradoc.com.br\/2015\/mostras-especiais\/mostra-classicos-do-real\/\" target=\"_self\"><div class=\"vc_single_image-wrapper   vc_box_border_grey\"><img class=\"vc_single_image-img \" src=\"https:\/\/cachoeiradoc.com.br\/2015\/wp-content\/uploads\/2015\/07\/timthumb.jpg\" width=\"250\" height=\"250\" alt=\"timthumb\" title=\"timthumb\" \/><\/div><\/a>\n\t\t<\/div>\n\t<\/div>\n<h4 class=\"box_header\">Cl\u00e1ssicos do Real: homenagem a Guido Ara\u00fajo<\/h4>\n\t<div class=\"wpb_text_column wpb_content_element  wpb_animate_when_almost_visible wpb_bottom-to-top\">\n\t\t<div class=\"wpb_wrapper\">\n\t\t\t<p style=\"text-align: justify;\">A Mostra Cl\u00e1ssicos do Real deste ano homenageia ao cineasta baiano Guido Ara\u00fajo,\u00a0criador da Jornada de Cinema da Bahia, nos seus 80 anos de idade e 40 do Festival. Ser\u00e1 exibido a trilogia do Rec\u00f4ncavo. O cineasta estar\u00e1 presente. <a href=\"http:\/\/cachoeiradoc.com.br\/2015\/mostras-especiais\/mostra-classicos-do-real\/\">Saiba mais.<\/a><\/p>\n\n\t\t<\/div>\n\t<\/div>\n<\/div><\/div><\/div>\n","protected":false},"excerpt":{"rendered":"As Mostras Especiais do CachoeiraDoc s\u00e3o compostas por document\u00e1rios de importantes cineastas internacionais e brasileiros, que visam contribuir para a amplia\u00e7\u00e3o de repert\u00f3rio, internacionaliza\u00e7\u00e3o do evento e a forma\u00e7\u00e3o do p\u00fablico. Atrav\u00e9s de um pensamento curatorial rigoroso, que destaca importantes quest\u00f5es para o g\u00eanero, s\u00e3o selecionadas obras essenciais ao entendimento da hist\u00f3ria do document\u00e1rio mundial","protected":false},"author":1,"featured_media":0,"parent":0,"menu_order":0,"comment_status":"closed","ping_status":"closed","template":"","meta":[],"_links":{"self":[{"href":"https:\/\/cachoeiradoc.com.br\/2015\/wp-json\/wp\/v2\/pages\/1401"}],"collection":[{"href":"https:\/\/cachoeiradoc.com.br\/2015\/wp-json\/wp\/v2\/pages"}],"about":[{"href":"https:\/\/cachoeiradoc.com.br\/2015\/wp-json\/wp\/v2\/types\/page"}],"author":[{"embeddable":true,"href":"https:\/\/cachoeiradoc.com.br\/2015\/wp-json\/wp\/v2\/users\/1"}],"replies":[{"embeddable":true,"href":"https:\/\/cachoeiradoc.com.br\/2015\/wp-json\/wp\/v2\/comments?post=1401"}],"version-history":[{"count":25,"href":"https:\/\/cachoeiradoc.com.br\/2015\/wp-json\/wp\/v2\/pages\/1401\/revisions"}],"predecessor-version":[{"id":1813,"href":"https:\/\/cachoeiradoc.com.br\/2015\/wp-json\/wp\/v2\/pages\/1401\/revisions\/1813"}],"wp:attachment":[{"href":"https:\/\/cachoeiradoc.com.br\/2015\/wp-json\/wp\/v2\/media?parent=1401"}],"curies":[{"name":"wp","href":"https:\/\/api.w.org\/{rel}","templated":true}]}}