{"id":99,"date":"2014-08-02T10:44:48","date_gmt":"2014-08-02T13:44:48","guid":{"rendered":"https:\/\/cachoeiradoc.com.br\/2014\/?page_id=99"},"modified":"2014-08-03T18:13:48","modified_gmt":"2014-08-03T21:13:48","slug":"branco-sai-preto-fica","status":"publish","type":"page","link":"https:\/\/cachoeiradoc.com.br\/2014\/?page_id=99","title":{"rendered":"Branco sai, Preto fica"},"content":{"rendered":"<div class=\"panel-grid\" id=\"pg-99-0\"><div class=\"panel-grid-core\"><div class=\"panel-grid-cell\" id=\"pgc-99-0-0\" ><p>Distrito Federal, 2014, 93\u2019<br \/>De Adirley Queir\u00f3s<\/p>\n<p>Um baile Black. Tiro e opress\u00e3o. Uma gera\u00e7\u00e3o amputada.<\/p>\n<p>cincodanorte@gmail.com<\/p><\/div><\/div><\/div>","protected":false},"excerpt":{"rendered":"<p>Distrito Federal, 2014, 93\u2019De Adirley Queir\u00f3s Um baile Black. Tiro e opress\u00e3o. Uma gera\u00e7\u00e3o amputada. cincodanorte@gmail.com<\/p>\n","protected":false},"author":1,"featured_media":0,"parent":250,"menu_order":0,"comment_status":"closed","ping_status":"closed","template":"","meta":[],"categories":[],"tags":[],"_links":{"self":[{"href":"https:\/\/cachoeiradoc.com.br\/2014\/index.php?rest_route=\/wp\/v2\/pages\/99"}],"collection":[{"href":"https:\/\/cachoeiradoc.com.br\/2014\/index.php?rest_route=\/wp\/v2\/pages"}],"about":[{"href":"https:\/\/cachoeiradoc.com.br\/2014\/index.php?rest_route=\/wp\/v2\/types\/page"}],"author":[{"embeddable":true,"href":"https:\/\/cachoeiradoc.com.br\/2014\/index.php?rest_route=\/wp\/v2\/users\/1"}],"replies":[{"embeddable":true,"href":"https:\/\/cachoeiradoc.com.br\/2014\/index.php?rest_route=%2Fwp%2Fv2%2Fcomments&post=99"}],"version-history":[{"count":8,"href":"https:\/\/cachoeiradoc.com.br\/2014\/index.php?rest_route=\/wp\/v2\/pages\/99\/revisions"}],"predecessor-version":[{"id":10107,"href":"https:\/\/cachoeiradoc.com.br\/2014\/index.php?rest_route=\/wp\/v2\/pages\/99\/revisions\/10107"}],"up":[{"embeddable":true,"href":"https:\/\/cachoeiradoc.com.br\/2014\/index.php?rest_route=\/wp\/v2\/pages\/250"}],"wp:attachment":[{"href":"https:\/\/cachoeiradoc.com.br\/2014\/index.php?rest_route=%2Fwp%2Fv2%2Fmedia&parent=99"}],"wp:term":[{"taxonomy":"category","embeddable":true,"href":"https:\/\/cachoeiradoc.com.br\/2014\/index.php?rest_route=%2Fwp%2Fv2%2Fcategories&post=99"},{"taxonomy":"post_tag","embeddable":true,"href":"https:\/\/cachoeiradoc.com.br\/2014\/index.php?rest_route=%2Fwp%2Fv2%2Ftags&post=99"}],"curies":[{"name":"wp","href":"https:\/\/api.w.org\/{rel}","templated":true}]}}