{"id":96,"date":"2014-08-02T10:38:39","date_gmt":"2014-08-02T13:38:39","guid":{"rendered":"https:\/\/cachoeiradoc.com.br\/2014\/?page_id=96"},"modified":"2014-08-04T17:29:42","modified_gmt":"2014-08-04T20:29:42","slug":"aprender-a-ler-para-ensinar-meus-camaradas","status":"publish","type":"page","link":"https:\/\/cachoeiradoc.com.br\/2014\/?page_id=96","title":{"rendered":"Aprender a ler para ensinar meus camaradas"},"content":{"rendered":"<div class=\"panel-grid\" id=\"pg-96-0\"><div class=\"panel-grid-core\"><div class=\"panel-grid-cell\" id=\"pgc-96-0-0\" ><p style=\"text-align: justify;\">Bahia, 2013, 84\u2019<br \/>De Jo\u00e3o Guerra<\/p>\n<p style=\"text-align: justify;\">O filme acompanha a jornada de dois m\u00fasicos angolanos que viajam at\u00e9 a Bahia em busca de vest\u00edgios de uma ancestralidade perdida. Al\u00e9m de participarem de um grande show, eles encontram outros m\u00fasicos e investigam elementos de sua pr\u00f3pria cultura, deparando-se com interessantes descobertas. Um document\u00e1rio musical que aborda tra\u00e7os de uma heran\u00e7a africana fora da \u00c1frica, reencontrada por meio da m\u00fasica.<\/p>\n<p><iframe src=\"\/\/player.vimeo.com\/video\/77875112\" height=\"281\" width=\"500\" allowfullscreen=\"\" frameborder=\"0\"><\/iframe><\/p>\n<p><a href=\"http:\/\/vimeo.com\/77875112\">APRENDER A LER PRA ENSINAR MEUS CAMARADAS - TEASER 01<\/a> from <a href=\"http:\/\/vimeo.com\/maiangafilmes\">Maianga Filmes<\/a> on <a href=\"https:\/\/vimeo.com\">Vimeo<\/a>.<\/p>\n<p><iframe src=\"\/\/player.vimeo.com\/video\/78017951\" height=\"281\" width=\"500\" allowfullscreen=\"\" frameborder=\"0\"><\/iframe><\/p>\n<p><a href=\"http:\/\/vimeo.com\/78017951\">APRENDER A LER PRA ENSINAR MEUS CAMARADAS - TEASER 02<\/a> from <a href=\"http:\/\/vimeo.com\/maiangafilmes\">Maianga Filmes<\/a> on <a href=\"https:\/\/vimeo.com\">Vimeo<\/a>.<\/p>\n<p style=\"text-align: justify;\">falecom@maiangafilmes.com<\/p><\/div><\/div><\/div>","protected":false},"excerpt":{"rendered":"<p>Bahia, 2013, 84\u2019De Jo\u00e3o Guerra O filme acompanha a jornada de dois m\u00fasicos angolanos que viajam at\u00e9 a Bahia em busca de vest\u00edgios de uma ancestralidade perdida. Al\u00e9m de participarem de um grande show, eles encontram outros m\u00fasicos e investigam elementos de sua pr\u00f3pria cultura, deparando-se com interessantes descobertas. Um document\u00e1rio musical que aborda tra\u00e7os [&hellip;]<\/p>\n","protected":false},"author":1,"featured_media":0,"parent":250,"menu_order":0,"comment_status":"closed","ping_status":"closed","template":"","meta":[],"categories":[],"tags":[],"_links":{"self":[{"href":"https:\/\/cachoeiradoc.com.br\/2014\/index.php?rest_route=\/wp\/v2\/pages\/96"}],"collection":[{"href":"https:\/\/cachoeiradoc.com.br\/2014\/index.php?rest_route=\/wp\/v2\/pages"}],"about":[{"href":"https:\/\/cachoeiradoc.com.br\/2014\/index.php?rest_route=\/wp\/v2\/types\/page"}],"author":[{"embeddable":true,"href":"https:\/\/cachoeiradoc.com.br\/2014\/index.php?rest_route=\/wp\/v2\/users\/1"}],"replies":[{"embeddable":true,"href":"https:\/\/cachoeiradoc.com.br\/2014\/index.php?rest_route=%2Fwp%2Fv2%2Fcomments&post=96"}],"version-history":[{"count":6,"href":"https:\/\/cachoeiradoc.com.br\/2014\/index.php?rest_route=\/wp\/v2\/pages\/96\/revisions"}],"predecessor-version":[{"id":10138,"href":"https:\/\/cachoeiradoc.com.br\/2014\/index.php?rest_route=\/wp\/v2\/pages\/96\/revisions\/10138"}],"up":[{"embeddable":true,"href":"https:\/\/cachoeiradoc.com.br\/2014\/index.php?rest_route=\/wp\/v2\/pages\/250"}],"wp:attachment":[{"href":"https:\/\/cachoeiradoc.com.br\/2014\/index.php?rest_route=%2Fwp%2Fv2%2Fmedia&parent=96"}],"wp:term":[{"taxonomy":"category","embeddable":true,"href":"https:\/\/cachoeiradoc.com.br\/2014\/index.php?rest_route=%2Fwp%2Fv2%2Fcategories&post=96"},{"taxonomy":"post_tag","embeddable":true,"href":"https:\/\/cachoeiradoc.com.br\/2014\/index.php?rest_route=%2Fwp%2Fv2%2Ftags&post=96"}],"curies":[{"name":"wp","href":"https:\/\/api.w.org\/{rel}","templated":true}]}}