{"id":93,"date":"2014-08-02T10:33:54","date_gmt":"2014-08-02T13:33:54","guid":{"rendered":"https:\/\/cachoeiradoc.com.br\/2014\/?page_id=93"},"modified":"2014-08-03T18:12:28","modified_gmt":"2014-08-03T21:12:28","slug":"a-vizinhanca-do-tigre","status":"publish","type":"page","link":"https:\/\/cachoeiradoc.com.br\/2014\/?page_id=93","title":{"rendered":"A vizinhan\u00e7a do tigre"},"content":{"rendered":"<div class=\"panel-grid\" id=\"pg-93-0\"><div class=\"panel-grid-core\"><div class=\"panel-grid-cell\" id=\"pgc-93-0-0\" ><p style=\"text-align: justify;\">Minas Gerais, 2014, 95\u2019<br \/>De Affonso Uchoa<\/p>\n<p style=\"text-align: justify;\">Juninho, Menor, Neguinho, Adilson e Eldo s\u00e3o jovens moradores do bairro Nacional, periferia de Contagem. Divididos entre o trabalho e a divers\u00e3o, o crime e a esperan\u00e7a, cada um deles ter\u00e1 de encontrar modos de superar as dificuldades e domar o tigre que carregam dentro das veias.<\/p>\n<p style=\"text-align: justify;\">thiagomcorreia@gmail.com<\/p><\/div><\/div><\/div>","protected":false},"excerpt":{"rendered":"<p>Minas Gerais, 2014, 95\u2019De Affonso Uchoa Juninho, Menor, Neguinho, Adilson e Eldo s\u00e3o jovens moradores do bairro Nacional, periferia de Contagem. Divididos entre o trabalho e a divers\u00e3o, o crime e a esperan\u00e7a, cada um deles ter\u00e1 de encontrar modos de superar as dificuldades e domar o tigre que carregam dentro das veias. thiagomcorreia@gmail.com<\/p>\n","protected":false},"author":1,"featured_media":0,"parent":250,"menu_order":0,"comment_status":"closed","ping_status":"closed","template":"","meta":[],"categories":[],"tags":[],"_links":{"self":[{"href":"https:\/\/cachoeiradoc.com.br\/2014\/index.php?rest_route=\/wp\/v2\/pages\/93"}],"collection":[{"href":"https:\/\/cachoeiradoc.com.br\/2014\/index.php?rest_route=\/wp\/v2\/pages"}],"about":[{"href":"https:\/\/cachoeiradoc.com.br\/2014\/index.php?rest_route=\/wp\/v2\/types\/page"}],"author":[{"embeddable":true,"href":"https:\/\/cachoeiradoc.com.br\/2014\/index.php?rest_route=\/wp\/v2\/users\/1"}],"replies":[{"embeddable":true,"href":"https:\/\/cachoeiradoc.com.br\/2014\/index.php?rest_route=%2Fwp%2Fv2%2Fcomments&post=93"}],"version-history":[{"count":7,"href":"https:\/\/cachoeiradoc.com.br\/2014\/index.php?rest_route=\/wp\/v2\/pages\/93\/revisions"}],"predecessor-version":[{"id":10106,"href":"https:\/\/cachoeiradoc.com.br\/2014\/index.php?rest_route=\/wp\/v2\/pages\/93\/revisions\/10106"}],"up":[{"embeddable":true,"href":"https:\/\/cachoeiradoc.com.br\/2014\/index.php?rest_route=\/wp\/v2\/pages\/250"}],"wp:attachment":[{"href":"https:\/\/cachoeiradoc.com.br\/2014\/index.php?rest_route=%2Fwp%2Fv2%2Fmedia&parent=93"}],"wp:term":[{"taxonomy":"category","embeddable":true,"href":"https:\/\/cachoeiradoc.com.br\/2014\/index.php?rest_route=%2Fwp%2Fv2%2Fcategories&post=93"},{"taxonomy":"post_tag","embeddable":true,"href":"https:\/\/cachoeiradoc.com.br\/2014\/index.php?rest_route=%2Fwp%2Fv2%2Ftags&post=93"}],"curies":[{"name":"wp","href":"https:\/\/api.w.org\/{rel}","templated":true}]}}