{"id":79,"date":"2014-07-27T12:11:59","date_gmt":"2014-07-27T15:11:59","guid":{"rendered":"https:\/\/cachoeiradoc.com.br\/2014\/?page_id=79"},"modified":"2014-08-19T22:47:00","modified_gmt":"2014-08-20T01:47:00","slug":"mostra-do-curso-de-cinema-da-ufrb","status":"publish","type":"page","link":"https:\/\/cachoeiradoc.com.br\/2014\/?page_id=79","title":{"rendered":"Mostra K\u00e9k\u00f3"},"content":{"rendered":"<div class=\"panel-grid\" id=\"pg-79-0\"><div class=\"panel-grid-core\"><div class=\"panel-grid-cell\" id=\"pgc-79-0-0\" ><p style=\"text-align: right;\"><b>Mostra K\u00e9k\u00f3: Cinema e vida em curso<\/b><b><\/b><\/p>\n<p style=\"text-align: right;\"><i>Texto de Evandro Freitas, Luara De e Thiago Logasa<\/i><\/p>\n<p style=\"text-align: justify;\">Termo pertencente \u00e0 l\u00edngua iorub\u00e1, <i>k\u00e9k\u00f3<\/i> refere-se \u00e0quele que investiga, estuda, que busca o aprender: ao indiv\u00edduo aberto \u00e0s vicissitudes dos processos e aos mist\u00e9rios dos resultados. Enquanto conceito de mostra, representa uma universidade de filmes e propostas ao mundo, de pontos de vista e escuta tenazes acerca da experi\u00eancia de filmar e viver. S\u00e3o sujeitos investigando e descobrindo po\u00e9ticas que lhe satisfa\u00e7am e inquietem, express\u00f5es do choque com os problemas propostos pela est\u00e9tica, que assumem a fric\u00e7\u00e3o com seu pr\u00f3prio corpo, com o mundo, com as imagens...<\/p>\n<p style=\"text-align: justify;\">Vistos em conjunto, estes filmes apresentam o conhecimento acumulado pela experi\u00eancia do cinema document\u00e1rio: problemas e solu\u00e7\u00f5es acerca da entrevista ou da observa\u00e7\u00e3o do tipo \u201cdireto\u201d; fabula\u00e7\u00e3o e ficcionaliza\u00e7\u00e3o do real; montagem expressiva e apostas no dispositivo; anima\u00e7\u00e3o, intera\u00e7\u00e3o, performance, ensaio. N\u00e3o obstante, acreditamos ser menos interessante procurar nos nossos filmes as influ\u00eancias deste ou daquele movimento est\u00e9tico; o que nos importa \u00e9 enxergar o de espec\u00edfico produzido por aqui, algo poss\u00edvel apenas na viv\u00eancia do Rec\u00f4ncavo da Bahia, enquadramento de um territ\u00f3rio fe\u00e9rico, m\u00edtico e cosmopolita.<\/p>\n<p style=\"text-align: justify;\">Seja qual for o procedimento t\u00e9cnico ou est\u00e9tico adotado, consideramos que nossos document\u00e1rios partilham da urg\u00eancia de express\u00e3o pol\u00edtica e subjetiva, s\u00e3o a mensagem e imagem com que seus realizadores ampliam o mundo, comp\u00f5em a obra, montam a si mesmos. Em planos, cortes, ritmo e sons - fundamentalmente em sil\u00eancios - continua-se uma esp\u00e9cie de enuncia\u00e7\u00e3o oculta e ativa, fantasmagoria incorporada \u00e0 linguagem que assombra ao dizer: \u201cisto \u00e9 mais que um filme, n\u00f3s estamos <i>aqui<\/i> filmando!\u201d.<\/p>\n<p style=\"text-align: justify;\">Portanto, mais que document\u00e1rios, ofertamos ao p\u00fablico representa\u00e7\u00f5es de cineastas universit\u00e1rios em aprendizagem da contradi\u00e7\u00e3o, seres po\u00e9ticos, cient\u00edficos, acad\u00eamicos, tradicionais, epist\u00eamicos e ancestrais.<\/p>\n<p style=\"text-align: justify;\">\u00c9 assim que, pedindo licen\u00e7a aos primeiros, apresentamos a voc\u00eas a Mostra K\u00e9k\u00f3.<\/p>\n<p style=\"text-align: justify;\"><a href=\"https:\/\/cachoeiradoc.com.br\/2014\/?page_id=10304\"><strong>Exculturas<\/strong><\/a><br \/>Bahia, 2014, 5\u2019<br \/>De Emerson Santos<br \/>Dia 3\/09, \u00e0s 10h<\/p>\n<p style=\"text-align: justify;\"><a href=\"https:\/\/cachoeiradoc.com.br\/2014\/?page_id=10306\"><strong>L\u00e1pis de cor<\/strong>\u00a0<\/a><br \/>Bahia, 2013, 13\u2019\u00a0<br \/>De Larissa Santos<br \/>Dia 3\/09, \u00e0s 10h<\/p>\n<p style=\"text-align: justify;\"><strong><a href=\"https:\/\/cachoeiradoc.com.br\/2014\/?page_id=10309\">N\u00e3o s\u00e3o elogios<\/a><br \/><\/strong>Bahia, 2014, 4\u2019<br \/>De Poliana Costa<br \/>Dia 3\/09, \u00e0s 10h<\/p>\n<p style=\"text-align: justify;\"><a href=\"https:\/\/cachoeiradoc.com.br\/2014\/?page_id=10298\"><strong>No seu giro, corpo leve<\/strong><\/a><br \/>Bahia, 2013, 4\u2019<br \/>De Camila Camila, Let\u00edcia Ribeiro e Ohana Sousa<br \/>Dia 3\/09, \u00e0s 10h<\/p>\n<p style=\"text-align: justify;\"><strong><a href=\"https:\/\/cachoeiradoc.com.br\/2014\/?page_id=10312\">O fio de Ariadne<\/a><br \/><\/strong>Bahia, 2014, 48'<br \/>De Ary Rosa<br \/>Dia 3\/09, \u00e0s 10h<\/p>\n<p style=\"text-align: justify;\"><a href=\"https:\/\/cachoeiradoc.com.br\/2014\/?page_id=10314\"><strong>Quando rosa virou azul<\/strong><\/a><br \/>Bahia, 2014, 7\u2019<br \/>De Ra\u00ed Gandra<br \/>Dia 3\/09, \u00e0s 10h<\/p>\n<p style=\"text-align: justify;\"><a href=\"https:\/\/cachoeiradoc.com.br\/2014\/?page_id=10316\"><strong>Rep\u00fablico<\/strong><\/a><br \/>Bahia, 2013, 16\u2019<br \/>De Jefferson Parreira, Keu Andrade e Raquel Vasconcelos<br \/>Dia 3\/09, \u00e0s 10h<\/p>\n<p style=\"text-align: justify;\"><a href=\"https:\/\/cachoeiradoc.com.br\/2014\/?page_id=10318\"><strong>Sem t\u00edtulos<\/strong><\/a><br \/>Bahia, 2013, 3\u2019<br \/>De Let\u00edcia Ribeiro e Ronne Portela<br \/>Dia 3\/09, \u00e0s 10h<\/p><\/div><\/div><\/div>","protected":false},"excerpt":{"rendered":"<p>Mostra K\u00e9k\u00f3: Cinema e vida em curso Texto de Evandro Freitas, Luara De e Thiago Logasa Termo pertencente \u00e0 l\u00edngua iorub\u00e1, k\u00e9k\u00f3 refere-se \u00e0quele que investiga, estuda, que busca o aprender: ao indiv\u00edduo aberto \u00e0s vicissitudes dos processos e aos mist\u00e9rios dos resultados. Enquanto conceito de mostra, representa uma universidade de filmes e propostas ao [&hellip;]<\/p>\n","protected":false},"author":1,"featured_media":0,"parent":0,"menu_order":0,"comment_status":"closed","ping_status":"closed","template":"","meta":[],"categories":[],"tags":[],"_links":{"self":[{"href":"https:\/\/cachoeiradoc.com.br\/2014\/index.php?rest_route=\/wp\/v2\/pages\/79"}],"collection":[{"href":"https:\/\/cachoeiradoc.com.br\/2014\/index.php?rest_route=\/wp\/v2\/pages"}],"about":[{"href":"https:\/\/cachoeiradoc.com.br\/2014\/index.php?rest_route=\/wp\/v2\/types\/page"}],"author":[{"embeddable":true,"href":"https:\/\/cachoeiradoc.com.br\/2014\/index.php?rest_route=\/wp\/v2\/users\/1"}],"replies":[{"embeddable":true,"href":"https:\/\/cachoeiradoc.com.br\/2014\/index.php?rest_route=%2Fwp%2Fv2%2Fcomments&post=79"}],"version-history":[{"count":13,"href":"https:\/\/cachoeiradoc.com.br\/2014\/index.php?rest_route=\/wp\/v2\/pages\/79\/revisions"}],"predecessor-version":[{"id":10321,"href":"https:\/\/cachoeiradoc.com.br\/2014\/index.php?rest_route=\/wp\/v2\/pages\/79\/revisions\/10321"}],"wp:attachment":[{"href":"https:\/\/cachoeiradoc.com.br\/2014\/index.php?rest_route=%2Fwp%2Fv2%2Fmedia&parent=79"}],"wp:term":[{"taxonomy":"category","embeddable":true,"href":"https:\/\/cachoeiradoc.com.br\/2014\/index.php?rest_route=%2Fwp%2Fv2%2Fcategories&post=79"},{"taxonomy":"post_tag","embeddable":true,"href":"https:\/\/cachoeiradoc.com.br\/2014\/index.php?rest_route=%2Fwp%2Fv2%2Ftags&post=79"}],"curies":[{"name":"wp","href":"https:\/\/api.w.org\/{rel}","templated":true}]}}