{"id":29,"date":"2014-04-23T12:18:54","date_gmt":"2014-04-23T15:18:54","guid":{"rendered":"https:\/\/cachoeiradoc.com.br\/2014\/?page_id=29"},"modified":"2014-08-03T11:55:59","modified_gmt":"2014-08-03T14:55:59","slug":"regulamento","status":"publish","type":"page","link":"https:\/\/cachoeiradoc.com.br\/2014\/?page_id=29","title":{"rendered":"Regulamento"},"content":{"rendered":"<p style=\"text-align: left;\">V CachoeiraDoc &#8211; Festival de Document\u00e1rios de Cachoeira<\/p>\n<p style=\"text-align: left;\"><strong>Objetivo<\/strong><br \/>\nO V CachoeiraDoc &#8211; Festival de Document\u00e1rios de Cachoeira tem como objetivo\u00a0fomentar o document\u00e1rio brasileiro e promover a reflex\u00e3o sobre o g\u00eanero.<\/p>\n<p style=\"text-align: left;\"><strong>Per\u00edodo<\/strong><\/p>\n<p style=\"text-align: left;\">A quinta edi\u00e7\u00e3o do Festival ser\u00e1 realizada entre os dias 02 e 07 de setembro de 2014\u00a0na cidade hist\u00f3rica de Cachoeira, situada no Rec\u00f4ncavo Baiano, a 110km de Salvador.<\/p>\n<p style=\"text-align: left;\"><strong>Condi\u00e7\u00f5es para inscri\u00e7\u00e3o<\/strong><br \/>\n1. Filmes e v\u00eddeos: document\u00e1rios.<br \/>\n2. Forma de envio para sele\u00e7\u00e3o do festival: link do v\u00eddeo (com login e senha caso\u00a0se aplique)<br \/>\n3. Produ\u00e7\u00f5es finalizadas a partir de 2013<\/p>\n<p><strong>Inscri\u00e7\u00f5es<\/strong><br \/>\n1. Categorias:<br \/>\n&#8211; Competi\u00e7\u00e3o Brasileira de Document\u00e1rios de Longa ou M\u00e9dia-metragem (a\u00a0partir de 31min);<br \/>\n&#8211; Competi\u00e7\u00e3o Brasileira de Document\u00e1rios de Curta-metragem (at\u00e9 30min);<br \/>\n2. As inscri\u00e7\u00f5es s\u00f3 podem ser realizadas para document\u00e1rios com produ\u00e7\u00e3o\u00a0nacional &#8211; filmes produzidos no Brasil ou produzidos em co-produ\u00e7\u00e3o entre\u00a0Brasil e outro(s) pa\u00eds(es) -, finalizados a partir de 2013.<br \/>\n3. Inscri\u00e7\u00f5es dos Curtas-Metragens: Poder\u00e3o ser inscritos curtas-metragens\u00a0produzidos em qualquer formato, incluindo v\u00eddeos feitos por c\u00e2meras em\u00a0celulares e c\u00e2meras digitais, e em pel\u00edcula 16 mm e 35 mm de dura\u00e7\u00e3o m\u00e1xima\u00a0de 30 minutos.<br \/>\n4. Inscri\u00e7\u00e3o de M\u00e9dias e Longas-Metragens: Para a competi\u00e7\u00e3o brasileira de\u00a0longa e m\u00e9dia-metragem ser\u00e3o aceitos filmes e v\u00eddeos produzidos em qualquer formato\u00a0incluindo v\u00eddeos feitos por c\u00e2meras em\u00a0celulares e c\u00e2meras digitais, e em pel\u00edcula 16 mm e 35 mm de dura\u00e7\u00e3o a partir de\u00a031 minutos.<br \/>\n5. A inscri\u00e7\u00e3o \u00e9 gratuita e dever\u00e1 ser iniciada a partir do preenchimento da ficha de\u00a0inscri\u00e7\u00e3o dispon\u00edvel no site http:\/\/www.cachoeiradoc.com.br at\u00e9 o dia 30 de\u00a0maio de 2014.<br \/>\n6. A inscri\u00e7\u00e3o ser\u00e1 conclu\u00edda apenas mediante o envio de link em sites de\u00a0compartilhamento de v\u00eddeos (ex.: Vimeo, YouTube), com login e senha para\u00a0acesso (caso se aplique).<br \/>\n7. A realiza\u00e7\u00e3o da inscri\u00e7\u00e3o pelo participante implicar\u00e1 o conhecimento e a t\u00e1cita\u00a0aceita\u00e7\u00e3o das normas e condi\u00e7\u00f5es estabelecidas neste Regulamento, com\u00a0rela\u00e7\u00e3o \u00e0s quais n\u00e3o poder\u00e1 alegar desconhecimento.<br \/>\n8. As obras selecionadas ser\u00e3o exibidas em formato digital.<br \/>\n9. Os filmes enviados para a sele\u00e7\u00e3o passar\u00e3o a fazer parte do acervo do Festival\u00a0estando dispon\u00edveis para Curadores de outros Festivais, e poder\u00e3o ser\u00a0utilizados para fins culturais \/ educacionais e para fins de divulga\u00e7\u00e3o do\u00a0Festival, sem objetivos comerciais, com a aprova\u00e7\u00e3o pr\u00e9via do produtor e\/ou\u00a0diretor no ato da inscri\u00e7\u00e3o.<br \/>\n10. O participante poder\u00e1 inscrever mais de um filme\/v\u00eddeo, mas, para tanto, dever\u00e1\u00a0efetuar uma nova inscri\u00e7\u00e3o.<br \/>\n11. Caso o material encaminhado n\u00e3o atenda todas as condi\u00e7\u00f5es do regulamento,\u00a0o document\u00e1rio ser\u00e1 desclassificado.<\/p>\n<p><strong>Sele\u00e7\u00e3o e programa\u00e7\u00e3o de filmes:<\/strong><br \/>\n1. A Comiss\u00e3o de Sele\u00e7\u00e3o da Mostra Competitiva ser\u00e1 formada por curadores\u00a0escolhidos pelo Festival que far\u00e1 a triagem pr\u00e9via das obras.<br \/>\n2. Um conjunto m\u00ednimo de 05 (cinco) produ\u00e7\u00f5es ser\u00e1 selecionado para exibi\u00e7\u00e3o\u00a0na mostra competitiva brasileira de longa ou m\u00e9dia-metragem. Um m\u00ednimo de\u00a005 (cinco) produ\u00e7\u00f5es participar\u00e1 da mostra competitiva brasileira de\u00a0curtas-metragens. Os t\u00edtulos escolhidos ser\u00e3o oficialmente comunicados em\u00a0julho de 2014.<br \/>\n3. Fica autorizada a transmiss\u00e3o de um m\u00e1ximo de 01 minuto dos filmes\u00a0selecionados em TV e\/ou Internet para divulga\u00e7\u00e3o do evento.<br \/>\n4. Fica autorizada a exibi\u00e7\u00e3o dos filmes selecionados para a Mostra Competitiva\u00a0Nacional no Circuito Popular de Cinema e V\u00eddeo CachoeiraDoc, uma a\u00e7\u00e3o de\u00a0itiner\u00e2ncia do CachoeiraDoc.<\/p>\n<p><strong>J\u00fari<\/strong><br \/>\nSer\u00e3o formadas duas comiss\u00f5es julgadoras: um j\u00fari oficial, para a distribui\u00e7\u00e3o dos\u00a0pr\u00eamios, composto por tr\u00eas renomados especialistas; e um j\u00fari-jovem, formado por\u00a0estudantes do curso de cinema e audiovisual da UFRB.<\/p>\n<p><strong>Pr\u00eamios<\/strong><br \/>\nO j\u00fari oficial premiar\u00e1 o Melhor Document\u00e1rio Brasileiro de Longa ou M\u00e9dia-Metragem\u00a0com trof\u00e9u CachoeiraDoc e com o valor de R$ 4.500,00 (quatro mil e quinhentos reais)\u00a0e o Melhor Document\u00e1rio Brasileiro de Curta-Metragem tamb\u00e9m receber\u00e1 o trof\u00e9u\u00a0CachoeiraDoc e o valor de R$ 1.500,00 (um mil e quinhentos reais).<br \/>\nJ\u00e1 o j\u00fari-jovem, premiar\u00e1 o Melhor Document\u00e1rio Brasileiro de Longa ou\u00a0M\u00e9dia-Metragem e Melhor Document\u00e1rio Brasileiro de Curta-Metragem.<br \/>\nO evento est\u00e1 tamb\u00e9m aberto para parcerias que resultam em diferentes pr\u00eamios a\u00a0serem anunciados durante a cerim\u00f4nia de encerramento do festival.<br \/>\nA premia\u00e7\u00e3o ser\u00e1 entregue para o respons\u00e1vel pela inscri\u00e7\u00e3o. Se a produ\u00e7\u00e3o\u00a0audiovisual for da responsabilidade de um grupo de pessoas, caber\u00e1 ao grupo decidir\u00a0sobre sua propriedade ou pela divis\u00e3o do pr\u00eamio.<\/p>\n<p><strong>O Festival<\/strong><br \/>\nA programa\u00e7\u00e3o do Festival est\u00e1 sujeita a mudan\u00e7as, assim como as suas datas de\u00a0realiza\u00e7\u00e3o.<br \/>\nE-mail: contato@cachoeiradoc.com.br<\/p>\n","protected":false},"excerpt":{"rendered":"<p>V CachoeiraDoc &#8211; Festival de Document\u00e1rios de Cachoeira Objetivo O V CachoeiraDoc &#8211; Festival de Document\u00e1rios de Cachoeira tem como objetivo\u00a0fomentar o document\u00e1rio brasileiro e promover a reflex\u00e3o sobre o g\u00eanero. Per\u00edodo A quinta edi\u00e7\u00e3o do Festival ser\u00e1 realizada entre os dias 02 e 07 de setembro de 2014\u00a0na cidade hist\u00f3rica de Cachoeira, situada no [&hellip;]<\/p>\n","protected":false},"author":1,"featured_media":0,"parent":0,"menu_order":0,"comment_status":"closed","ping_status":"closed","template":"","meta":[],"categories":[],"tags":[],"_links":{"self":[{"href":"https:\/\/cachoeiradoc.com.br\/2014\/index.php?rest_route=\/wp\/v2\/pages\/29"}],"collection":[{"href":"https:\/\/cachoeiradoc.com.br\/2014\/index.php?rest_route=\/wp\/v2\/pages"}],"about":[{"href":"https:\/\/cachoeiradoc.com.br\/2014\/index.php?rest_route=\/wp\/v2\/types\/page"}],"author":[{"embeddable":true,"href":"https:\/\/cachoeiradoc.com.br\/2014\/index.php?rest_route=\/wp\/v2\/users\/1"}],"replies":[{"embeddable":true,"href":"https:\/\/cachoeiradoc.com.br\/2014\/index.php?rest_route=%2Fwp%2Fv2%2Fcomments&post=29"}],"version-history":[{"count":5,"href":"https:\/\/cachoeiradoc.com.br\/2014\/index.php?rest_route=\/wp\/v2\/pages\/29\/revisions"}],"predecessor-version":[{"id":31,"href":"https:\/\/cachoeiradoc.com.br\/2014\/index.php?rest_route=\/wp\/v2\/pages\/29\/revisions\/31"}],"wp:attachment":[{"href":"https:\/\/cachoeiradoc.com.br\/2014\/index.php?rest_route=%2Fwp%2Fv2%2Fmedia&parent=29"}],"wp:term":[{"taxonomy":"category","embeddable":true,"href":"https:\/\/cachoeiradoc.com.br\/2014\/index.php?rest_route=%2Fwp%2Fv2%2Fcategories&post=29"},{"taxonomy":"post_tag","embeddable":true,"href":"https:\/\/cachoeiradoc.com.br\/2014\/index.php?rest_route=%2Fwp%2Fv2%2Ftags&post=29"}],"curies":[{"name":"wp","href":"https:\/\/api.w.org\/{rel}","templated":true}]}}