{"id":286,"date":"2014-08-03T11:53:30","date_gmt":"2014-08-03T14:53:30","guid":{"rendered":"https:\/\/cachoeiradoc.com.br\/2014\/?page_id=286"},"modified":"2014-09-02T11:25:48","modified_gmt":"2014-09-02T14:25:48","slug":"abertura","status":"publish","type":"page","link":"https:\/\/cachoeiradoc.com.br\/2014\/?page_id=286","title":{"rendered":"Abertura"},"content":{"rendered":"<div class=\"panel-grid\" id=\"pg-286-0\"><div class=\"panel-grid-core\"><div class=\"panel-grid-cell\" id=\"pgc-286-0-0\" ><p style=\"text-align: justify;\"><a href=\"https:\/\/cachoeiradoc.com.br\/2014\/?p=10444\">Sobre bilheteria<\/a><\/p>\n<p style=\"text-align: justify;\"><strong style=\"font-size: 14px; line-height: 1.5em;\">Cabra Marcado para Morrer<\/strong><span style=\"font-size: 14px; line-height: 1.5em;\">\u00a0\u00a0(Brasil, 1984, 119\u2019), \u00a0de Eduardo Coutinho, \u00e9 o filme de abertura do 5\u00b0 CachoeiraDoc. O filme, al\u00e9m de uma homenagem ao grande documentarista falecido em 2014, faz parte da Mostra Resist\u00eancia, que re\u00fane filmes \u00a0produzidos em contextos de opress\u00e3o. \u00a0Na fric\u00e7\u00e3o direta com regimes autorit\u00e1rios, s\u00e3o filmes, a exemplo da obra-prima de Coutinho, que foram perseguidos pelo poder contra o qual suas imagens e sons se insurgem, filmes que, depositados em por\u00f5es escuros da censura, tiveram longos e interrompidos processos de realiza\u00e7\u00e3o, apari\u00e7\u00f5es raras, e, alguns deles, continuam a depender de olhares atentos e persistentes que os permitam desafiar a desapari\u00e7\u00e3o.<\/span><\/p>\n<p dir=\"ltr\" style=\"text-align: justify;\">Cabra Marcado \u00e9 um filme em dois tempos. Inicia na d\u00e9cada de 60. Um l\u00edder campon\u00eas, Jo\u00e3o Pedro Teixeira, \u00e9 assassinado por ordem dos latifundi\u00e1rios do Nordeste. As filmagens de sua vida, interpretada pelos pr\u00f3prios camponeses, foram interrompidas pelo golpe militar de 1964. O engenho da Galileia foi cercado por for\u00e7as policiais. Parte da equipe foi presa sob a alega\u00e7\u00e3o de \"comunismo\" e o restante se dispersou. Dezessete anos depois, o diretor retoma o projeto e procura a vi\u00fava de Jo\u00e3o Pedro, Elizabeth Teixeira, que desde dezembro de 1964 vivera na clandestinidade, e os seus dez filhos, espalhados pela onda de repress\u00e3o que seguiu ao epis\u00f3dio do assassinato. O tema principal do filme passa a ser a trajet\u00f3ria de cada um dos personagens que, por meio de lembran\u00e7as e imagens do passado, evocam o drama de uma fam\u00edlia de camponeses durante os longos anos do regime militar.<\/p>\n<p style=\"text-align: justify;\">A abertura do CachoeiraDoc acontece no <strong>dia 2 de setembro<\/strong>, no rec\u00e9m inaugurado Cine-Teatro Cachoeirano. E conta tamb\u00e9m com uma apresenta\u00e7\u00e3o do grupo <strong>Met\u00e1 Met\u00e1<\/strong>. Formado por Ju\u00e7ara Mar\u00e7al, Thiago Fran\u00e7a e Kiko Dinucci, o grupo mostrar\u00e1\u00a0 m\u00fasicas de seus dois \u00e1lbuns, Met\u00e1 Met\u00e1 (2011) e\u00a0 MetaL MetaL (2012), disco considerado pela cr\u00edtica especializada como um dos melhores \u00e1lbuns nacionais de 2012. Vencedor do Pr\u00eamio Multishow na categoria Melhor M\u00fasica Compartilhada, Met\u00e1 Met\u00e1 trabalha com v\u00e1rios tipos de sonoridades: m\u00fasica brasileira, africana, latina, avant garde, free jazz, punk rock, noise.<\/p><\/div><\/div><\/div>","protected":false},"excerpt":{"rendered":"<p>Sobre bilheteria Cabra Marcado para Morrer\u00a0\u00a0(Brasil, 1984, 119\u2019), \u00a0de Eduardo Coutinho, \u00e9 o filme de abertura do 5\u00b0 CachoeiraDoc. O filme, al\u00e9m de uma homenagem ao grande documentarista falecido em 2014, faz parte da Mostra Resist\u00eancia, que re\u00fane filmes \u00a0produzidos em contextos de opress\u00e3o. \u00a0Na fric\u00e7\u00e3o direta com regimes autorit\u00e1rios, s\u00e3o filmes, a exemplo da [&hellip;]<\/p>\n","protected":false},"author":1,"featured_media":0,"parent":0,"menu_order":0,"comment_status":"closed","ping_status":"closed","template":"","meta":[],"categories":[4],"tags":[],"_links":{"self":[{"href":"https:\/\/cachoeiradoc.com.br\/2014\/index.php?rest_route=\/wp\/v2\/pages\/286"}],"collection":[{"href":"https:\/\/cachoeiradoc.com.br\/2014\/index.php?rest_route=\/wp\/v2\/pages"}],"about":[{"href":"https:\/\/cachoeiradoc.com.br\/2014\/index.php?rest_route=\/wp\/v2\/types\/page"}],"author":[{"embeddable":true,"href":"https:\/\/cachoeiradoc.com.br\/2014\/index.php?rest_route=\/wp\/v2\/users\/1"}],"replies":[{"embeddable":true,"href":"https:\/\/cachoeiradoc.com.br\/2014\/index.php?rest_route=%2Fwp%2Fv2%2Fcomments&post=286"}],"version-history":[{"count":12,"href":"https:\/\/cachoeiradoc.com.br\/2014\/index.php?rest_route=\/wp\/v2\/pages\/286\/revisions"}],"predecessor-version":[{"id":10454,"href":"https:\/\/cachoeiradoc.com.br\/2014\/index.php?rest_route=\/wp\/v2\/pages\/286\/revisions\/10454"}],"wp:attachment":[{"href":"https:\/\/cachoeiradoc.com.br\/2014\/index.php?rest_route=%2Fwp%2Fv2%2Fmedia&parent=286"}],"wp:term":[{"taxonomy":"category","embeddable":true,"href":"https:\/\/cachoeiradoc.com.br\/2014\/index.php?rest_route=%2Fwp%2Fv2%2Fcategories&post=286"},{"taxonomy":"post_tag","embeddable":true,"href":"https:\/\/cachoeiradoc.com.br\/2014\/index.php?rest_route=%2Fwp%2Fv2%2Ftags&post=286"}],"curies":[{"name":"wp","href":"https:\/\/api.w.org\/{rel}","templated":true}]}}