{"id":252,"date":"2014-08-02T20:49:41","date_gmt":"2014-08-02T23:49:41","guid":{"rendered":"https:\/\/cachoeiradoc.com.br\/2014\/?page_id=252"},"modified":"2014-08-03T18:31:15","modified_gmt":"2014-08-03T21:31:15","slug":"curtas-metragem","status":"publish","type":"page","link":"https:\/\/cachoeiradoc.com.br\/2014\/?page_id=252","title":{"rendered":"Curtas-Metragem"},"content":{"rendered":"<div class=\"panel-grid\" id=\"pg-252-0\"><div class=\"panel-grid-core\"><div class=\"panel-grid-cell\" id=\"pgc-252-0-0\" ><p><a href=\"https:\/\/cachoeiradoc.com.br\/2014\/?page_id=121\">A que deve a honra da ilustre visita este simples marqu\u00eas?<\/a> (Paran\u00e1, 2013, 25min)<br \/>De Rafael Urban e Terence Keller<\/p>\n<p><a href=\"https:\/\/cachoeiradoc.com.br\/2014\/?page_id=125\">As \u00e1guas\u00a0<\/a>(Paran\u00e1, 2014, 10min)<br \/>De Larissa Figueiredo<\/p>\n<p><a href=\"https:\/\/cachoeiradoc.com.br\/2014\/?page_id=133\">Caixa d\u2019\u00e1gua: qui-lombo \u00e9 esse?<\/a> (Sergipe, 2013, 15min)<br \/>De Everlane Moraes<\/p>\n<p><a href=\"https:\/\/cachoeiradoc.com.br\/2014\/?page_id=138\">Contos da Mar\u00e9<\/a> (Rio de Janeiro, 2013, 17 min)<br \/>De Douglas Soares<\/p>\n<p><a href=\"https:\/\/cachoeiradoc.com.br\/2014\/?page_id=142\">E<\/a> (S\u00e3o Paulo, 2013, 17min)<br \/>De Alexandre Wahrhaftig, Helena Ungaretti e Miguel Antunes Ramos<\/p>\n<p><a href=\"https:\/\/cachoeiradoc.com.br\/2014\/?page_id=146\">Karioka<\/a> (Mato Grosso, 2014, 20min)<br \/>De Takum\u00e3 KuiKuro<\/p>\n<p><a href=\"https:\/\/cachoeiradoc.com.br\/2014\/?page_id=150\">La Llamada<\/a>\u00a0(S\u00e3o Paulo, 2014, 19min)<br \/>De Gustavo Vinagre<\/p>\n<p><a href=\" https:\/\/cachoeiradoc.com.br\/2014\/?page_id=154\">Malha<\/a>\u00a0(Paraiba, 2013, 14min)<br \/>De Paulo Roberto<\/p>\n<p><a href=\"https:\/\/cachoeiradoc.com.br\/2014\/?page_id=158\">Not\u00edcias da Rainha<\/a> (Paran\u00e1, 2013, 19min)<br \/>De Ana Johann<\/p>\n<p><a href=\"https:\/\/cachoeiradoc.com.br\/2014\/?page_id=166\">O Arquipel\u00e1go<\/a>\u00a0\u00a0(Rio de Janeiro, 2014, 28min)<br \/>De Gustavo Beck<\/p>\n<p><a href=\"https:\/\/cachoeiradoc.com.br\/2014\/?page_id=170\">O canto da lona<\/a> (S\u00e3o Paulo, 2013, 25min)<br \/>De Thiago Mendon\u00e7a<\/p>\n<p><a href=\"https:\/\/cachoeiradoc.com.br\/2014\/?page_id=177\">O porto<\/a> (Minas Gerais, 2013, 20min)<br \/>De Clarissa Campolina, Julia De Simone, Luiz Pretti e Ricardo Pretti<\/p>\n<p><a href=\"https:\/\/cachoeiradoc.com.br\/2014\/?page_id=181\">Perto da minha casa<\/a> (Esp\u00edrito Santo, 2013, 16min)<br \/>De Carolini Covre e Diego Locatelli<\/p>\n<p><a href=\"https:\/\/cachoeiradoc.com.br\/2014\/?page_id=173\">Ponto Cego<\/a> (S\u00e3o Paulo, 2014, 10min)<br \/>De Chico Bahia<\/p><\/div><\/div><\/div>","protected":false},"excerpt":{"rendered":"<p>A que deve a honra da ilustre visita este simples marqu\u00eas? (Paran\u00e1, 2013, 25min)De Rafael Urban e Terence Keller As \u00e1guas\u00a0(Paran\u00e1, 2014, 10min)De Larissa Figueiredo Caixa d\u2019\u00e1gua: qui-lombo \u00e9 esse? (Sergipe, 2013, 15min)De Everlane Moraes Contos da Mar\u00e9 (Rio de Janeiro, 2013, 17 min)De Douglas Soares E (S\u00e3o Paulo, 2013, 17min)De Alexandre Wahrhaftig, Helena Ungaretti [&hellip;]<\/p>\n","protected":false},"author":1,"featured_media":0,"parent":77,"menu_order":0,"comment_status":"closed","ping_status":"closed","template":"","meta":[],"categories":[],"tags":[],"_links":{"self":[{"href":"https:\/\/cachoeiradoc.com.br\/2014\/index.php?rest_route=\/wp\/v2\/pages\/252"}],"collection":[{"href":"https:\/\/cachoeiradoc.com.br\/2014\/index.php?rest_route=\/wp\/v2\/pages"}],"about":[{"href":"https:\/\/cachoeiradoc.com.br\/2014\/index.php?rest_route=\/wp\/v2\/types\/page"}],"author":[{"embeddable":true,"href":"https:\/\/cachoeiradoc.com.br\/2014\/index.php?rest_route=\/wp\/v2\/users\/1"}],"replies":[{"embeddable":true,"href":"https:\/\/cachoeiradoc.com.br\/2014\/index.php?rest_route=%2Fwp%2Fv2%2Fcomments&post=252"}],"version-history":[{"count":6,"href":"https:\/\/cachoeiradoc.com.br\/2014\/index.php?rest_route=\/wp\/v2\/pages\/252\/revisions"}],"predecessor-version":[{"id":10122,"href":"https:\/\/cachoeiradoc.com.br\/2014\/index.php?rest_route=\/wp\/v2\/pages\/252\/revisions\/10122"}],"up":[{"embeddable":true,"href":"https:\/\/cachoeiradoc.com.br\/2014\/index.php?rest_route=\/wp\/v2\/pages\/77"}],"wp:attachment":[{"href":"https:\/\/cachoeiradoc.com.br\/2014\/index.php?rest_route=%2Fwp%2Fv2%2Fmedia&parent=252"}],"wp:term":[{"taxonomy":"category","embeddable":true,"href":"https:\/\/cachoeiradoc.com.br\/2014\/index.php?rest_route=%2Fwp%2Fv2%2Fcategories&post=252"},{"taxonomy":"post_tag","embeddable":true,"href":"https:\/\/cachoeiradoc.com.br\/2014\/index.php?rest_route=%2Fwp%2Fv2%2Ftags&post=252"}],"curies":[{"name":"wp","href":"https:\/\/api.w.org\/{rel}","templated":true}]}}