{"id":250,"date":"2014-08-02T20:49:12","date_gmt":"2014-08-02T23:49:12","guid":{"rendered":"https:\/\/cachoeiradoc.com.br\/2014\/?page_id=250"},"modified":"2014-08-03T18:32:14","modified_gmt":"2014-08-03T21:32:14","slug":"longas-metragem","status":"publish","type":"page","link":"https:\/\/cachoeiradoc.com.br\/2014\/?page_id=250","title":{"rendered":"Longas-Metragem"},"content":{"rendered":"<div class=\"panel-grid\" id=\"pg-250-0\"><div class=\"panel-grid-core\"><div class=\"panel-grid-cell\" id=\"pgc-250-0-0\" ><center><\/center>\n<p><a href=\"https:\/\/cachoeiradoc.com.br\/2014\/?page_id=84\">A gente<\/a> (Paran\u00e1, 2013, 89 min)<br \/>De Aly Muritiba<\/p>\n<p><a href=\"https:\/\/cachoeiradoc.com.br\/2014\/?page_id=93\">A Vizinhan\u00e7a do Tigre<\/a> (Minas Gerais, 2014, 95 min)<br \/>De Affonso Uchoa<\/p>\n<p><a href=\"https:\/\/cachoeiradoc.com.br\/2014\/?page_id=96\">Aprender a ler pra ensinar meus camaradas<\/a> (Bahia, 2013, 84min)<br \/>De Jo\u00e3o Guerra<\/p>\n<p><a href=\"https:\/\/cachoeiradoc.com.br\/2014\/?page_id=99\">Branco sai, Preto fica<\/a> (Distrito Federal, 2014, 93min)<br \/>De Adirley Queir\u00f3s<\/p>\n<p><a href=\"https:\/\/cachoeiradoc.com.br\/2014\/?page_id=111\">Homem Comum<\/a> (S\u00e3o Paulo, 2014, 103 min)<br \/>De Carlos Nader<\/p>\n<p><a href=\"https:\/\/cachoeiradoc.com.br\/2014\/?page_id=116\">Lu\u00edses - Solrealismo Maranhense<\/a> (Maranh\u00e3o, 2013, 74min)<br \/>De Lucian Rosa<\/p><\/div><\/div><\/div>","protected":false},"excerpt":{"rendered":"<p>A gente (Paran\u00e1, 2013, 89 min)De Aly Muritiba A Vizinhan\u00e7a do Tigre (Minas Gerais, 2014, 95 min)De Affonso Uchoa Aprender a ler pra ensinar meus camaradas (Bahia, 2013, 84min)De Jo\u00e3o Guerra Branco sai, Preto fica (Distrito Federal, 2014, 93min)De Adirley Queir\u00f3s Homem Comum (S\u00e3o Paulo, 2014, 103 min)De Carlos Nader Lu\u00edses &#8211; Solrealismo Maranhense (Maranh\u00e3o, [&hellip;]<\/p>\n","protected":false},"author":1,"featured_media":0,"parent":77,"menu_order":0,"comment_status":"closed","ping_status":"closed","template":"","meta":[],"categories":[],"tags":[],"_links":{"self":[{"href":"https:\/\/cachoeiradoc.com.br\/2014\/index.php?rest_route=\/wp\/v2\/pages\/250"}],"collection":[{"href":"https:\/\/cachoeiradoc.com.br\/2014\/index.php?rest_route=\/wp\/v2\/pages"}],"about":[{"href":"https:\/\/cachoeiradoc.com.br\/2014\/index.php?rest_route=\/wp\/v2\/types\/page"}],"author":[{"embeddable":true,"href":"https:\/\/cachoeiradoc.com.br\/2014\/index.php?rest_route=\/wp\/v2\/users\/1"}],"replies":[{"embeddable":true,"href":"https:\/\/cachoeiradoc.com.br\/2014\/index.php?rest_route=%2Fwp%2Fv2%2Fcomments&post=250"}],"version-history":[{"count":6,"href":"https:\/\/cachoeiradoc.com.br\/2014\/index.php?rest_route=\/wp\/v2\/pages\/250\/revisions"}],"predecessor-version":[{"id":10058,"href":"https:\/\/cachoeiradoc.com.br\/2014\/index.php?rest_route=\/wp\/v2\/pages\/250\/revisions\/10058"}],"up":[{"embeddable":true,"href":"https:\/\/cachoeiradoc.com.br\/2014\/index.php?rest_route=\/wp\/v2\/pages\/77"}],"wp:attachment":[{"href":"https:\/\/cachoeiradoc.com.br\/2014\/index.php?rest_route=%2Fwp%2Fv2%2Fmedia&parent=250"}],"wp:term":[{"taxonomy":"category","embeddable":true,"href":"https:\/\/cachoeiradoc.com.br\/2014\/index.php?rest_route=%2Fwp%2Fv2%2Fcategories&post=250"},{"taxonomy":"post_tag","embeddable":true,"href":"https:\/\/cachoeiradoc.com.br\/2014\/index.php?rest_route=%2Fwp%2Fv2%2Ftags&post=250"}],"curies":[{"name":"wp","href":"https:\/\/api.w.org\/{rel}","templated":true}]}}