{"id":2116,"date":"2014-01-22T19:36:40","date_gmt":"2014-01-22T19:36:40","guid":{"rendered":"http:\/\/localhost\/thinkupthemes_design\/?page_id=2116"},"modified":"2014-09-04T16:25:50","modified_gmt":"2014-09-04T19:25:50","slug":"home-minamaze","status":"publish","type":"page","link":"https:\/\/cachoeiradoc.com.br\/2014\/","title":{"rendered":"Home Minamaze"},"content":{"rendered":"<div class=\"panel-grid\" id=\"pg-2116-0\"><div class=\"panel-grid-core\"><div class=\"panel-grid-cell\" id=\"pgc-2116-0-0\" ><h3 style=\"font-weight: 600;font-style: normal;\"><span>Programa\u00e7\u00e3o<\/span><\/h3><div class=\"animated start-fadeInDown\" title=\"0\"><p>J\u00e1 divulgamos a <a href=\"https:\/\/cachoeiradoc.com.br\/2014\/?page_id=10178\">programa\u00e7\u00e3o completa<\/a> do CachoeiraDoc, que come\u00e7ou no dia 02 de setembro e segue at\u00e9 dia 07. Nela teremos diversas atividades:<\/p>\n<p><div class=\"one_half\"> \n\n<ul class=\"list iconfont\">\n\t<li><i class=\"fa fa-star-o\"><\/i>Oficinas<\/li>\n\t<li><i class=\"fa fa-star-o\"><\/i>Mostra Competitiva<\/li>\n\t<li><i class=\"fa fa-star-o\"><\/i>Mostras Especiais<\/li>\n\t<li><i class=\"fa fa-star-o\"><\/i>Palestras<\/li>\n<\/ul>\n <\/div> <div class=\"one_half last\"> \n\n<ul class=\"list iconfont\">\n\t<li><i class=\"fa fa-star-o\"><\/i>Exibi\u00e7\u00e3o ao ar livre<\/li>\n\t<li><i class=\"fa fa-star-o\"><\/i>Lan\u00e7amento de livro<\/li>\n\t<li><i class=\"fa fa-star-o\"><\/i>Interven\u00e7\u00f5es art\u00edsticas<\/li>\n<\/ul>\n <\/div>\n<div class=\"clearboth\"><\/div><\/p><\/div><div class=\"clearboth\"><\/div><\/div><div class=\"panel-grid-cell\" id=\"pgc-2116-0-1\" >\n<div class=\"rslides-sc\" data-height=\"275\">\n<div class=\"rslides-container\">\n<div class=\"rslides-inner\">\n\t<ul class=\"slides\">\n\t\t\t\t<li>\n\t<img src=\"https:\/\/cachoeiradoc.com.br\/2014\/wp-content\/themes\/Minamaze_Pro\/images\/transparent.png\" style=\"background: url(https:\/\/cachoeiradoc.com.br\/2014\/wp-content\/uploads\/2014\/09\/IMG_2063-300x200.jpg) no-repeat center; background-size: cover;\" alt=\"Demo Image\" \/>\n\t<\/li>\n\t\t\t\t<li>\n\t<img src=\"https:\/\/cachoeiradoc.com.br\/2014\/wp-content\/themes\/Minamaze_Pro\/images\/transparent.png\" style=\"background: url(https:\/\/cachoeiradoc.com.br\/2014\/wp-content\/uploads\/2014\/09\/IMG_1050-300x200.jpg) no-repeat center; background-size: cover;\" alt=\"Demo Image\" \/>\n\t<\/li>\n\t\t\t\t<li>\n\t<img src=\"https:\/\/cachoeiradoc.com.br\/2014\/wp-content\/themes\/Minamaze_Pro\/images\/transparent.png\" style=\"background: url(https:\/\/cachoeiradoc.com.br\/2014\/wp-content\/uploads\/2014\/09\/IMG_1935-300x200.jpg) no-repeat center; background-size: cover;\" alt=\"Demo Image\" \/>\n\t<\/li>\n\t\t\t\t<li>\n\t<img src=\"https:\/\/cachoeiradoc.com.br\/2014\/wp-content\/themes\/Minamaze_Pro\/images\/transparent.png\" style=\"background: url(https:\/\/cachoeiradoc.com.br\/2014\/wp-content\/uploads\/2014\/09\/IMG_1838-300x200.jpg) no-repeat center; background-size: cover;\" alt=\"Demo Image\" \/>\n\t<\/li>\n\t\t<\/ul>\n<\/div>\n<\/div>\n<\/div><\/div><\/div><\/div><div class=\"panel-grid\" id=\"pg-2116-1\"><div class=\"panel-grid-core\"><div class=\"panel-grid-cell\" id=\"pgc-2116-1-0\" >&nbsp;<\/div><div class=\"panel-grid-cell\" id=\"pgc-2116-1-1\" ><div class=\"animated start-fadeInLeft\" title=\"\"><iframe width=\"1140\" height=\"641\" src=\"http:\/\/www.youtube.com\/embed\/5drFQQSPkjE?feature=oembed\" frameborder=\"0\" allowfullscreen><\/iframe><\/div><div class=\"clearboth\"><\/div><\/div><div class=\"panel-grid-cell\" id=\"pgc-2116-1-2\" >&nbsp;<\/div><\/div><\/div><div class=\"panel-grid\" id=\"pg-2116-2\"><div class=\"panel-grid-core\"><div class=\"panel-grid-cell\" id=\"pgc-2116-2-0\" ><div class=\"animated start-fadeInUp\" title=\"\"><p style=\"text-align: center;\"><img src=\"https:\/\/cachoeiradoc.com.br\/2014\/wp-content\/uploads\/2014\/08\/LeticiaFriedrich_Boulevard-278x300.jpg\" alt=\"\" \/ ><\/p><\/div><div class=\"clearboth\"><\/div><div class=\"animated start-fadeInUp\" title=\"0\"><h3 style=\"font-weight: 600;font-style: normal;margin-bottom: 10px;\"><span>Resultado Pr\u00e9-Lab<\/span><\/h3><\/div><div class=\"clearboth\"><\/div><div class=\"animated start-fadeInUp\" title=\"0\"><p>Confiram os <a href=\"https:\/\/cachoeiradoc.com.br\/2014\/?p=10431\">selecionados para o Pr\u00e9-Lab<\/a>, tanto do workshop quanto da consultoria!<\/p><\/div><div class=\"clearboth\"><\/div><\/div><div class=\"panel-grid-cell\" id=\"pgc-2116-2-1\" ><div class=\"animated start-fadeInUp\" title=\"250\"><p style=\"text-align: center;\"><img src=\"https:\/\/cachoeiradoc.com.br\/2014\/wp-content\/uploads\/2014\/07\/divulga\u00e7\u00e3o-cachoeiradoc-v-300x186.jpg\" alt=\"\" \/ ><\/p><\/div><div class=\"clearboth\"><\/div><div class=\"animated start-fadeInUp\" title=\"250\"><h3 style=\"font-weight: 600;font-style: normal;margin-bottom: 10px;\"><span>Resultado da Mostra Competitiva<\/span><\/h3><\/div><div class=\"clearboth\"><\/div><div class=\"animated start-fadeInUp\" title=\"0\"><p>O V CachoeiraDoc divulgou a lista dos <a href=\"https:\/\/cachoeiradoc.com.br\/2014\/?p=63\">filmes aprovados na sele\u00e7\u00e3o da Mostra Competitiva Nacional<\/a>. No total, dos 354 filmes inscritos na mostra, foram selecionados 14 curtas-metragens e seis longas.<\/p><\/div><div class=\"clearboth\"><\/div><\/div><div class=\"panel-grid-cell\" id=\"pgc-2116-2-2\" ><div class=\"animated start-fadeInUp\" title=\"500\"><p style=\"text-align: center;\"><img src=\"https:\/\/cachoeiradoc.com.br\/2014\/wp-content\/uploads\/2014\/08\/larissa-e-rafael.jpg\" alt=\"\" \/ ><\/p><\/div><div class=\"clearboth\"><\/div><div class=\"animated start-fadeInUp\" title=\"500\"><h3 style=\"font-weight: 600;font-style: normal;margin-bottom: 10px;\"><span>Selecionados oficina<\/span><\/h3><\/div><div class=\"clearboth\"><\/div><div class=\"animated start-fadeInUp\" title=\"0\"><p>Conhe\u00e7a os selecionados para a oficina <a href=\"https:\/\/cachoeiradoc.com.br\/2014\/?p=10423\">A f\u00e1bula no document\u00e1rio<\/a>.<\/p><\/div><div class=\"clearboth\"><\/div><\/div><\/div><\/div><div class=\"panel-grid\" id=\"pg-2116-3\"><div class=\"panel-grid-core\"><div class=\"panel-grid-cell\" id=\"pgc-2116-3-0\" ><div class=\"animated start-fadeInDown\" title=\"\"><h3 style=\"font-size: 50px;font-weight: 600;font-style: normal;margin-bottom: 1px;\"><span>encontro entre os filmes,<\/span><\/h3><\/div><div class=\"clearboth\"><\/div><div class=\"animated start-fadeInDown\" title=\"\"><h3 style=\"font-size: 50px;font-weight: 600;font-style: normal;margin-bottom: 1px;\"><span>as pessoas e o mundo<\/span><\/h3><\/div><div class=\"clearboth\"><\/div><\/div><\/div><\/div><div class=\"panel-grid\" id=\"pg-2116-4\"><div class=\"panel-grid-core\"><div class=\"panel-grid-cell\" id=\"pgc-2116-4-0\" ><div class=\"animated start-fadeInUp\" title=\"0\"><div class=\"iconfull style1 iconlink\"><div class=\"iconimage\"><i class=\"fa fa-map-marker fa-lg\"><\/i><\/div><div class=\"iconmain\"><h3>Cachoeira<\/h3><p>Informa\u00e7\u00f5es \u00fateis da cidade: onde comer, onde ficar...<\/p><p class=\"iconurl\"><a href=\"https:\/\/cachoeiradoc.com.br\/2014\/?page_id=268\">Read More<\/a><\/p><\/div><\/div><\/div><div class=\"clearboth\"><\/div><\/div><div class=\"panel-grid-cell\" id=\"pgc-2116-4-1\" ><div class=\"animated start-fadeInUp\" title=\"200\"><div class=\"iconfull style1 iconlink\"><div class=\"iconimage\"><i class=\"fa fa-archive fa-lg\"><\/i><\/div><div class=\"iconmain\"><h3>Edi\u00e7\u00f5es anteriores<\/h3><p>Confira como foram as quatro edi\u00e7\u00f5es j\u00e1 realizadas do festival<\/p><p class=\"iconurl\"><a href=\"https:\/\/cachoeiradoc.com.br\/2014\/?page_id=195\">Read More<\/a><\/p><\/div><\/div><\/div><div class=\"clearboth\"><\/div><\/div><div class=\"panel-grid-cell\" id=\"pgc-2116-4-2\" ><div class=\"animated start-fadeInUp\" title=\"600\"><div class=\"iconfull style1 iconlink\"><div class=\"iconimage\"><i class=\"fa fa-comments fa-lg\"><\/i><\/div><div class=\"iconmain\"><h3>Contato<\/h3><p>D\u00favidas? Mande uma mensagem para a produ\u00e7\u00e3o<\/p><p class=\"iconurl\"><a href=\"https:\/\/cachoeiradoc.com.br\/2014\/?page_id=277\">Read More<\/a><\/p><\/div><\/div><\/div><div class=\"clearboth\"><\/div><\/div><div class=\"panel-grid-cell\" id=\"pgc-2116-4-3\" ><div class=\"animated start-fadeInUp\" title=\"600\"><div class=\"iconfull style1 iconlink\"><div class=\"iconimage\"><i class=\"fa fa-question fa-lg\"><\/i><\/div><div class=\"iconmain\"><h3>Regulamento<\/h3><p>Confira o regulamento da Mostra Competitiva Nacional<\/p><p class=\"iconurl\"><a href=\"https:\/\/cachoeiradoc.com.br\/2014\/?page_id=29\">Read More<\/a><\/p><\/div><\/div><\/div><div class=\"clearboth\"><\/div><\/div><\/div><\/div><div class=\"panel-grid\" id=\"pg-2116-5\"><div class=\"panel-grid-core\"><div class=\"panel-grid-cell\" id=\"pgc-2116-5-0\" ><div class=\"gmap3\" data-address=\"Cachoeira\"  data-window=\"\" data-zoom=\"15\" data-height=\"200\" data-wide=\"on\"><\/div><\/div><\/div><\/div><div class=\"panel-grid\" id=\"pg-2116-6\"><div class=\"panel-grid-core\"><div class=\"panel-grid-cell\" id=\"pgc-2116-6-0\" ><p><a href=\"https:\/\/cachoeiradoc.com.br\/2014\/wp-content\/uploads\/2014\/08\/cartaz_cachoeiraDOC-V_print-e1407968382357.jpg\"><img class=\"aligncenter size-large wp-image-10194\" alt=\"cartaz_cachoeiraDOC V_print\" src=\"https:\/\/cachoeiradoc.com.br\/2014\/wp-content\/uploads\/2014\/08\/cartaz_cachoeiraDOC-V_print-e1407968382357-1024x94.jpg\" width=\"1024\" height=\"94\" \/><\/a><\/p><\/div><\/div><\/div>","protected":false},"excerpt":{"rendered":"<p>Programa\u00e7\u00e3oJ\u00e1 divulgamos a programa\u00e7\u00e3o completa do CachoeiraDoc, que come\u00e7ou no dia 02 de setembro e segue at\u00e9 dia 07. Nela teremos diversas atividades: Oficinas Mostra Competitiva Mostras Especiais Palestras Exibi\u00e7\u00e3o ao ar livre Lan\u00e7amento de livro Interven\u00e7\u00f5es art\u00edsticas &nbsp;&nbsp;Resultado Pr\u00e9-LabConfiram os selecionados para o Pr\u00e9-Lab, tanto do workshop quanto da consultoria!Resultado da Mostra CompetitivaO V [&hellip;]<\/p>\n","protected":false},"author":1,"featured_media":0,"parent":0,"menu_order":0,"comment_status":"closed","ping_status":"closed","template":"template-parallax.php","meta":[],"categories":[3],"tags":[],"_links":{"self":[{"href":"https:\/\/cachoeiradoc.com.br\/2014\/index.php?rest_route=\/wp\/v2\/pages\/2116"}],"collection":[{"href":"https:\/\/cachoeiradoc.com.br\/2014\/index.php?rest_route=\/wp\/v2\/pages"}],"about":[{"href":"https:\/\/cachoeiradoc.com.br\/2014\/index.php?rest_route=\/wp\/v2\/types\/page"}],"author":[{"embeddable":true,"href":"https:\/\/cachoeiradoc.com.br\/2014\/index.php?rest_route=\/wp\/v2\/users\/1"}],"replies":[{"embeddable":true,"href":"https:\/\/cachoeiradoc.com.br\/2014\/index.php?rest_route=%2Fwp%2Fv2%2Fcomments&post=2116"}],"version-history":[{"count":92,"href":"https:\/\/cachoeiradoc.com.br\/2014\/index.php?rest_route=\/wp\/v2\/pages\/2116\/revisions"}],"predecessor-version":[{"id":10342,"href":"https:\/\/cachoeiradoc.com.br\/2014\/index.php?rest_route=\/wp\/v2\/pages\/2116\/revisions\/10342"}],"wp:attachment":[{"href":"https:\/\/cachoeiradoc.com.br\/2014\/index.php?rest_route=%2Fwp%2Fv2%2Fmedia&parent=2116"}],"wp:term":[{"taxonomy":"category","embeddable":true,"href":"https:\/\/cachoeiradoc.com.br\/2014\/index.php?rest_route=%2Fwp%2Fv2%2Fcategories&post=2116"},{"taxonomy":"post_tag","embeddable":true,"href":"https:\/\/cachoeiradoc.com.br\/2014\/index.php?rest_route=%2Fwp%2Fv2%2Ftags&post=2116"}],"curies":[{"name":"wp","href":"https:\/\/api.w.org\/{rel}","templated":true}]}}