{"id":195,"date":"2014-08-02T13:54:44","date_gmt":"2014-08-02T16:54:44","guid":{"rendered":"https:\/\/cachoeiradoc.com.br\/2014\/?page_id=195"},"modified":"2014-08-22T21:31:12","modified_gmt":"2014-08-23T00:31:12","slug":"edicoes-anteriores","status":"publish","type":"page","link":"https:\/\/cachoeiradoc.com.br\/2014\/?page_id=195","title":{"rendered":"Edi\u00e7\u00f5es anteriores"},"content":{"rendered":"<div class=\"panel-grid\" id=\"pg-195-0\"><div class=\"panel-grid-core\"><div class=\"panel-grid-cell\" id=\"pgc-195-0-0\" ><p>Para ter acesso ao site da primeira edi\u00e7\u00e3o:\u00a0<a href=\"http:\/\/www.cachoeiradoc.com.br\/2010\" target=\"_blank\">Edi\u00e7\u00e3o 2010<\/a><\/p>\n<p>Para ter acesso ao site da segunda edi\u00e7\u00e3o:\u00a0<a href=\"http:\/\/www.cachoeiradoc.com.br\/2011\" target=\"_blank\">Edi\u00e7\u00e3o 2011<\/a><\/p>\n<p>Para ter acesso ao site da terceira edi\u00e7\u00e3o:\u00a0<a href=\"http:\/\/www.cachoeiradoc.com.br\/2012\" target=\"_blank\">Edi\u00e7\u00e3o 2012<\/a><\/p>\n<p>Para ter acesso ao site da quarta edi\u00e7\u00e3o:\u00a0<a href=\"http:\/\/www.cachoeiradoc.com.br\/2013\" target=\"_blank\">Edi\u00e7\u00e3o 2013<\/a><\/p><\/div><\/div><\/div>","protected":false},"excerpt":{"rendered":"<p>Para ter acesso ao site da primeira edi\u00e7\u00e3o:\u00a0Edi\u00e7\u00e3o 2010 Para ter acesso ao site da segunda edi\u00e7\u00e3o:\u00a0Edi\u00e7\u00e3o 2011 Para ter acesso ao site da terceira edi\u00e7\u00e3o:\u00a0Edi\u00e7\u00e3o 2012 Para ter acesso ao site da quarta edi\u00e7\u00e3o:\u00a0Edi\u00e7\u00e3o 2013<\/p>\n","protected":false},"author":1,"featured_media":0,"parent":0,"menu_order":0,"comment_status":"closed","ping_status":"closed","template":"","meta":[],"categories":[],"tags":[],"_links":{"self":[{"href":"https:\/\/cachoeiradoc.com.br\/2014\/index.php?rest_route=\/wp\/v2\/pages\/195"}],"collection":[{"href":"https:\/\/cachoeiradoc.com.br\/2014\/index.php?rest_route=\/wp\/v2\/pages"}],"about":[{"href":"https:\/\/cachoeiradoc.com.br\/2014\/index.php?rest_route=\/wp\/v2\/types\/page"}],"author":[{"embeddable":true,"href":"https:\/\/cachoeiradoc.com.br\/2014\/index.php?rest_route=\/wp\/v2\/users\/1"}],"replies":[{"embeddable":true,"href":"https:\/\/cachoeiradoc.com.br\/2014\/index.php?rest_route=%2Fwp%2Fv2%2Fcomments&post=195"}],"version-history":[{"count":2,"href":"https:\/\/cachoeiradoc.com.br\/2014\/index.php?rest_route=\/wp\/v2\/pages\/195\/revisions"}],"predecessor-version":[{"id":10123,"href":"https:\/\/cachoeiradoc.com.br\/2014\/index.php?rest_route=\/wp\/v2\/pages\/195\/revisions\/10123"}],"wp:attachment":[{"href":"https:\/\/cachoeiradoc.com.br\/2014\/index.php?rest_route=%2Fwp%2Fv2%2Fmedia&parent=195"}],"wp:term":[{"taxonomy":"category","embeddable":true,"href":"https:\/\/cachoeiradoc.com.br\/2014\/index.php?rest_route=%2Fwp%2Fv2%2Fcategories&post=195"},{"taxonomy":"post_tag","embeddable":true,"href":"https:\/\/cachoeiradoc.com.br\/2014\/index.php?rest_route=%2Fwp%2Fv2%2Ftags&post=195"}],"curies":[{"name":"wp","href":"https:\/\/api.w.org\/{rel}","templated":true}]}}