{"id":193,"date":"2014-08-02T13:54:25","date_gmt":"2014-08-02T16:54:25","guid":{"rendered":"https:\/\/cachoeiradoc.com.br\/2014\/?page_id=193"},"modified":"2014-08-03T14:42:42","modified_gmt":"2014-08-03T17:42:42","slug":"o-festival","status":"publish","type":"page","link":"https:\/\/cachoeiradoc.com.br\/2014\/?page_id=193","title":{"rendered":"O Festival"},"content":{"rendered":"<div class=\"panel-grid\" id=\"pg-193-0\"><div class=\"panel-grid-core\"><div class=\"panel-grid-cell\" id=\"pgc-193-0-0\" ><p style=\"text-align: justify;\">Nas quatro edi\u00e7\u00f5es anteriores cerca de 10.000 pessoas assistiram mais de 140 document\u00e1rios, muitos deles in\u00e9ditos na Bahia e outros no pa\u00eds. Na Mostra Competitiva Nacional, ao todo, foram inscritos 800 filmes de todas as regi\u00f5es do pa\u00eds.<\/p>\n<p style=\"text-align: justify;\">Desde 2010, exibimos filmes de consagrados realizadores internacionais, tais como Agn\u00e8s Varda, Sophie Calle, Johan Van der Keuken, Pedro Costa, Nicholas Klotz, Abderrahmane Sissako\u00a0e Avi Mograbi, cujas obras s\u00e3o essenciais ao entendimento da hist\u00f3ria do document\u00e1rio mundial.<\/p>\n<p style=\"text-align: justify;\">Tivemos o prazer de conviver e dialogar com experientes documentaristas, como Geraldo Sarno e Vincent Carelli, e com alguns dos mais importantes pesquisadores do g\u00eanero no Brasil, como Consuelo Lins, Cesar Migliorin, C\u00e9sar Guimar\u00e3es, Andr\u00e9 Brasil e Eduardo Valente, bem como com jovens realizadores e premiados, a exemplo de Marcelo Pedroso, Em\u00edlio Domingos, Petra Costa, Henrique Dantas e Ariel Ortega.<\/p>\n<p style=\"text-align: justify;\">O Festival promove o interc\u00e2mbio de ideias e incentiva que a cidade de Cachoeira e o estado da Bahia conectem-se ao mundo atrav\u00e9s do cinema. Para tanto, foram realizadas 10 oficinas e 17 mesas-redondas, que ocuparam lugar de destaque na programa\u00e7\u00e3o.<\/p><\/div><\/div><\/div>","protected":false},"excerpt":{"rendered":"<p>Nas quatro edi\u00e7\u00f5es anteriores cerca de 10.000 pessoas assistiram mais de 140 document\u00e1rios, muitos deles in\u00e9ditos na Bahia e outros no pa\u00eds. Na Mostra Competitiva Nacional, ao todo, foram inscritos 800 filmes de todas as regi\u00f5es do pa\u00eds. Desde 2010, exibimos filmes de consagrados realizadores internacionais, tais como Agn\u00e8s Varda, Sophie Calle, Johan Van der [&hellip;]<\/p>\n","protected":false},"author":1,"featured_media":0,"parent":0,"menu_order":0,"comment_status":"closed","ping_status":"closed","template":"","meta":[],"categories":[],"tags":[],"_links":{"self":[{"href":"https:\/\/cachoeiradoc.com.br\/2014\/index.php?rest_route=\/wp\/v2\/pages\/193"}],"collection":[{"href":"https:\/\/cachoeiradoc.com.br\/2014\/index.php?rest_route=\/wp\/v2\/pages"}],"about":[{"href":"https:\/\/cachoeiradoc.com.br\/2014\/index.php?rest_route=\/wp\/v2\/types\/page"}],"author":[{"embeddable":true,"href":"https:\/\/cachoeiradoc.com.br\/2014\/index.php?rest_route=\/wp\/v2\/users\/1"}],"replies":[{"embeddable":true,"href":"https:\/\/cachoeiradoc.com.br\/2014\/index.php?rest_route=%2Fwp%2Fv2%2Fcomments&post=193"}],"version-history":[{"count":4,"href":"https:\/\/cachoeiradoc.com.br\/2014\/index.php?rest_route=\/wp\/v2\/pages\/193\/revisions"}],"predecessor-version":[{"id":10034,"href":"https:\/\/cachoeiradoc.com.br\/2014\/index.php?rest_route=\/wp\/v2\/pages\/193\/revisions\/10034"}],"wp:attachment":[{"href":"https:\/\/cachoeiradoc.com.br\/2014\/index.php?rest_route=%2Fwp%2Fv2%2Fmedia&parent=193"}],"wp:term":[{"taxonomy":"category","embeddable":true,"href":"https:\/\/cachoeiradoc.com.br\/2014\/index.php?rest_route=%2Fwp%2Fv2%2Fcategories&post=193"},{"taxonomy":"post_tag","embeddable":true,"href":"https:\/\/cachoeiradoc.com.br\/2014\/index.php?rest_route=%2Fwp%2Fv2%2Ftags&post=193"}],"curies":[{"name":"wp","href":"https:\/\/api.w.org\/{rel}","templated":true}]}}