{"id":173,"date":"2014-08-02T13:21:29","date_gmt":"2014-08-02T16:21:29","guid":{"rendered":"https:\/\/cachoeiradoc.com.br\/2014\/?page_id=173"},"modified":"2014-08-03T18:28:28","modified_gmt":"2014-08-03T21:28:28","slug":"o-ponto-cego","status":"publish","type":"page","link":"https:\/\/cachoeiradoc.com.br\/2014\/?page_id=173","title":{"rendered":"O ponto cego"},"content":{"rendered":"<div class=\"panel-grid\" id=\"pg-173-0\"><div class=\"panel-grid-core\"><div class=\"panel-grid-cell\" id=\"pgc-173-0-0\" ><p style=\"text-align: justify;\">S\u00e3o Paulo, 2014, 10\u2019<br \/>De Chico Bahia<\/p>\n<p style=\"text-align: justify;\">Greg\u00f3rio \u00e9 um t\u00e9cnico em sistemas de seguran\u00e7a que deve instalar c\u00e2meras nas principais ruas de Parais\u00f3polis, bairro pobre de S\u00e3o Paulo. Em meio ao seu servi\u00e7o, ele entra em contato com o local onde passou a inf\u00e2ncia.<\/p>\n<p style=\"text-align: justify;\">brunoportolesi@gmail.com<\/p><\/div><\/div><\/div>","protected":false},"excerpt":{"rendered":"<p>S\u00e3o Paulo, 2014, 10\u2019De Chico Bahia Greg\u00f3rio \u00e9 um t\u00e9cnico em sistemas de seguran\u00e7a que deve instalar c\u00e2meras nas principais ruas de Parais\u00f3polis, bairro pobre de S\u00e3o Paulo. Em meio ao seu servi\u00e7o, ele entra em contato com o local onde passou a inf\u00e2ncia. brunoportolesi@gmail.com<\/p>\n","protected":false},"author":1,"featured_media":0,"parent":252,"menu_order":0,"comment_status":"closed","ping_status":"closed","template":"","meta":[],"categories":[],"tags":[],"_links":{"self":[{"href":"https:\/\/cachoeiradoc.com.br\/2014\/index.php?rest_route=\/wp\/v2\/pages\/173"}],"collection":[{"href":"https:\/\/cachoeiradoc.com.br\/2014\/index.php?rest_route=\/wp\/v2\/pages"}],"about":[{"href":"https:\/\/cachoeiradoc.com.br\/2014\/index.php?rest_route=\/wp\/v2\/types\/page"}],"author":[{"embeddable":true,"href":"https:\/\/cachoeiradoc.com.br\/2014\/index.php?rest_route=\/wp\/v2\/users\/1"}],"replies":[{"embeddable":true,"href":"https:\/\/cachoeiradoc.com.br\/2014\/index.php?rest_route=%2Fwp%2Fv2%2Fcomments&post=173"}],"version-history":[{"count":5,"href":"https:\/\/cachoeiradoc.com.br\/2014\/index.php?rest_route=\/wp\/v2\/pages\/173\/revisions"}],"predecessor-version":[{"id":10119,"href":"https:\/\/cachoeiradoc.com.br\/2014\/index.php?rest_route=\/wp\/v2\/pages\/173\/revisions\/10119"}],"up":[{"embeddable":true,"href":"https:\/\/cachoeiradoc.com.br\/2014\/index.php?rest_route=\/wp\/v2\/pages\/252"}],"wp:attachment":[{"href":"https:\/\/cachoeiradoc.com.br\/2014\/index.php?rest_route=%2Fwp%2Fv2%2Fmedia&parent=173"}],"wp:term":[{"taxonomy":"category","embeddable":true,"href":"https:\/\/cachoeiradoc.com.br\/2014\/index.php?rest_route=%2Fwp%2Fv2%2Fcategories&post=173"},{"taxonomy":"post_tag","embeddable":true,"href":"https:\/\/cachoeiradoc.com.br\/2014\/index.php?rest_route=%2Fwp%2Fv2%2Ftags&post=173"}],"curies":[{"name":"wp","href":"https:\/\/api.w.org\/{rel}","templated":true}]}}