{"id":170,"date":"2014-08-02T13:16:38","date_gmt":"2014-08-02T16:16:38","guid":{"rendered":"https:\/\/cachoeiradoc.com.br\/2014\/?page_id=170"},"modified":"2014-08-03T18:25:00","modified_gmt":"2014-08-03T21:25:00","slug":"o-canto-da-lona","status":"publish","type":"page","link":"https:\/\/cachoeiradoc.com.br\/2014\/?page_id=170","title":{"rendered":"O canto da lona"},"content":{"rendered":"<div class=\"panel-grid\" id=\"pg-170-0\"><div class=\"panel-grid-core\"><div class=\"panel-grid-cell\" id=\"pgc-170-0-0\" ><p style=\"text-align: justify;\">S\u00e3o Paulo, 2013, 25\u2019<br \/>De Thiago Mendon\u00e7a<\/p>\n<p style=\"text-align: justify;\">\u201cEnt\u00e3o n\u00f3s chamamos o circo o nosso mundo, \u00e9 o nosso mundinho. Pra fora da cerca \u00e9 o mundo que \u00e9 o mundo. Pra dentro da cerca \u00e9 o nosso mundo\u201d.<\/p>\n<p style=\"text-align: justify;\">memoriavivacine@gmail.com<\/p><\/div><\/div><\/div>","protected":false},"excerpt":{"rendered":"<p>S\u00e3o Paulo, 2013, 25\u2019De Thiago Mendon\u00e7a \u201cEnt\u00e3o n\u00f3s chamamos o circo o nosso mundo, \u00e9 o nosso mundinho. Pra fora da cerca \u00e9 o mundo que \u00e9 o mundo. Pra dentro da cerca \u00e9 o nosso mundo\u201d. memoriavivacine@gmail.com<\/p>\n","protected":false},"author":1,"featured_media":0,"parent":252,"menu_order":0,"comment_status":"closed","ping_status":"closed","template":"","meta":[],"categories":[],"tags":[],"_links":{"self":[{"href":"https:\/\/cachoeiradoc.com.br\/2014\/index.php?rest_route=\/wp\/v2\/pages\/170"}],"collection":[{"href":"https:\/\/cachoeiradoc.com.br\/2014\/index.php?rest_route=\/wp\/v2\/pages"}],"about":[{"href":"https:\/\/cachoeiradoc.com.br\/2014\/index.php?rest_route=\/wp\/v2\/types\/page"}],"author":[{"embeddable":true,"href":"https:\/\/cachoeiradoc.com.br\/2014\/index.php?rest_route=\/wp\/v2\/users\/1"}],"replies":[{"embeddable":true,"href":"https:\/\/cachoeiradoc.com.br\/2014\/index.php?rest_route=%2Fwp%2Fv2%2Fcomments&post=170"}],"version-history":[{"count":5,"href":"https:\/\/cachoeiradoc.com.br\/2014\/index.php?rest_route=\/wp\/v2\/pages\/170\/revisions"}],"predecessor-version":[{"id":10116,"href":"https:\/\/cachoeiradoc.com.br\/2014\/index.php?rest_route=\/wp\/v2\/pages\/170\/revisions\/10116"}],"up":[{"embeddable":true,"href":"https:\/\/cachoeiradoc.com.br\/2014\/index.php?rest_route=\/wp\/v2\/pages\/252"}],"wp:attachment":[{"href":"https:\/\/cachoeiradoc.com.br\/2014\/index.php?rest_route=%2Fwp%2Fv2%2Fmedia&parent=170"}],"wp:term":[{"taxonomy":"category","embeddable":true,"href":"https:\/\/cachoeiradoc.com.br\/2014\/index.php?rest_route=%2Fwp%2Fv2%2Fcategories&post=170"},{"taxonomy":"post_tag","embeddable":true,"href":"https:\/\/cachoeiradoc.com.br\/2014\/index.php?rest_route=%2Fwp%2Fv2%2Ftags&post=170"}],"curies":[{"name":"wp","href":"https:\/\/api.w.org\/{rel}","templated":true}]}}