{"id":166,"date":"2014-08-02T13:10:15","date_gmt":"2014-08-02T16:10:15","guid":{"rendered":"https:\/\/cachoeiradoc.com.br\/2014\/?page_id=166"},"modified":"2014-08-03T18:23:59","modified_gmt":"2014-08-03T21:23:59","slug":"o-arquipelago","status":"publish","type":"page","link":"https:\/\/cachoeiradoc.com.br\/2014\/?page_id=166","title":{"rendered":"O Arquip\u00e9lago"},"content":{"rendered":"<div class=\"panel-grid\" id=\"pg-166-0\"><div class=\"panel-grid-core\"><div class=\"panel-grid-cell\" id=\"pgc-166-0-0\" ><p style=\"text-align: justify;\">Rio de Janeiro, 2014, 28\u2019<br \/>De Gustavo Beck<\/p>\n<p style=\"text-align: justify;\">Fragmentos da vida di\u00e1ria de \u00c1lvaro, que deixou o Chile de Pinochet na d\u00e9cada de 1980 para inventar uma nova vida para si mesmo no Brasil.<\/p>\n<p style=\"text-align: justify;\">gusbeck@gmail.com<\/p><\/div><\/div><\/div>","protected":false},"excerpt":{"rendered":"<p>Rio de Janeiro, 2014, 28\u2019De Gustavo Beck Fragmentos da vida di\u00e1ria de \u00c1lvaro, que deixou o Chile de Pinochet na d\u00e9cada de 1980 para inventar uma nova vida para si mesmo no Brasil. gusbeck@gmail.com<\/p>\n","protected":false},"author":1,"featured_media":0,"parent":252,"menu_order":0,"comment_status":"closed","ping_status":"closed","template":"","meta":[],"categories":[],"tags":[],"_links":{"self":[{"href":"https:\/\/cachoeiradoc.com.br\/2014\/index.php?rest_route=\/wp\/v2\/pages\/166"}],"collection":[{"href":"https:\/\/cachoeiradoc.com.br\/2014\/index.php?rest_route=\/wp\/v2\/pages"}],"about":[{"href":"https:\/\/cachoeiradoc.com.br\/2014\/index.php?rest_route=\/wp\/v2\/types\/page"}],"author":[{"embeddable":true,"href":"https:\/\/cachoeiradoc.com.br\/2014\/index.php?rest_route=\/wp\/v2\/users\/1"}],"replies":[{"embeddable":true,"href":"https:\/\/cachoeiradoc.com.br\/2014\/index.php?rest_route=%2Fwp%2Fv2%2Fcomments&post=166"}],"version-history":[{"count":8,"href":"https:\/\/cachoeiradoc.com.br\/2014\/index.php?rest_route=\/wp\/v2\/pages\/166\/revisions"}],"predecessor-version":[{"id":10115,"href":"https:\/\/cachoeiradoc.com.br\/2014\/index.php?rest_route=\/wp\/v2\/pages\/166\/revisions\/10115"}],"up":[{"embeddable":true,"href":"https:\/\/cachoeiradoc.com.br\/2014\/index.php?rest_route=\/wp\/v2\/pages\/252"}],"wp:attachment":[{"href":"https:\/\/cachoeiradoc.com.br\/2014\/index.php?rest_route=%2Fwp%2Fv2%2Fmedia&parent=166"}],"wp:term":[{"taxonomy":"category","embeddable":true,"href":"https:\/\/cachoeiradoc.com.br\/2014\/index.php?rest_route=%2Fwp%2Fv2%2Fcategories&post=166"},{"taxonomy":"post_tag","embeddable":true,"href":"https:\/\/cachoeiradoc.com.br\/2014\/index.php?rest_route=%2Fwp%2Fv2%2Ftags&post=166"}],"curies":[{"name":"wp","href":"https:\/\/api.w.org\/{rel}","templated":true}]}}