{"id":158,"date":"2014-08-02T12:43:42","date_gmt":"2014-08-02T15:43:42","guid":{"rendered":"https:\/\/cachoeiradoc.com.br\/2014\/?page_id=158"},"modified":"2014-08-03T18:23:04","modified_gmt":"2014-08-03T21:23:04","slug":"noticias-da-rainha","status":"publish","type":"page","link":"https:\/\/cachoeiradoc.com.br\/2014\/?page_id=158","title":{"rendered":"Not\u00edcias da rainha"},"content":{"rendered":"<div class=\"panel-grid\" id=\"pg-158-0\"><div class=\"panel-grid-core\"><div class=\"panel-grid-cell\" id=\"pgc-158-0-0\" ><p style=\"text-align: justify;\">Paran\u00e1, 2013, 19\u2019<br \/>De Ana Johann<\/p>\n<p style=\"text-align: justify;\">Uma rainha esquecida no tempo. Uma filha que tenta de dez em dez anos resgatar a hist\u00f3ria da m\u00e3e. Um lugar onde esta hist\u00f3ria existe entre lampejos e fragmentos de mem\u00f3rias. Document\u00e1rio sobre uma rainha da era do r\u00e1dio.<\/p>\n<p style=\"text-align: justify;\">atendimento@gmail.com<\/p><\/div><\/div><\/div>","protected":false},"excerpt":{"rendered":"<p>Paran\u00e1, 2013, 19\u2019De Ana Johann Uma rainha esquecida no tempo. Uma filha que tenta de dez em dez anos resgatar a hist\u00f3ria da m\u00e3e. Um lugar onde esta hist\u00f3ria existe entre lampejos e fragmentos de mem\u00f3rias. Document\u00e1rio sobre uma rainha da era do r\u00e1dio. atendimento@gmail.com<\/p>\n","protected":false},"author":1,"featured_media":0,"parent":252,"menu_order":0,"comment_status":"closed","ping_status":"closed","template":"","meta":[],"categories":[],"tags":[],"_links":{"self":[{"href":"https:\/\/cachoeiradoc.com.br\/2014\/index.php?rest_route=\/wp\/v2\/pages\/158"}],"collection":[{"href":"https:\/\/cachoeiradoc.com.br\/2014\/index.php?rest_route=\/wp\/v2\/pages"}],"about":[{"href":"https:\/\/cachoeiradoc.com.br\/2014\/index.php?rest_route=\/wp\/v2\/types\/page"}],"author":[{"embeddable":true,"href":"https:\/\/cachoeiradoc.com.br\/2014\/index.php?rest_route=\/wp\/v2\/users\/1"}],"replies":[{"embeddable":true,"href":"https:\/\/cachoeiradoc.com.br\/2014\/index.php?rest_route=%2Fwp%2Fv2%2Fcomments&post=158"}],"version-history":[{"count":3,"href":"https:\/\/cachoeiradoc.com.br\/2014\/index.php?rest_route=\/wp\/v2\/pages\/158\/revisions"}],"predecessor-version":[{"id":10114,"href":"https:\/\/cachoeiradoc.com.br\/2014\/index.php?rest_route=\/wp\/v2\/pages\/158\/revisions\/10114"}],"up":[{"embeddable":true,"href":"https:\/\/cachoeiradoc.com.br\/2014\/index.php?rest_route=\/wp\/v2\/pages\/252"}],"wp:attachment":[{"href":"https:\/\/cachoeiradoc.com.br\/2014\/index.php?rest_route=%2Fwp%2Fv2%2Fmedia&parent=158"}],"wp:term":[{"taxonomy":"category","embeddable":true,"href":"https:\/\/cachoeiradoc.com.br\/2014\/index.php?rest_route=%2Fwp%2Fv2%2Fcategories&post=158"},{"taxonomy":"post_tag","embeddable":true,"href":"https:\/\/cachoeiradoc.com.br\/2014\/index.php?rest_route=%2Fwp%2Fv2%2Ftags&post=158"}],"curies":[{"name":"wp","href":"https:\/\/api.w.org\/{rel}","templated":true}]}}