{"id":146,"date":"2014-08-02T12:26:27","date_gmt":"2014-08-02T15:26:27","guid":{"rendered":"https:\/\/cachoeiradoc.com.br\/2014\/?page_id=146"},"modified":"2014-08-03T18:18:38","modified_gmt":"2014-08-03T21:18:38","slug":"karioka","status":"publish","type":"page","link":"https:\/\/cachoeiradoc.com.br\/2014\/?page_id=146","title":{"rendered":"Karioka"},"content":{"rendered":"<div class=\"panel-grid\" id=\"pg-146-0\"><div class=\"panel-grid-core\"><div class=\"panel-grid-cell\" id=\"pgc-146-0-0\" ><p>Mato Grosso, 2014, 20\u2019<br \/>De Takum\u00e3 KuiKuro<\/p>\n<p style=\"text-align: justify;\">Takum\u00e3 KuiKuro sai de sua aldeia localizada no Alto-Xingu, Mato Grosso, com sua mulher, Kisuagu Regina KuiKuro, e o filhos Kelly Kaitsu, Ahuseti Larissa e Mayupi Bernardo KuiKuro, para morar um per\u00edodo no Rio de Janeiro. O filme mostra Bernardo Mayupi KuiKuro, de 2 anos, descobrindo a praia e outros lugares da cidade grande. Eles fazem muitas coisas e tudo \u00e9 novidade. Enquanto vivem essa experi\u00eancia, a parte da fam\u00edlia que fica na aldeia tem medo, j\u00e1 que as not\u00edcias do Rio de Janeiro nem sempre s\u00e3o boas, o que causa preocupa\u00e7\u00e3o e inquietude. Um retrato dos contrastes brasileiros entre o imagin\u00e1rio da tribo e a realidade de uma metr\u00f3pole.<\/p>\n<p>takuma.progdoc@gmail.com<\/p><\/div><\/div><\/div>","protected":false},"excerpt":{"rendered":"<p>Mato Grosso, 2014, 20\u2019De Takum\u00e3 KuiKuro Takum\u00e3 KuiKuro sai de sua aldeia localizada no Alto-Xingu, Mato Grosso, com sua mulher, Kisuagu Regina KuiKuro, e o filhos Kelly Kaitsu, Ahuseti Larissa e Mayupi Bernardo KuiKuro, para morar um per\u00edodo no Rio de Janeiro. O filme mostra Bernardo Mayupi KuiKuro, de 2 anos, descobrindo a praia e [&hellip;]<\/p>\n","protected":false},"author":1,"featured_media":0,"parent":252,"menu_order":0,"comment_status":"closed","ping_status":"closed","template":"","meta":[],"categories":[],"tags":[],"_links":{"self":[{"href":"https:\/\/cachoeiradoc.com.br\/2014\/index.php?rest_route=\/wp\/v2\/pages\/146"}],"collection":[{"href":"https:\/\/cachoeiradoc.com.br\/2014\/index.php?rest_route=\/wp\/v2\/pages"}],"about":[{"href":"https:\/\/cachoeiradoc.com.br\/2014\/index.php?rest_route=\/wp\/v2\/types\/page"}],"author":[{"embeddable":true,"href":"https:\/\/cachoeiradoc.com.br\/2014\/index.php?rest_route=\/wp\/v2\/users\/1"}],"replies":[{"embeddable":true,"href":"https:\/\/cachoeiradoc.com.br\/2014\/index.php?rest_route=%2Fwp%2Fv2%2Fcomments&post=146"}],"version-history":[{"count":3,"href":"https:\/\/cachoeiradoc.com.br\/2014\/index.php?rest_route=\/wp\/v2\/pages\/146\/revisions"}],"predecessor-version":[{"id":10111,"href":"https:\/\/cachoeiradoc.com.br\/2014\/index.php?rest_route=\/wp\/v2\/pages\/146\/revisions\/10111"}],"up":[{"embeddable":true,"href":"https:\/\/cachoeiradoc.com.br\/2014\/index.php?rest_route=\/wp\/v2\/pages\/252"}],"wp:attachment":[{"href":"https:\/\/cachoeiradoc.com.br\/2014\/index.php?rest_route=%2Fwp%2Fv2%2Fmedia&parent=146"}],"wp:term":[{"taxonomy":"category","embeddable":true,"href":"https:\/\/cachoeiradoc.com.br\/2014\/index.php?rest_route=%2Fwp%2Fv2%2Fcategories&post=146"},{"taxonomy":"post_tag","embeddable":true,"href":"https:\/\/cachoeiradoc.com.br\/2014\/index.php?rest_route=%2Fwp%2Fv2%2Ftags&post=146"}],"curies":[{"name":"wp","href":"https:\/\/api.w.org\/{rel}","templated":true}]}}