{"id":138,"date":"2014-08-02T12:13:39","date_gmt":"2014-08-02T15:13:39","guid":{"rendered":"https:\/\/cachoeiradoc.com.br\/2014\/?page_id=138"},"modified":"2015-04-27T15:08:06","modified_gmt":"2015-04-27T18:08:06","slug":"contos-da-mare","status":"publish","type":"page","link":"https:\/\/cachoeiradoc.com.br\/2014\/?page_id=138","title":{"rendered":"Contos da mar\u00e9"},"content":{"rendered":"<div class=\"panel-grid\" id=\"pg-138-0\"><div class=\"panel-grid-core\"><div class=\"panel-grid-cell\" id=\"pgc-138-0-0\" ><p style=\"text-align: justify;\">Rio de Janeiro, 2013, 17\u2019<br \/>De Douglas Soares<br \/><br \/> Lendas urbanas, mem\u00f3rias de uma fam\u00edlia e do local onde moram. Uma hist\u00f3ria de lobos, cobras e porcos para uma complexa Mar\u00e9.<\/p>\n<p style=\"text-align: justify;\">everlanemoraes@gmail.com<\/p><\/div><\/div><\/div>","protected":false},"excerpt":{"rendered":"<p>Rio de Janeiro, 2013, 17\u2019De Douglas Soares Lendas urbanas, mem\u00f3rias de uma fam\u00edlia e do local onde moram. Uma hist\u00f3ria de lobos, cobras e porcos para uma complexa Mar\u00e9. everlanemoraes@gmail.com<\/p>\n","protected":false},"author":1,"featured_media":0,"parent":252,"menu_order":0,"comment_status":"closed","ping_status":"closed","template":"","meta":[],"categories":[],"tags":[],"_links":{"self":[{"href":"https:\/\/cachoeiradoc.com.br\/2014\/index.php?rest_route=\/wp\/v2\/pages\/138"}],"collection":[{"href":"https:\/\/cachoeiradoc.com.br\/2014\/index.php?rest_route=\/wp\/v2\/pages"}],"about":[{"href":"https:\/\/cachoeiradoc.com.br\/2014\/index.php?rest_route=\/wp\/v2\/types\/page"}],"author":[{"embeddable":true,"href":"https:\/\/cachoeiradoc.com.br\/2014\/index.php?rest_route=\/wp\/v2\/users\/1"}],"replies":[{"embeddable":true,"href":"https:\/\/cachoeiradoc.com.br\/2014\/index.php?rest_route=%2Fwp%2Fv2%2Fcomments&post=138"}],"version-history":[{"count":4,"href":"https:\/\/cachoeiradoc.com.br\/2014\/index.php?rest_route=\/wp\/v2\/pages\/138\/revisions"}],"predecessor-version":[{"id":10776,"href":"https:\/\/cachoeiradoc.com.br\/2014\/index.php?rest_route=\/wp\/v2\/pages\/138\/revisions\/10776"}],"up":[{"embeddable":true,"href":"https:\/\/cachoeiradoc.com.br\/2014\/index.php?rest_route=\/wp\/v2\/pages\/252"}],"wp:attachment":[{"href":"https:\/\/cachoeiradoc.com.br\/2014\/index.php?rest_route=%2Fwp%2Fv2%2Fmedia&parent=138"}],"wp:term":[{"taxonomy":"category","embeddable":true,"href":"https:\/\/cachoeiradoc.com.br\/2014\/index.php?rest_route=%2Fwp%2Fv2%2Fcategories&post=138"},{"taxonomy":"post_tag","embeddable":true,"href":"https:\/\/cachoeiradoc.com.br\/2014\/index.php?rest_route=%2Fwp%2Fv2%2Ftags&post=138"}],"curies":[{"name":"wp","href":"https:\/\/api.w.org\/{rel}","templated":true}]}}