{"id":133,"date":"2014-08-02T12:06:07","date_gmt":"2014-08-02T15:06:07","guid":{"rendered":"https:\/\/cachoeiradoc.com.br\/2014\/?page_id=133"},"modified":"2014-08-03T18:15:43","modified_gmt":"2014-08-03T21:15:43","slug":"caixa-dagua-qui-lombo-e-esse","status":"publish","type":"page","link":"https:\/\/cachoeiradoc.com.br\/2014\/?page_id=133","title":{"rendered":"Caixa D\u00b4\u00c1gua: qui-lombo \u00e9 esse?"},"content":{"rendered":"<div class=\"panel-grid\" id=\"pg-133-0\"><div class=\"panel-grid-core\"><div class=\"panel-grid-cell\" id=\"pgc-133-0-0\" ><p>Sergipe, 2013, 15\u2019<br \/>De Everlane Moraes<\/p>\n<p style=\"text-align: justify;\">Com de depoimentos de antigos moradores e de acervos fotogr\u00e1ficos, o document\u00e1rio aborda a import\u00e2ncia no \u00e2mbito cultural e hist\u00f3rico do bairro Get\u00falio Vargas, localizado em Aracaju, capital de Sergipe. A \u00eanfase \u00e9 dada \u00e0 cultura negra e \u00e0 presen\u00e7a do negro escravo e seus descendentes, com o resgate de assuntos relacionados \u00e0 sua origem, oralidade, localiza\u00e7\u00e3o geogr\u00e1fica e consci\u00eancia de sua identidade racial, mostrando que, apesar dessa comunidade existir em uma \u00e1rea urbana, ainda mant\u00e9m muitos aspectos da vida em quilombo dos antigos negros escravos do Brasil.<\/p><\/div><\/div><\/div>","protected":false},"excerpt":{"rendered":"<p>Sergipe, 2013, 15\u2019De Everlane Moraes Com de depoimentos de antigos moradores e de acervos fotogr\u00e1ficos, o document\u00e1rio aborda a import\u00e2ncia no \u00e2mbito cultural e hist\u00f3rico do bairro Get\u00falio Vargas, localizado em Aracaju, capital de Sergipe. A \u00eanfase \u00e9 dada \u00e0 cultura negra e \u00e0 presen\u00e7a do negro escravo e seus descendentes, com o resgate de [&hellip;]<\/p>\n","protected":false},"author":1,"featured_media":0,"parent":252,"menu_order":0,"comment_status":"closed","ping_status":"closed","template":"","meta":[],"categories":[],"tags":[],"_links":{"self":[{"href":"https:\/\/cachoeiradoc.com.br\/2014\/index.php?rest_route=\/wp\/v2\/pages\/133"}],"collection":[{"href":"https:\/\/cachoeiradoc.com.br\/2014\/index.php?rest_route=\/wp\/v2\/pages"}],"about":[{"href":"https:\/\/cachoeiradoc.com.br\/2014\/index.php?rest_route=\/wp\/v2\/types\/page"}],"author":[{"embeddable":true,"href":"https:\/\/cachoeiradoc.com.br\/2014\/index.php?rest_route=\/wp\/v2\/users\/1"}],"replies":[{"embeddable":true,"href":"https:\/\/cachoeiradoc.com.br\/2014\/index.php?rest_route=%2Fwp%2Fv2%2Fcomments&post=133"}],"version-history":[{"count":5,"href":"https:\/\/cachoeiradoc.com.br\/2014\/index.php?rest_route=\/wp\/v2\/pages\/133\/revisions"}],"predecessor-version":[{"id":10108,"href":"https:\/\/cachoeiradoc.com.br\/2014\/index.php?rest_route=\/wp\/v2\/pages\/133\/revisions\/10108"}],"up":[{"embeddable":true,"href":"https:\/\/cachoeiradoc.com.br\/2014\/index.php?rest_route=\/wp\/v2\/pages\/252"}],"wp:attachment":[{"href":"https:\/\/cachoeiradoc.com.br\/2014\/index.php?rest_route=%2Fwp%2Fv2%2Fmedia&parent=133"}],"wp:term":[{"taxonomy":"category","embeddable":true,"href":"https:\/\/cachoeiradoc.com.br\/2014\/index.php?rest_route=%2Fwp%2Fv2%2Fcategories&post=133"},{"taxonomy":"post_tag","embeddable":true,"href":"https:\/\/cachoeiradoc.com.br\/2014\/index.php?rest_route=%2Fwp%2Fv2%2Ftags&post=133"}],"curies":[{"name":"wp","href":"https:\/\/api.w.org\/{rel}","templated":true}]}}