{"id":116,"date":"2014-08-02T11:06:45","date_gmt":"2014-08-02T14:06:45","guid":{"rendered":"https:\/\/cachoeiradoc.com.br\/2014\/?page_id=116"},"modified":"2014-08-03T18:08:39","modified_gmt":"2014-08-03T21:08:39","slug":"luises-solrealismo-maranhense","status":"publish","type":"page","link":"https:\/\/cachoeiradoc.com.br\/2014\/?page_id=116","title":{"rendered":"Lu\u00edses &#8211; Solrealismo Maranhense"},"content":{"rendered":"<div class=\"panel-grid\" id=\"pg-116-0\"><div class=\"panel-grid-core\"><div class=\"panel-grid-cell\" id=\"pgc-116-0-0\" ><p style=\"text-align: justify;\">Maranh\u00e3o, 2013, 74\u2019<br \/>De Lucian Rosa<\/p>\n<p style=\"text-align: justify;\">Enquanto uma serpente do tamanho de uma ilha cresce adormecida nas galerias subterr\u00e2neas da cidade de S\u00e3o Lu\u00eds, os ludovicenses enfrentam situa\u00e7\u00f5es surreais para seguirem vivendo em meio a um cotidiano bruto, mas n\u00e3o percebem que est\u00e3o passando por tal situa\u00e7\u00e3o. O real e o imagin\u00e1rio caminham juntos nessa hist\u00f3ria que d\u00e1 in\u00edcio a um movimento: o solrealismo.<\/p>\n<p><iframe src=\"\/\/www.youtube.com\/embed\/UkZiTqTad1Y\" height=\"315\" width=\"560\" allowfullscreen=\"\" frameborder=\"0\"><\/iframe><\/p>\n<p style=\"text-align: justify;\">luciandarosa@hotmail.com<\/p><\/div><\/div><\/div>","protected":false},"excerpt":{"rendered":"<p>Maranh\u00e3o, 2013, 74\u2019De Lucian Rosa Enquanto uma serpente do tamanho de uma ilha cresce adormecida nas galerias subterr\u00e2neas da cidade de S\u00e3o Lu\u00eds, os ludovicenses enfrentam situa\u00e7\u00f5es surreais para seguirem vivendo em meio a um cotidiano bruto, mas n\u00e3o percebem que est\u00e3o passando por tal situa\u00e7\u00e3o. O real e o imagin\u00e1rio caminham juntos nessa hist\u00f3ria [&hellip;]<\/p>\n","protected":false},"author":1,"featured_media":0,"parent":250,"menu_order":0,"comment_status":"closed","ping_status":"closed","template":"","meta":[],"categories":[],"tags":[],"_links":{"self":[{"href":"https:\/\/cachoeiradoc.com.br\/2014\/index.php?rest_route=\/wp\/v2\/pages\/116"}],"collection":[{"href":"https:\/\/cachoeiradoc.com.br\/2014\/index.php?rest_route=\/wp\/v2\/pages"}],"about":[{"href":"https:\/\/cachoeiradoc.com.br\/2014\/index.php?rest_route=\/wp\/v2\/types\/page"}],"author":[{"embeddable":true,"href":"https:\/\/cachoeiradoc.com.br\/2014\/index.php?rest_route=\/wp\/v2\/users\/1"}],"replies":[{"embeddable":true,"href":"https:\/\/cachoeiradoc.com.br\/2014\/index.php?rest_route=%2Fwp%2Fv2%2Fcomments&post=116"}],"version-history":[{"count":3,"href":"https:\/\/cachoeiradoc.com.br\/2014\/index.php?rest_route=\/wp\/v2\/pages\/116\/revisions"}],"predecessor-version":[{"id":10104,"href":"https:\/\/cachoeiradoc.com.br\/2014\/index.php?rest_route=\/wp\/v2\/pages\/116\/revisions\/10104"}],"up":[{"embeddable":true,"href":"https:\/\/cachoeiradoc.com.br\/2014\/index.php?rest_route=\/wp\/v2\/pages\/250"}],"wp:attachment":[{"href":"https:\/\/cachoeiradoc.com.br\/2014\/index.php?rest_route=%2Fwp%2Fv2%2Fmedia&parent=116"}],"wp:term":[{"taxonomy":"category","embeddable":true,"href":"https:\/\/cachoeiradoc.com.br\/2014\/index.php?rest_route=%2Fwp%2Fv2%2Fcategories&post=116"},{"taxonomy":"post_tag","embeddable":true,"href":"https:\/\/cachoeiradoc.com.br\/2014\/index.php?rest_route=%2Fwp%2Fv2%2Ftags&post=116"}],"curies":[{"name":"wp","href":"https:\/\/api.w.org\/{rel}","templated":true}]}}