{"id":111,"date":"2014-08-02T11:00:35","date_gmt":"2014-08-02T14:00:35","guid":{"rendered":"https:\/\/cachoeiradoc.com.br\/2014\/?page_id=111"},"modified":"2014-08-03T18:07:14","modified_gmt":"2014-08-03T21:07:14","slug":"homem-comum","status":"publish","type":"page","link":"https:\/\/cachoeiradoc.com.br\/2014\/?page_id=111","title":{"rendered":"Homem Comum"},"content":{"rendered":"<div class=\"panel-grid\" id=\"pg-111-0\"><div class=\"panel-grid-core\"><div class=\"panel-grid-cell\" id=\"pgc-111-0-0\" ><p style=\"text-align: justify;\">S\u00e3o Paulo, 2014, 103\u2019<br \/>De Carlos Nader<\/p>\n<p style=\"text-align: justify;\">O document\u00e1rio parte da mais essencial de todas as perguntas: qual o sentido da vida? A partir da\u00ed, tra\u00e7a uma rela\u00e7\u00e3o inesperada entre cenas dos \u00faltimos 20 anos da vida real de um caminhoneiro paranaense e cenas da obra-prima ficcional dinamarquesa de Carl Dreyer \u2018A Palavra\u2019 (Ordet), considerado um dos 25 melhores filmes de todos os tempos.<\/p>\n<p><iframe src=\"\/\/www.youtube.com\/embed\/h4nKyDiZxrI\" height=\"315\" width=\"560\" allowfullscreen=\"\" frameborder=\"0\"><\/iframe><\/p>\n<p>carlosnader@gmail.com<\/p><\/div><\/div><\/div>","protected":false},"excerpt":{"rendered":"<p>S\u00e3o Paulo, 2014, 103\u2019De Carlos Nader O document\u00e1rio parte da mais essencial de todas as perguntas: qual o sentido da vida? A partir da\u00ed, tra\u00e7a uma rela\u00e7\u00e3o inesperada entre cenas dos \u00faltimos 20 anos da vida real de um caminhoneiro paranaense e cenas da obra-prima ficcional dinamarquesa de Carl Dreyer \u2018A Palavra\u2019 (Ordet), considerado um [&hellip;]<\/p>\n","protected":false},"author":1,"featured_media":0,"parent":250,"menu_order":0,"comment_status":"closed","ping_status":"closed","template":"","meta":[],"categories":[],"tags":[],"_links":{"self":[{"href":"https:\/\/cachoeiradoc.com.br\/2014\/index.php?rest_route=\/wp\/v2\/pages\/111"}],"collection":[{"href":"https:\/\/cachoeiradoc.com.br\/2014\/index.php?rest_route=\/wp\/v2\/pages"}],"about":[{"href":"https:\/\/cachoeiradoc.com.br\/2014\/index.php?rest_route=\/wp\/v2\/types\/page"}],"author":[{"embeddable":true,"href":"https:\/\/cachoeiradoc.com.br\/2014\/index.php?rest_route=\/wp\/v2\/users\/1"}],"replies":[{"embeddable":true,"href":"https:\/\/cachoeiradoc.com.br\/2014\/index.php?rest_route=%2Fwp%2Fv2%2Fcomments&post=111"}],"version-history":[{"count":6,"href":"https:\/\/cachoeiradoc.com.br\/2014\/index.php?rest_route=\/wp\/v2\/pages\/111\/revisions"}],"predecessor-version":[{"id":10100,"href":"https:\/\/cachoeiradoc.com.br\/2014\/index.php?rest_route=\/wp\/v2\/pages\/111\/revisions\/10100"}],"up":[{"embeddable":true,"href":"https:\/\/cachoeiradoc.com.br\/2014\/index.php?rest_route=\/wp\/v2\/pages\/250"}],"wp:attachment":[{"href":"https:\/\/cachoeiradoc.com.br\/2014\/index.php?rest_route=%2Fwp%2Fv2%2Fmedia&parent=111"}],"wp:term":[{"taxonomy":"category","embeddable":true,"href":"https:\/\/cachoeiradoc.com.br\/2014\/index.php?rest_route=%2Fwp%2Fv2%2Fcategories&post=111"},{"taxonomy":"post_tag","embeddable":true,"href":"https:\/\/cachoeiradoc.com.br\/2014\/index.php?rest_route=%2Fwp%2Fv2%2Ftags&post=111"}],"curies":[{"name":"wp","href":"https:\/\/api.w.org\/{rel}","templated":true}]}}