{"id":10393,"date":"2014-08-23T10:11:00","date_gmt":"2014-08-23T13:11:00","guid":{"rendered":"https:\/\/cachoeiradoc.com.br\/2014\/?page_id=10393"},"modified":"2014-09-02T11:02:45","modified_gmt":"2014-09-02T14:02:45","slug":"oficinas","status":"publish","type":"page","link":"https:\/\/cachoeiradoc.com.br\/2014\/?page_id=10393","title":{"rendered":"Oficinas"},"content":{"rendered":"<div class=\"panel-grid\" id=\"pg-10393-0\"><div class=\"panel-grid-core\"><div class=\"panel-grid-cell\" id=\"pgc-10393-0-0\" ><p style=\"text-align: justify;\"><a href=\"https:\/\/cachoeiradoc.com.br\/2014\/?page_id=10162http:\/\/\"><b>A F\u00c1BULA NO DOCUMENT\u00c1RIO<br \/><\/b><\/a><i>Com <\/i><i>Larissa Figueiredo e Rafael Urban <br \/><\/i>De 2 a 5 de setembro, das 9h \u00e0s 13h<\/p>\n<p style=\"text-align: justify;\">\u00a0A oficina vai discutir os aspectos, motiva\u00e7\u00f5es e pontos de vista que movem cada realizador a desenvolver seus trabalhos audiovisuais. A realiza\u00e7\u00e3o de exerc\u00edcios pr\u00e1ticos que conjugam document\u00e1rio e fabula\u00e7\u00e3o buscar\u00e3o desenvolver o olhar autoral dos participantes em seus projetos. <i>Carga hor\u00e1ria: 16h.<\/i><\/p>\n<p style=\"text-align: justify;\">\u00a0<\/p>\n<p style=\"text-align: justify;\"><b>OFICINA DE WEBDOCUMENT\u00c1RIO<br \/><\/b><i>Com Evandro Freitas e Thiago Logasa <br \/><\/i>De 2 a 5 de setembro, das 9h \u00e0s 12h<\/p>\n<p style=\"text-align: justify;\">\u00a0A oficina promove uma introdu\u00e7\u00e3o \u00e1 linguagem audiovisual e o pensamento cr\u00edtico em rela\u00e7\u00e3o \u00e0s novas formas de converg\u00eancias midi\u00e1ticas, apontando para um ou outro horizonte, a intera\u00e7\u00e3o de linguagens na rela\u00e7\u00e3o entre obra e plataforma. O curso se divide em duas etapas: 1) a linguagem audiovisual e seus meios de recep\u00e7\u00e3o; 2) a produ\u00e7\u00e3o de curtas-metragens documentais para Web. Desta forma, apresenta as principais correntes de pensamento em rela\u00e7\u00e3o ao Web document\u00e1rio e promove uma incurs\u00e3o no processo de produ\u00e7\u00e3o do mesmo, compreendendo empiricamente estas novas formas e formatos de cria\u00e7\u00e3o de conte\u00fados audiovisuais. <i>Carga hor\u00e1ria: 12h<\/i>.<\/p>\n<p style=\"text-align: justify;\">\u00a0<\/p>\n<p style=\"text-align: justify;\"><b>OFICINA<\/b><b> PR\u00c9-LAB - COMERCIALIZA\u00c7\u00c3O DE PRODUTOS PARA TV PAGA<br \/><\/b><i>Com <\/i><i>Let\u00edcia Friedrich <br \/><\/i>Dias 5, das 14h \u00e0s 18h, e 6 de setembro, das 9h \u00e0s 18h<\/p>\n<p style=\"text-align: justify;\">\u00a0O pr\u00e9-lab \u00e9 uma atividade que se divide em dois momentos: no primeiro, com a realiza\u00e7\u00e3o de um <a href=\"https:\/\/cachoeiradoc.com.br\/2014\/?page_id=10250\">workshop<\/a> sobre comercializa\u00e7\u00e3o de produtos para TV paga; e, no segundo, com a promo\u00e7\u00e3o de um espa\u00e7o de <a href=\"https:\/\/cachoeiradoc.com.br\/2014\/?page_id=10253\">consultorias<\/a> especializadas, voltadas para discuss\u00e3o e avalia\u00e7\u00e3o de produtos documentais para televis\u00e3o que estejam em fase de desenvolvimento. Realizado em parceria com o CachoeiraDoc, o pr\u00e9-lab integra o Nordeste.Lab - projeto que busca promover o incremento de uma rede de produtores\/distribuidores\/exibidores a partir do est\u00edmulo ao fortalecimento de produtoras independentes sediadas na regi\u00e3o Nordeste e que \u00e9 realizado pelo Laborat\u00f3rio Audiovisual.<b> <\/b><i>Carga Hor\u00e1ria: 12h<\/i>.<\/p><\/div><\/div><\/div>","protected":false},"excerpt":{"rendered":"<p>A F\u00c1BULA NO DOCUMENT\u00c1RIOCom Larissa Figueiredo e Rafael Urban De 2 a 5 de setembro, das 9h \u00e0s 13h \u00a0A oficina vai discutir os aspectos, motiva\u00e7\u00f5es e pontos de vista que movem cada realizador a desenvolver seus trabalhos audiovisuais. A realiza\u00e7\u00e3o de exerc\u00edcios pr\u00e1ticos que conjugam document\u00e1rio e fabula\u00e7\u00e3o buscar\u00e3o desenvolver o olhar autoral dos [&hellip;]<\/p>\n","protected":false},"author":1,"featured_media":0,"parent":0,"menu_order":0,"comment_status":"closed","ping_status":"closed","template":"","meta":[],"categories":[],"tags":[],"_links":{"self":[{"href":"https:\/\/cachoeiradoc.com.br\/2014\/index.php?rest_route=\/wp\/v2\/pages\/10393"}],"collection":[{"href":"https:\/\/cachoeiradoc.com.br\/2014\/index.php?rest_route=\/wp\/v2\/pages"}],"about":[{"href":"https:\/\/cachoeiradoc.com.br\/2014\/index.php?rest_route=\/wp\/v2\/types\/page"}],"author":[{"embeddable":true,"href":"https:\/\/cachoeiradoc.com.br\/2014\/index.php?rest_route=\/wp\/v2\/users\/1"}],"replies":[{"embeddable":true,"href":"https:\/\/cachoeiradoc.com.br\/2014\/index.php?rest_route=%2Fwp%2Fv2%2Fcomments&post=10393"}],"version-history":[{"count":3,"href":"https:\/\/cachoeiradoc.com.br\/2014\/index.php?rest_route=\/wp\/v2\/pages\/10393\/revisions"}],"predecessor-version":[{"id":10453,"href":"https:\/\/cachoeiradoc.com.br\/2014\/index.php?rest_route=\/wp\/v2\/pages\/10393\/revisions\/10453"}],"wp:attachment":[{"href":"https:\/\/cachoeiradoc.com.br\/2014\/index.php?rest_route=%2Fwp%2Fv2%2Fmedia&parent=10393"}],"wp:term":[{"taxonomy":"category","embeddable":true,"href":"https:\/\/cachoeiradoc.com.br\/2014\/index.php?rest_route=%2Fwp%2Fv2%2Fcategories&post=10393"},{"taxonomy":"post_tag","embeddable":true,"href":"https:\/\/cachoeiradoc.com.br\/2014\/index.php?rest_route=%2Fwp%2Fv2%2Ftags&post=10393"}],"curies":[{"name":"wp","href":"https:\/\/api.w.org\/{rel}","templated":true}]}}