{"id":10318,"date":"2014-08-19T22:42:18","date_gmt":"2014-08-20T01:42:18","guid":{"rendered":"https:\/\/cachoeiradoc.com.br\/2014\/?page_id=10318"},"modified":"2014-08-22T21:52:35","modified_gmt":"2014-08-23T00:52:35","slug":"sem-titulos","status":"publish","type":"page","link":"https:\/\/cachoeiradoc.com.br\/2014\/?page_id=10318","title":{"rendered":"Sem t\u00edtulos"},"content":{"rendered":"<div class=\"panel-grid\" id=\"pg-10318-0\"><div class=\"panel-grid-core\"><div class=\"panel-grid-cell\" id=\"pgc-10318-0-0\" ><p><i>Bahia, 2013, 3\u2019<br \/><\/i><span style=\"font-size: 14px; line-height: 1.5em;\">De Let\u00edcia Ribeiro e Ronne Portela<br \/><\/span>Dia 03\/09, \u00e0s 10h<\/p>\n<p>Banheiros p\u00fablicos e o binarismo de g\u00eanero: Masculino ou Feminino, onde voc\u00ea se enquadra?<\/p><\/div><\/div><\/div>","protected":false},"excerpt":{"rendered":"<p>Bahia, 2013, 3\u2019De Let\u00edcia Ribeiro e Ronne PortelaDia 03\/09, \u00e0s 10h Banheiros p\u00fablicos e o binarismo de g\u00eanero: Masculino ou Feminino, onde voc\u00ea se enquadra?<\/p>\n","protected":false},"author":1,"featured_media":0,"parent":79,"menu_order":0,"comment_status":"closed","ping_status":"closed","template":"","meta":[],"categories":[],"tags":[],"_links":{"self":[{"href":"https:\/\/cachoeiradoc.com.br\/2014\/index.php?rest_route=\/wp\/v2\/pages\/10318"}],"collection":[{"href":"https:\/\/cachoeiradoc.com.br\/2014\/index.php?rest_route=\/wp\/v2\/pages"}],"about":[{"href":"https:\/\/cachoeiradoc.com.br\/2014\/index.php?rest_route=\/wp\/v2\/types\/page"}],"author":[{"embeddable":true,"href":"https:\/\/cachoeiradoc.com.br\/2014\/index.php?rest_route=\/wp\/v2\/users\/1"}],"replies":[{"embeddable":true,"href":"https:\/\/cachoeiradoc.com.br\/2014\/index.php?rest_route=%2Fwp%2Fv2%2Fcomments&post=10318"}],"version-history":[{"count":2,"href":"https:\/\/cachoeiradoc.com.br\/2014\/index.php?rest_route=\/wp\/v2\/pages\/10318\/revisions"}],"predecessor-version":[{"id":10320,"href":"https:\/\/cachoeiradoc.com.br\/2014\/index.php?rest_route=\/wp\/v2\/pages\/10318\/revisions\/10320"}],"up":[{"embeddable":true,"href":"https:\/\/cachoeiradoc.com.br\/2014\/index.php?rest_route=\/wp\/v2\/pages\/79"}],"wp:attachment":[{"href":"https:\/\/cachoeiradoc.com.br\/2014\/index.php?rest_route=%2Fwp%2Fv2%2Fmedia&parent=10318"}],"wp:term":[{"taxonomy":"category","embeddable":true,"href":"https:\/\/cachoeiradoc.com.br\/2014\/index.php?rest_route=%2Fwp%2Fv2%2Fcategories&post=10318"},{"taxonomy":"post_tag","embeddable":true,"href":"https:\/\/cachoeiradoc.com.br\/2014\/index.php?rest_route=%2Fwp%2Fv2%2Ftags&post=10318"}],"curies":[{"name":"wp","href":"https:\/\/api.w.org\/{rel}","templated":true}]}}